{"id":36529,"date":"2026-02-27T00:34:50","date_gmt":"2026-02-27T00:34:50","guid":{"rendered":"https:\/\/nordicmart.andreevmaster.com\/product\/smoby-little-walker-3-in-1-interaktiivinen-tyontoleikkikarry\/"},"modified":"2026-02-27T09:52:30","modified_gmt":"2026-02-27T09:52:30","slug":"smoby-little-walker-3-in-1-interaktiivinen-tyontoleikkikarry","status":"publish","type":"product","link":"https:\/\/nordicmart.andreevmaster.com\/fi\/tuote\/smoby-little-walker-3-in-1-interaktiivinen-tyontoleikkikarry\/","title":{"rendered":"SMOBY Little Walker 3-in-1 interaktiivinen ty\u00f6nt\u00f6leikkik\u00e4rry"},"content":{"rendered":"<p>Little Smoby -sarja on luotu pienimmille lapsille. Sarjaan kuuluu monia leluja \u2013 autotalleja, ajettavia leluja, lelukeitti\u00f6it\u00e4 ja pieni\u00e4 leluja. Kaikki on koristeltu pastelliv\u00e4reill\u00e4. N\u00e4m\u00e4 ovat lasten rakastamia leluja \u2013 t\u00e4ysin uudessa versiossa.Ominaisuudet:<\/p>\n<p>* &#8211; 3-in-1-lelu \u2013 ty\u00f6nt\u00f6leikki, nukenvaunu ja interaktiivinen taulu,<br \/>\n* &#8211; kehitt\u00e4\u00e4 motorisia taitoja, stimuloi aistien kehityst\u00e4 ja k\u00e4si-silm\u00e4-koordinaatiota,<br \/>\n* &#8211; ergonominen kahva ja turvajarru takaavat vakauden ensimm\u00e4isten askelten ottamisessa,<br \/>\n* &#8211; tukeva rakenne,<br \/>\n* &#8211; pohja 4 suurella py\u00f6r\u00e4ll\u00e4,* &#8211; interaktiivinen taulu on irrotettavissa, jotta lapsi voi kantaa sit\u00e4 mukanaan kaikkialle \u2013 yl\u00e4osassa oleva kahva on suunniteltu pienille k\u00e4sille,<br \/>\n* &#8211; siin\u00e4 on py\u00f6riv\u00e4 silm\u00e4, avaimella avattava aarrearkku, liikkuva peili, py\u00f6riv\u00e4 kukka, liikkuva lepp\u00e4kerttu ja torvi,* &#8211; mahdollistaa sek\u00e4 seisomisen ett\u00e4 istumisen leikin,<br \/>\n* &#8211; liikkuvat osat auttavat kehitt\u00e4m\u00e4\u00e4n lapsen k\u00e4tevyytt\u00e4 ja stimuloivat ensimm\u00e4isi\u00e4 k\u00e4sityksi\u00e4 syy-seuraussuhteista,<br \/>\n* &#8211; py\u00f6ristetyt muodot takaavat turvallisen leikin.<\/p>\n","protected":false},"excerpt":{"rendered":"<p>Little Smoby -sarja on luotu pienimmille lapsille. Sarjaan kuuluu monia leluja \u2013 autotalleja, ajettavia leluja, lelukeitti\u00f6it\u00e4 ja pieni\u00e4 leluja. Kaikki on koristeltu pastelliv\u00e4reill\u00e4. N\u00e4m\u00e4 ovat lasten rakastamia leluja \u2013 t\u00e4ysin uudessa versiossa.Ominaisuudet: * &#8211; 3-in-1-lelu \u2013 ty\u00f6nt\u00f6leikki, nukenvaunu ja interaktiivinen taulu, * &#8211; kehitt\u00e4\u00e4 motorisia taitoja, stimuloi aistien kehityst\u00e4 ja k\u00e4si-silm\u00e4-koordinaatiota, * &#8211; ergonominen kahva [&hellip;]<\/p>\n","protected":false},"featured_media":0,"comment_status":"open","ping_status":"closed","template":"","meta":[],"product_brand":[],"product_cat":[32],"product_tag":[],"class_list":{"0":"post-36529","1":"product","2":"type-product","3":"status-publish","5":"product_cat-uncategorized-fi","7":"first","8":"instock","9":"shipping-taxable","10":"purchasable","11":"product-type-simple"},"_links":{"self":[{"href":"https:\/\/nordicmart.andreevmaster.com\/fi\/wp-json\/wp\/v2\/product\/36529","targetHints":{"allow":["GET"]}}],"collection":[{"href":"https:\/\/nordicmart.andreevmaster.com\/fi\/wp-json\/wp\/v2\/product"}],"about":[{"href":"https:\/\/nordicmart.andreevmaster.com\/fi\/wp-json\/wp\/v2\/types\/product"}],"replies":[{"embeddable":true,"href":"https:\/\/nordicmart.andreevmaster.com\/fi\/wp-json\/wp\/v2\/comments?post=36529"}],"wp:attachment":[{"href":"https:\/\/nordicmart.andreevmaster.com\/fi\/wp-json\/wp\/v2\/media?parent=36529"}],"wp:term":[{"taxonomy":"product_brand","embeddable":true,"href":"https:\/\/nordicmart.andreevmaster.com\/fi\/wp-json\/wp\/v2\/product_brand?post=36529"},{"taxonomy":"product_cat","embeddable":true,"href":"https:\/\/nordicmart.andreevmaster.com\/fi\/wp-json\/wp\/v2\/product_cat?post=36529"},{"taxonomy":"product_tag","embeddable":true,"href":"https:\/\/nordicmart.andreevmaster.com\/fi\/wp-json\/wp\/v2\/product_tag?post=36529"}],"curies":[{"name":"wp","href":"https:\/\/api.w.org\/{rel}","templated":true}]}}