{"id":36528,"date":"2026-02-27T00:34:50","date_gmt":"2026-02-27T00:34:50","guid":{"rendered":"https:\/\/nordicmart.andreevmaster.com\/product\/smoby-pieni-interaktiivinen-oppimispoyta\/"},"modified":"2026-02-27T09:52:30","modified_gmt":"2026-02-27T09:52:30","slug":"smoby-pieni-interaktiivinen-oppimispoyta","status":"publish","type":"product","link":"https:\/\/nordicmart.andreevmaster.com\/fi\/tuote\/smoby-pieni-interaktiivinen-oppimispoyta\/","title":{"rendered":"SMOBY Pieni interaktiivinen oppimisp\u00f6yt\u00e4"},"content":{"rendered":"<p>Little Smoby -sarja on luotu pienimmille lapsille. T\u00e4\u00e4lt\u00e4 l\u00f6yd\u00e4t monia leluja \u2013 autotalleja, ajettavia leluja, keitti\u00f6it\u00e4 ja pieni\u00e4 leluja. Kaikki on pastelliv\u00e4reiss\u00e4. N\u00e4m\u00e4 ovat lasten rakastamia leluja \u2013 t\u00e4ysin uudessa versiossa.Ominaisuudet:<\/p>\n<p>* &#8211; interaktiivinen p\u00f6yt\u00e4, jossa on monia leikkivaihtoehtoja,<br \/>\n* &#8211; kehitt\u00e4\u00e4 motorisia taitoja leikin kautta,<br \/>\n* &#8211; sis\u00e4lt\u00e4\u00e4 monia leikki\u00e4 tukevia toimintoja \u2013 muottilajittelija, pallorata, helmitaulu, torvet ja py\u00f6riv\u00e4 peili,<br \/>\n* &#8211; sarjaan kuuluu my\u00f6s pallojen heitt\u00e4miseen tarkoitettu katapultti, joka auttaa harjoittamaan pienimpienkin lasten motorisia taitoja.<\/p>\n","protected":false},"excerpt":{"rendered":"<p>Little Smoby -sarja on luotu pienimmille lapsille. T\u00e4\u00e4lt\u00e4 l\u00f6yd\u00e4t monia leluja \u2013 autotalleja, ajettavia leluja, keitti\u00f6it\u00e4 ja pieni\u00e4 leluja. Kaikki on pastelliv\u00e4reiss\u00e4. N\u00e4m\u00e4 ovat lasten rakastamia leluja \u2013 t\u00e4ysin uudessa versiossa.Ominaisuudet: * &#8211; interaktiivinen p\u00f6yt\u00e4, jossa on monia leikkivaihtoehtoja, * &#8211; kehitt\u00e4\u00e4 motorisia taitoja leikin kautta, * &#8211; sis\u00e4lt\u00e4\u00e4 monia leikki\u00e4 tukevia toimintoja \u2013 muottilajittelija, [&hellip;]<\/p>\n","protected":false},"featured_media":0,"comment_status":"open","ping_status":"closed","template":"","meta":[],"product_brand":[],"product_cat":[32],"product_tag":[],"class_list":{"0":"post-36528","1":"product","2":"type-product","3":"status-publish","5":"product_cat-uncategorized-fi","7":"first","8":"instock","9":"shipping-taxable","10":"purchasable","11":"product-type-simple"},"_links":{"self":[{"href":"https:\/\/nordicmart.andreevmaster.com\/fi\/wp-json\/wp\/v2\/product\/36528","targetHints":{"allow":["GET"]}}],"collection":[{"href":"https:\/\/nordicmart.andreevmaster.com\/fi\/wp-json\/wp\/v2\/product"}],"about":[{"href":"https:\/\/nordicmart.andreevmaster.com\/fi\/wp-json\/wp\/v2\/types\/product"}],"replies":[{"embeddable":true,"href":"https:\/\/nordicmart.andreevmaster.com\/fi\/wp-json\/wp\/v2\/comments?post=36528"}],"wp:attachment":[{"href":"https:\/\/nordicmart.andreevmaster.com\/fi\/wp-json\/wp\/v2\/media?parent=36528"}],"wp:term":[{"taxonomy":"product_brand","embeddable":true,"href":"https:\/\/nordicmart.andreevmaster.com\/fi\/wp-json\/wp\/v2\/product_brand?post=36528"},{"taxonomy":"product_cat","embeddable":true,"href":"https:\/\/nordicmart.andreevmaster.com\/fi\/wp-json\/wp\/v2\/product_cat?post=36528"},{"taxonomy":"product_tag","embeddable":true,"href":"https:\/\/nordicmart.andreevmaster.com\/fi\/wp-json\/wp\/v2\/product_tag?post=36528"}],"curies":[{"name":"wp","href":"https:\/\/api.w.org\/{rel}","templated":true}]}}