{"id":36526,"date":"2026-02-27T00:34:49","date_gmt":"2026-02-27T00:34:49","guid":{"rendered":"https:\/\/nordicmart.andreevmaster.com\/product\/feber-kaksipuolinen-lapinakyva-piirustustaulu-artfun-board\/"},"modified":"2026-02-27T09:52:30","modified_gmt":"2026-02-27T09:52:30","slug":"feber-kaksipuolinen-lapinakyva-piirustustaulu-artfun-board","status":"publish","type":"product","link":"https:\/\/nordicmart.andreevmaster.com\/fi\/tuote\/feber-kaksipuolinen-lapinakyva-piirustustaulu-artfun-board\/","title":{"rendered":"FEBER Kaksipuolinen l\u00e4pin\u00e4kyv\u00e4 piirustustaulu Art&amp;Fun Board"},"content":{"rendered":"<p>Tunnettujen FEBER-tuotemerkin kaksipuolinen l\u00e4pin\u00e4kyv\u00e4 Art&amp;Fun Board on l\u00e4pin\u00e4kyv\u00e4 ja taiteellinen taulu, jota voi k\u00e4ytt\u00e4\u00e4 molemmin puolin. Sen mukana tulee tarroja, joita voi sijoittaa mihin tahansa taululle ja antaa sille henkil\u00f6kohtaisen ilmeen. Tauluun kuuluu erityisi\u00e4 liitoksia, joiden avulla voit sijoittaa mukana tulevat mallit tai omat piirustuksesi taululle. Taulua voi k\u00e4ytt\u00e4\u00e4 my\u00f6s ilman malleja.T\u00e4m\u00e4n luovan ty\u00f6kalun avulla lapsesi voivat ilmaista mielikuvitustaan ja kehitt\u00e4\u00e4 k\u00e4dentaitojaan. Ominaisuudet: * Kaksi tussikyn\u00e4\u00e4 luovaan piirt\u00e4miseen. * Tarjotin tussikynien tai muiden piirtov\u00e4lineiden s\u00e4ilytt\u00e4miseen. * Sopii sek\u00e4 sis\u00e4- ett\u00e4 ulkok\u00e4ytt\u00f6\u00f6n. * Auttaa kehitt\u00e4m\u00e4\u00e4n kognitiivisia ja motorisia taitoja sek\u00e4 rohkaisee roolileikkeihin. * Suunniteltu 3-vuotiaille ja sit\u00e4 vanhemmille lapsille.<\/p>\n","protected":false},"excerpt":{"rendered":"<p>Tunnettujen FEBER-tuotemerkin kaksipuolinen l\u00e4pin\u00e4kyv\u00e4 Art&amp;Fun Board on l\u00e4pin\u00e4kyv\u00e4 ja taiteellinen taulu, jota voi k\u00e4ytt\u00e4\u00e4 molemmin puolin. Sen mukana tulee tarroja, joita voi sijoittaa mihin tahansa taululle ja antaa sille henkil\u00f6kohtaisen ilmeen. Tauluun kuuluu erityisi\u00e4 liitoksia, joiden avulla voit sijoittaa mukana tulevat mallit tai omat piirustuksesi taululle. Taulua voi k\u00e4ytt\u00e4\u00e4 my\u00f6s ilman malleja.T\u00e4m\u00e4n luovan ty\u00f6kalun avulla [&hellip;]<\/p>\n","protected":false},"featured_media":0,"comment_status":"open","ping_status":"closed","template":"","meta":[],"product_brand":[],"product_cat":[32],"product_tag":[],"class_list":{"0":"post-36526","1":"product","2":"type-product","3":"status-publish","5":"product_cat-uncategorized-fi","7":"first","8":"instock","9":"shipping-taxable","10":"purchasable","11":"product-type-simple"},"_links":{"self":[{"href":"https:\/\/nordicmart.andreevmaster.com\/fi\/wp-json\/wp\/v2\/product\/36526","targetHints":{"allow":["GET"]}}],"collection":[{"href":"https:\/\/nordicmart.andreevmaster.com\/fi\/wp-json\/wp\/v2\/product"}],"about":[{"href":"https:\/\/nordicmart.andreevmaster.com\/fi\/wp-json\/wp\/v2\/types\/product"}],"replies":[{"embeddable":true,"href":"https:\/\/nordicmart.andreevmaster.com\/fi\/wp-json\/wp\/v2\/comments?post=36526"}],"wp:attachment":[{"href":"https:\/\/nordicmart.andreevmaster.com\/fi\/wp-json\/wp\/v2\/media?parent=36526"}],"wp:term":[{"taxonomy":"product_brand","embeddable":true,"href":"https:\/\/nordicmart.andreevmaster.com\/fi\/wp-json\/wp\/v2\/product_brand?post=36526"},{"taxonomy":"product_cat","embeddable":true,"href":"https:\/\/nordicmart.andreevmaster.com\/fi\/wp-json\/wp\/v2\/product_cat?post=36526"},{"taxonomy":"product_tag","embeddable":true,"href":"https:\/\/nordicmart.andreevmaster.com\/fi\/wp-json\/wp\/v2\/product_tag?post=36526"}],"curies":[{"name":"wp","href":"https:\/\/api.w.org\/{rel}","templated":true}]}}