{"id":36525,"date":"2026-02-27T00:34:49","date_gmt":"2026-02-27T00:34:49","guid":{"rendered":"https:\/\/nordicmart.andreevmaster.com\/product\/feber-activity-house-monitoiminen-6-in-1-leikkimokki-jossa-mukana-peleja\/"},"modified":"2026-02-27T09:52:30","modified_gmt":"2026-02-27T09:52:30","slug":"feber-activity-house-monitoiminen-6-in-1-leikkimokki-jossa-mukana-peleja","status":"publish","type":"product","link":"https:\/\/nordicmart.andreevmaster.com\/fi\/tuote\/feber-activity-house-monitoiminen-6-in-1-leikkimokki-jossa-mukana-peleja\/","title":{"rendered":"FEBER Activity House Monitoiminen 6-in-1-leikkim\u00f6kki, jossa mukana pelej\u00e4"},"content":{"rendered":"<p>FEBER Activity House Monitoiminen 6-in-1-leikkim\u00f6kki, jossa mukana pelej\u00e4, on ensimm\u00e4inen leikkim\u00f6kki, jossa on mukana 6 peli\u00e4, joten lapsesi ei koskaan kyll\u00e4sty! Sarja sis\u00e4lt\u00e4\u00e4 pelej\u00e4, kuten keilailua, mailapelej\u00e4, jalkapalloa, koripalloa (s\u00e4\u00e4dett\u00e4v\u00e4ll\u00e4 korirenkaalla) ja tarranauhalla kiinnitett\u00e4v\u00e4n pallokohteen. Kun leikkiaika on ohi, kaikki voidaan laittaa pois eik\u00e4 j\u00e4lki\u00e4 j\u00e4\u00e4! Leikkim\u00f6kki on tukevasti rakennettu ja eritt\u00e4in helppo koota. Lis\u00e4ksi se on varustettu UV-suojaj\u00e4rjestelm\u00e4ll\u00e4, joka est\u00e4\u00e4 v\u00e4rien haalistumisen. Suunniteltu yli 3-vuotiaille lapsille. Ominaisuudet: * &#8211; tarkoitettu yli 3-vuotiaille lapsille * &#8211; sarja sis\u00e4lt\u00e4\u00e4 pelej\u00e4: koripallo, jalkapallo, tarranauhapallotavoitteet, mailapelit,<br \/>\n* &#8211; varustettu UV-suojaj\u00e4rjestelm\u00e4ll\u00e4, joka est\u00e4\u00e4 v\u00e4rien haalistumisen,<br \/>\n* &#8211; vankka rakenne, valmistettu korkealaatuisista materiaaleista,<br \/>\n* &#8211; helppo koota,<br \/>\n* &#8211; talo voidaan taittaa kokoon, jotta se on helppo s\u00e4ilytt\u00e4\u00e4.<\/p>\n<p>Lelu:<\/p>\n<p>* &#8211; kehitt\u00e4\u00e4 lapsen luovuutta ja mielikuvitusta,<br \/>\n* &#8211; opettaa tiimity\u00f6skentely\u00e4,<br \/>\n* &#8211; opettaa jakamistaitoja,<br \/>\n* &#8211; kannustaa lapsia liikkumaan.<\/p>\n<p>Tied\u00e4tk\u00f6, miksi FEBER tuo niin paljon iloa lapsille? &#8221;Koska olemme 50 vuoden ajan leikkineet kuin lapset ja suunnitelleet parhaita leluja&#8221;, sanoo FEBER.<\/p>\n<p>FEBER-leluihin kuuluvat: puutarhalelut, keinut, leikkikent\u00e4t, liukum\u00e4et ja vesiliukum\u00e4et, kolmipy\u00f6r\u00e4t ja monet muut. FEBER-lelut ovat AENOR ISO 9001-, ISO 14001- ja OSHAS18001-sertifioituja, mik\u00e4 todistaa lelujen valmistukseen liittyvien prosessien erinomaisuuden ja laadun: suunnittelusta ja tuotannosta huoltoon.<\/p>\n","protected":false},"excerpt":{"rendered":"<p>FEBER Activity House Monitoiminen 6-in-1-leikkim\u00f6kki, jossa mukana pelej\u00e4, on ensimm\u00e4inen leikkim\u00f6kki, jossa on mukana 6 peli\u00e4, joten lapsesi ei koskaan kyll\u00e4sty! Sarja sis\u00e4lt\u00e4\u00e4 pelej\u00e4, kuten keilailua, mailapelej\u00e4, jalkapalloa, koripalloa (s\u00e4\u00e4dett\u00e4v\u00e4ll\u00e4 korirenkaalla) ja tarranauhalla kiinnitett\u00e4v\u00e4n pallokohteen. Kun leikkiaika on ohi, kaikki voidaan laittaa pois eik\u00e4 j\u00e4lki\u00e4 j\u00e4\u00e4! Leikkim\u00f6kki on tukevasti rakennettu ja eritt\u00e4in helppo koota. Lis\u00e4ksi [&hellip;]<\/p>\n","protected":false},"featured_media":0,"comment_status":"open","ping_status":"closed","template":"","meta":[],"product_brand":[],"product_cat":[32],"product_tag":[],"class_list":{"0":"post-36525","1":"product","2":"type-product","3":"status-publish","5":"product_cat-uncategorized-fi","7":"first","8":"instock","9":"shipping-taxable","10":"purchasable","11":"product-type-simple"},"_links":{"self":[{"href":"https:\/\/nordicmart.andreevmaster.com\/fi\/wp-json\/wp\/v2\/product\/36525","targetHints":{"allow":["GET"]}}],"collection":[{"href":"https:\/\/nordicmart.andreevmaster.com\/fi\/wp-json\/wp\/v2\/product"}],"about":[{"href":"https:\/\/nordicmart.andreevmaster.com\/fi\/wp-json\/wp\/v2\/types\/product"}],"replies":[{"embeddable":true,"href":"https:\/\/nordicmart.andreevmaster.com\/fi\/wp-json\/wp\/v2\/comments?post=36525"}],"wp:attachment":[{"href":"https:\/\/nordicmart.andreevmaster.com\/fi\/wp-json\/wp\/v2\/media?parent=36525"}],"wp:term":[{"taxonomy":"product_brand","embeddable":true,"href":"https:\/\/nordicmart.andreevmaster.com\/fi\/wp-json\/wp\/v2\/product_brand?post=36525"},{"taxonomy":"product_cat","embeddable":true,"href":"https:\/\/nordicmart.andreevmaster.com\/fi\/wp-json\/wp\/v2\/product_cat?post=36525"},{"taxonomy":"product_tag","embeddable":true,"href":"https:\/\/nordicmart.andreevmaster.com\/fi\/wp-json\/wp\/v2\/product_tag?post=36525"}],"curies":[{"name":"wp","href":"https:\/\/api.w.org\/{rel}","templated":true}]}}