{"id":36524,"date":"2026-02-27T00:34:49","date_gmt":"2026-02-27T00:34:49","guid":{"rendered":"https:\/\/nordicmart.andreevmaster.com\/product\/feber-super-villa-puutarhaleikkimokki-poydalla-ja-tuoleilla-suuri\/"},"modified":"2026-02-27T09:52:29","modified_gmt":"2026-02-27T09:52:29","slug":"feber-super-villa-puutarhaleikkimokki-poydalla-ja-tuoleilla-suuri","status":"publish","type":"product","link":"https:\/\/nordicmart.andreevmaster.com\/fi\/tuote\/feber-super-villa-puutarhaleikkimokki-poydalla-ja-tuoleilla-suuri\/","title":{"rendered":"FEBER Super Villa -puutarhaleikkim\u00f6kki p\u00f6yd\u00e4ll\u00e4 ja tuoleilla, suuri"},"content":{"rendered":"<p>Feberin Super Villa -leikkim\u00f6kki on suurin ja hauskin leikkim\u00f6kki, jossa on suuri sis\u00e4tila leikkimist\u00e4 varten kahdella korkeudella. Sis\u00e4\u00e4nk\u00e4ynnin ovessa on postilaatikkona toimiva aukko ja ovikello. Talon sein\u00e4t on koristeltu tiili- ja kukkakuvioilla. Leikkim\u00f6kiss\u00e4 on my\u00f6s p\u00f6yt\u00e4 ja kaksi penkki\u00e4 istumista varten. Koko m\u00f6kki on valmistettu v\u00e4rikk\u00e4\u00e4st\u00e4 muovista, joka kest\u00e4\u00e4 auringonvaloa ja l\u00e4mp\u00f6tilan vaihteluita. Feber Super Villa -leikkim\u00f6kki on eritt\u00e4in helppo koota.Ominaisuudet:<\/p>\n<p>* &#8211; ovikello,<br \/>\n* &#8211; sopii 3-vuotiaille ja sit\u00e4 vanhemmille lapsille,<br \/>\n* &#8211; puolikas ovi, jossa on kirjekuori,<br \/>\n* &#8211; p\u00f6yt\u00e4 ja kaksi penkki\u00e4 istumista varten,<br \/>\n* &#8211; ikkunat, joissa on avattavat ikkunaluukut,<br \/>\n* &#8211; valoisa ja eritt\u00e4in tilava sis\u00e4tila leikkimist\u00e4 varten,<br \/>\n* &#8211; UV-suojapinnoite,<br \/>\n* &#8211; eritt\u00e4in helppo koota. Tied\u00e4tk\u00f6, miksi FEBER tuo niin paljon iloa lapsille? &#8221;Koska olemme 50 vuoden ajan leikkineet kuin lapset ja suunnitelleet parhaita leluja&#8221;, sanoo FEBER. FEBER-leluja ovat muun muassa puutarhalelut, keinut, leikkikent\u00e4t, liukum\u00e4et ja vesiliukum\u00e4et, kolmipy\u00f6r\u00e4t ja monet muut. FEBER-lelut ovat AENOR ISO 9001-, ISO 14001- ja OSHAS18001-sertifioituja, mik\u00e4 todistaa lelujen valmistukseen liittyvien prosessien erinomaisuuden ja laadun: suunnittelusta ja tuotannosta huoltoon.<\/p>\n","protected":false},"excerpt":{"rendered":"<p>Feberin Super Villa -leikkim\u00f6kki on suurin ja hauskin leikkim\u00f6kki, jossa on suuri sis\u00e4tila leikkimist\u00e4 varten kahdella korkeudella. Sis\u00e4\u00e4nk\u00e4ynnin ovessa on postilaatikkona toimiva aukko ja ovikello. Talon sein\u00e4t on koristeltu tiili- ja kukkakuvioilla. Leikkim\u00f6kiss\u00e4 on my\u00f6s p\u00f6yt\u00e4 ja kaksi penkki\u00e4 istumista varten. Koko m\u00f6kki on valmistettu v\u00e4rikk\u00e4\u00e4st\u00e4 muovista, joka kest\u00e4\u00e4 auringonvaloa ja l\u00e4mp\u00f6tilan vaihteluita. Feber Super [&hellip;]<\/p>\n","protected":false},"featured_media":0,"comment_status":"open","ping_status":"closed","template":"","meta":[],"product_brand":[],"product_cat":[32],"product_tag":[],"class_list":{"0":"post-36524","1":"product","2":"type-product","3":"status-publish","5":"product_cat-uncategorized-fi","7":"first","8":"instock","9":"shipping-taxable","10":"purchasable","11":"product-type-simple"},"_links":{"self":[{"href":"https:\/\/nordicmart.andreevmaster.com\/fi\/wp-json\/wp\/v2\/product\/36524","targetHints":{"allow":["GET"]}}],"collection":[{"href":"https:\/\/nordicmart.andreevmaster.com\/fi\/wp-json\/wp\/v2\/product"}],"about":[{"href":"https:\/\/nordicmart.andreevmaster.com\/fi\/wp-json\/wp\/v2\/types\/product"}],"replies":[{"embeddable":true,"href":"https:\/\/nordicmart.andreevmaster.com\/fi\/wp-json\/wp\/v2\/comments?post=36524"}],"wp:attachment":[{"href":"https:\/\/nordicmart.andreevmaster.com\/fi\/wp-json\/wp\/v2\/media?parent=36524"}],"wp:term":[{"taxonomy":"product_brand","embeddable":true,"href":"https:\/\/nordicmart.andreevmaster.com\/fi\/wp-json\/wp\/v2\/product_brand?post=36524"},{"taxonomy":"product_cat","embeddable":true,"href":"https:\/\/nordicmart.andreevmaster.com\/fi\/wp-json\/wp\/v2\/product_cat?post=36524"},{"taxonomy":"product_tag","embeddable":true,"href":"https:\/\/nordicmart.andreevmaster.com\/fi\/wp-json\/wp\/v2\/product_tag?post=36524"}],"curies":[{"name":"wp","href":"https:\/\/api.w.org\/{rel}","templated":true}]}}