{"id":36523,"date":"2026-02-27T00:34:49","date_gmt":"2026-02-27T00:34:49","guid":{"rendered":"https:\/\/nordicmart.andreevmaster.com\/product\/big-bobby-car-classic-push-car-2\/"},"modified":"2026-02-27T09:52:29","modified_gmt":"2026-02-27T09:52:29","slug":"big-bobby-car-classic-push-car-2","status":"publish","type":"product","link":"https:\/\/nordicmart.andreevmaster.com\/fi\/tuote\/big-bobby-car-classic-push-car-2\/","title":{"rendered":"BIG Bobby Car Classic Push Car"},"content":{"rendered":"<p>Tunnettu BIG-br\u00e4ndin klassinen ajettava lelu on bestseller ja lasten suosikki ymp\u00e4ri Eurooppaa. Se tarjoaa lapsille paljon hauskaa ja iloa upeiden matkojen aikana. <\/p>\n<p>Bobby Car Classic on eritt\u00e4in vakaa ja ennen kaikkea turvallinen matalan painopisteens\u00e4 ja vahvojen py\u00f6riens\u00e4 ansiosta. Istuin on muotoiltu erityisesti niin, ett\u00e4 lapset voivat ajaa mukavasti samalla kun ty\u00f6nt\u00e4v\u00e4t jaloillaan, kehitt\u00e4en motorisia taitojaan. K\u00e4\u00e4ntyv\u00e4t py\u00f6r\u00e4t takaavat erinomaisen pidon ja ohjattavuuden.<\/p>\n<p>Ominaisuudet:<\/p>\n<p>* &#8211; Universaali punainen v\u00e4ri.<br \/>\n* &#8211; Valmistettu korkealaatuisesta muovista, joka kest\u00e4\u00e4 halkeamia ja naarmuja.<br \/>\n* &#8211; Matalan painopisteen ja vahvojen py\u00f6rien ansiosta ajettava lelu on vakaa.* &#8211; Ajo-lelussa on edess\u00e4 vetokoukku ja edess\u00e4 koukku per\u00e4vaunua varten.<br \/>\n* &#8211; Yhteensopiva muiden myym\u00e4l\u00e4ss\u00e4mme saatavien BIG-lis\u00e4varusteiden kanssa.<br \/>\n* &#8211; Sopii 12 kuukauden ik\u00e4isille lapsille.<\/p>\n<p>BIG kuuluu suureen Simba Dickie Group -konserniin. Tuotevalikoima sis\u00e4lt\u00e4\u00e4 laajan valikoiman innovatiivisia leluja, jotka stimuloivat lasten motorista kehityst\u00e4. BIG-tuotteet tarjoavat monia leikkideoita. Valikoima sis\u00e4lt\u00e4\u00e4 autoja, ajettavissa olevia leluja, keinuleluja, traktoreita, veneit\u00e4, liukum\u00e4ki\u00e4, kelluvia leluja ja hiekkalaatikoita. BIG-lelut ovat eritt\u00e4in korkealaatuisia. Ne valmistetaan Saksassa korkealaatuisista UV-kest\u00e4vist\u00e4 materiaaleista. Lelujemme turvallisuus on taattu ja vahvistettu LGA\/T\u00dcV-testeill\u00e4.<\/p>\n","protected":false},"excerpt":{"rendered":"<p>Tunnettu BIG-br\u00e4ndin klassinen ajettava lelu on bestseller ja lasten suosikki ymp\u00e4ri Eurooppaa. Se tarjoaa lapsille paljon hauskaa ja iloa upeiden matkojen aikana. Bobby Car Classic on eritt\u00e4in vakaa ja ennen kaikkea turvallinen matalan painopisteens\u00e4 ja vahvojen py\u00f6riens\u00e4 ansiosta. Istuin on muotoiltu erityisesti niin, ett\u00e4 lapset voivat ajaa mukavasti samalla kun ty\u00f6nt\u00e4v\u00e4t jaloillaan, kehitt\u00e4en motorisia taitojaan. [&hellip;]<\/p>\n","protected":false},"featured_media":0,"comment_status":"open","ping_status":"closed","template":"","meta":[],"product_brand":[],"product_cat":[32],"product_tag":[],"class_list":{"0":"post-36523","1":"product","2":"type-product","3":"status-publish","5":"product_cat-uncategorized-fi","7":"first","8":"instock","9":"shipping-taxable","10":"purchasable","11":"product-type-simple"},"_links":{"self":[{"href":"https:\/\/nordicmart.andreevmaster.com\/fi\/wp-json\/wp\/v2\/product\/36523","targetHints":{"allow":["GET"]}}],"collection":[{"href":"https:\/\/nordicmart.andreevmaster.com\/fi\/wp-json\/wp\/v2\/product"}],"about":[{"href":"https:\/\/nordicmart.andreevmaster.com\/fi\/wp-json\/wp\/v2\/types\/product"}],"replies":[{"embeddable":true,"href":"https:\/\/nordicmart.andreevmaster.com\/fi\/wp-json\/wp\/v2\/comments?post=36523"}],"wp:attachment":[{"href":"https:\/\/nordicmart.andreevmaster.com\/fi\/wp-json\/wp\/v2\/media?parent=36523"}],"wp:term":[{"taxonomy":"product_brand","embeddable":true,"href":"https:\/\/nordicmart.andreevmaster.com\/fi\/wp-json\/wp\/v2\/product_brand?post=36523"},{"taxonomy":"product_cat","embeddable":true,"href":"https:\/\/nordicmart.andreevmaster.com\/fi\/wp-json\/wp\/v2\/product_cat?post=36523"},{"taxonomy":"product_tag","embeddable":true,"href":"https:\/\/nordicmart.andreevmaster.com\/fi\/wp-json\/wp\/v2\/product_tag?post=36523"}],"curies":[{"name":"wp","href":"https:\/\/api.w.org\/{rel}","templated":true}]}}