{"id":36522,"date":"2026-02-27T00:34:48","date_gmt":"2026-02-27T00:34:48","guid":{"rendered":"https:\/\/nordicmart.andreevmaster.com\/product\/big-bobby-car-punainen-peravaunu\/"},"modified":"2026-02-27T09:52:29","modified_gmt":"2026-02-27T09:52:29","slug":"big-bobby-car-punainen-peravaunu","status":"publish","type":"product","link":"https:\/\/nordicmart.andreevmaster.com\/fi\/tuote\/big-bobby-car-punainen-peravaunu\/","title":{"rendered":"BIG Bobby Car punainen per\u00e4vaunu"},"content":{"rendered":"<p>Lapset rakastavat tutkia maailmaa suosikkileikkikaluillaan BIG. K\u00e4yt\u00e4nn\u00f6llinen punainen per\u00e4vaunu BIG:lt\u00e4 tuo vaihtelua leikkeihin ja ilahduttaa lapsia. Per\u00e4vaunulla voi kuljettaa mit\u00e4 tahansa, mit\u00e4 pieni kuljettaja siihen voi lastata. Nallekarhu, matkalaukku, kukat prinsessalle ja jopa hiekka linnan rakentamiseen mahtuvat helposti per\u00e4vaunuun!<\/p>\n<p>Per\u00e4vaunu sopii seuraaviin ajettavissa oleviin leluille:<\/p>\n<p>* Bobby Car Classic,<br \/>\n* New Bobby Car,<br \/>\n* NEXT Bobby Car,<br \/>\n* Neo Bobby Car,<br \/>\n* Bobby Scooter.<\/p>\n<p>BIG kuuluu suureen Simba Dickie -konserniin. Tuotevalikoima sis\u00e4lt\u00e4\u00e4 laajan valikoiman innovatiivisia leluja, jotka stimuloivat lasten motorista kehityst\u00e4. BIG-tuotteet tarjoavat monia leikkivinkkej\u00e4. Valikoima sis\u00e4lt\u00e4\u00e4 autoja, ajettavissa olevia leluja, keinuleluja, traktoreita, veneit\u00e4, liukum\u00e4ki\u00e4, kelluvia leluja ja hiekkalaatikoita. BIG-lelut ovat eritt\u00e4in korkealaatuisia. Ne valmistetaan Saksassa korkealaatuisista UV-kest\u00e4vist\u00e4 materiaaleista. Lelujemme turvallisuus on taattu ja vahvistettu LGA\/T\u00dcV-testeill\u00e4.<\/p>\n","protected":false},"excerpt":{"rendered":"<p>Lapset rakastavat tutkia maailmaa suosikkileikkikaluillaan BIG. K\u00e4yt\u00e4nn\u00f6llinen punainen per\u00e4vaunu BIG:lt\u00e4 tuo vaihtelua leikkeihin ja ilahduttaa lapsia. Per\u00e4vaunulla voi kuljettaa mit\u00e4 tahansa, mit\u00e4 pieni kuljettaja siihen voi lastata. Nallekarhu, matkalaukku, kukat prinsessalle ja jopa hiekka linnan rakentamiseen mahtuvat helposti per\u00e4vaunuun! Per\u00e4vaunu sopii seuraaviin ajettavissa oleviin leluille: * Bobby Car Classic, * New Bobby Car, * NEXT [&hellip;]<\/p>\n","protected":false},"featured_media":0,"comment_status":"open","ping_status":"closed","template":"","meta":[],"product_brand":[],"product_cat":[32],"product_tag":[],"class_list":{"0":"post-36522","1":"product","2":"type-product","3":"status-publish","5":"product_cat-uncategorized-fi","7":"first","8":"instock","9":"shipping-taxable","10":"purchasable","11":"product-type-simple"},"_links":{"self":[{"href":"https:\/\/nordicmart.andreevmaster.com\/fi\/wp-json\/wp\/v2\/product\/36522","targetHints":{"allow":["GET"]}}],"collection":[{"href":"https:\/\/nordicmart.andreevmaster.com\/fi\/wp-json\/wp\/v2\/product"}],"about":[{"href":"https:\/\/nordicmart.andreevmaster.com\/fi\/wp-json\/wp\/v2\/types\/product"}],"replies":[{"embeddable":true,"href":"https:\/\/nordicmart.andreevmaster.com\/fi\/wp-json\/wp\/v2\/comments?post=36522"}],"wp:attachment":[{"href":"https:\/\/nordicmart.andreevmaster.com\/fi\/wp-json\/wp\/v2\/media?parent=36522"}],"wp:term":[{"taxonomy":"product_brand","embeddable":true,"href":"https:\/\/nordicmart.andreevmaster.com\/fi\/wp-json\/wp\/v2\/product_brand?post=36522"},{"taxonomy":"product_cat","embeddable":true,"href":"https:\/\/nordicmart.andreevmaster.com\/fi\/wp-json\/wp\/v2\/product_cat?post=36522"},{"taxonomy":"product_tag","embeddable":true,"href":"https:\/\/nordicmart.andreevmaster.com\/fi\/wp-json\/wp\/v2\/product_tag?post=36522"}],"curies":[{"name":"wp","href":"https:\/\/api.w.org\/{rel}","templated":true}]}}