{"id":36521,"date":"2026-02-27T00:34:48","date_gmt":"2026-02-27T00:34:48","guid":{"rendered":"https:\/\/nordicmart.andreevmaster.com\/product\/rolly-toys-rolly-kipper-peravaunu-john-deere-traktoriin\/"},"modified":"2026-02-27T09:52:29","modified_gmt":"2026-02-27T09:52:29","slug":"rolly-toys-rolly-kipper-peravaunu-john-deere-traktoriin","status":"publish","type":"product","link":"https:\/\/nordicmart.andreevmaster.com\/fi\/tuote\/rolly-toys-rolly-kipper-peravaunu-john-deere-traktoriin\/","title":{"rendered":"Rolly Toys Rolly Kipper -per\u00e4vaunu John Deere -traktoriin"},"content":{"rendered":"<p>Rolly Toys &#8221;Rolly Kipper II&#8221; John Deere \u2013 vihre\u00e4 superper\u00e4vaunu pienille traktorinkuljettajille! Vihre\u00e4 kippivaunu \u2013 ketter\u00e4 ja helppo ohjata \u2013 helppo kiinnitt\u00e4\u00e4 Rolly Toys -traktoriin KID-sarjasta. Per\u00e4vaunussa on automaattinen lukitus.<br \/>\n* per\u00e4vaunussa on kippitoiminto,<br \/>\n* py\u00f6r\u00e4t on valmistettu korkealaatuisesta muovista,<br \/>\n* tuote vaatii osittaisen kokoonpanon, mukana yksinkertaiset ohjeet,<br \/>\n* per\u00e4vaunu sopii 3\u20138- ja 3\u201310-vuotiaiden traktorien kanssa.<\/p>\n<p>T\u00e4st\u00e4 p\u00e4iv\u00e4st\u00e4 l\u00e4htien pikkuviljelij\u00e4mme voi levitt\u00e4\u00e4 hiekkaa, lehti\u00e4 tai hedelmi\u00e4 ja leikki\u00e4 suosikkisarjallaan joka p\u00e4iv\u00e4!<\/p>\n","protected":false},"excerpt":{"rendered":"<p>Rolly Toys &#8221;Rolly Kipper II&#8221; John Deere \u2013 vihre\u00e4 superper\u00e4vaunu pienille traktorinkuljettajille! Vihre\u00e4 kippivaunu \u2013 ketter\u00e4 ja helppo ohjata \u2013 helppo kiinnitt\u00e4\u00e4 Rolly Toys -traktoriin KID-sarjasta. Per\u00e4vaunussa on automaattinen lukitus. * per\u00e4vaunussa on kippitoiminto, * py\u00f6r\u00e4t on valmistettu korkealaatuisesta muovista, * tuote vaatii osittaisen kokoonpanon, mukana yksinkertaiset ohjeet, * per\u00e4vaunu sopii 3\u20138- ja 3\u201310-vuotiaiden traktorien [&hellip;]<\/p>\n","protected":false},"featured_media":0,"comment_status":"open","ping_status":"closed","template":"","meta":[],"product_brand":[],"product_cat":[32],"product_tag":[],"class_list":{"0":"post-36521","1":"product","2":"type-product","3":"status-publish","5":"product_cat-uncategorized-fi","7":"first","8":"instock","9":"shipping-taxable","10":"purchasable","11":"product-type-simple"},"_links":{"self":[{"href":"https:\/\/nordicmart.andreevmaster.com\/fi\/wp-json\/wp\/v2\/product\/36521","targetHints":{"allow":["GET"]}}],"collection":[{"href":"https:\/\/nordicmart.andreevmaster.com\/fi\/wp-json\/wp\/v2\/product"}],"about":[{"href":"https:\/\/nordicmart.andreevmaster.com\/fi\/wp-json\/wp\/v2\/types\/product"}],"replies":[{"embeddable":true,"href":"https:\/\/nordicmart.andreevmaster.com\/fi\/wp-json\/wp\/v2\/comments?post=36521"}],"wp:attachment":[{"href":"https:\/\/nordicmart.andreevmaster.com\/fi\/wp-json\/wp\/v2\/media?parent=36521"}],"wp:term":[{"taxonomy":"product_brand","embeddable":true,"href":"https:\/\/nordicmart.andreevmaster.com\/fi\/wp-json\/wp\/v2\/product_brand?post=36521"},{"taxonomy":"product_cat","embeddable":true,"href":"https:\/\/nordicmart.andreevmaster.com\/fi\/wp-json\/wp\/v2\/product_cat?post=36521"},{"taxonomy":"product_tag","embeddable":true,"href":"https:\/\/nordicmart.andreevmaster.com\/fi\/wp-json\/wp\/v2\/product_tag?post=36521"}],"curies":[{"name":"wp","href":"https:\/\/api.w.org\/{rel}","templated":true}]}}