{"id":36520,"date":"2026-02-27T00:34:48","date_gmt":"2026-02-27T00:34:48","guid":{"rendered":"https:\/\/nordicmart.andreevmaster.com\/product\/rolly-toys-large-john-deere-two-axle-trailer-tipper-2\/"},"modified":"2026-02-27T09:52:28","modified_gmt":"2026-02-27T09:52:28","slug":"rolly-toys-large-john-deere-two-axle-trailer-tipper-2","status":"publish","type":"product","link":"https:\/\/nordicmart.andreevmaster.com\/fi\/tuote\/rolly-toys-large-john-deere-two-axle-trailer-tipper-2\/","title":{"rendered":"Rolly Toys Large John Deere Two-Axle Trailer Tipper"},"content":{"rendered":"<p>Rolly Toysin John Deere -lisensoima kippivaunu on loistava lis\u00e4 mihin tahansa maatilalelukokoelmaan ja tarjoaa tuntikausia luovaa hauskaa. Kippitoiminnon ja avautuvien sivujen ansiosta leikki muuttuu interaktiivisemmaksi ja mukaansatempaavammaksi. Tuote on valmistettu kest\u00e4vist\u00e4 materiaaleista, jotka takaavat pitk\u00e4aikaisen k\u00e4yt\u00f6n ja kest\u00e4vyyden. Per\u00e4vaunu sopii kaikkiin Rolly Toys -traktoreihin, joissa on per\u00e4vaunukytkin. T\u00e4m\u00e4 helpottaa sen liitt\u00e4mist\u00e4 ja k\u00e4ytt\u00f6\u00e4 eri traktorimalleissa. <\/p>\n<p>OMINAISUUDET:<\/p>\n<p>&#8211; Per\u00e4vaunussa on takana avattavat sivut, mik\u00e4 helpottaa kuljetettujen materiaalien purkamista.<\/p>\n<p>&#8211; Varustettu tilavalla kontilla, johon mahtuu suuri m\u00e4\u00e4r\u00e4 kuljetettavaa materiaalia<\/p>\n<p>&#8211; Per\u00e4vaunun kori kallistetaan puomin avulla, mik\u00e4 helpottaa sen sis\u00e4ll\u00f6n purkamista<\/p>\n<p>&#8211; Per\u00e4vaunussa on kaksi akselia, mik\u00e4 takaa sen vakauden ajon ja lastauksen aikana<\/p>\n<p>&#8211; Sopii kaikkiin Rolly Toys -traktoreihin, joissa on per\u00e4vaunukoukku.<\/p>\n","protected":false},"excerpt":{"rendered":"<p>Rolly Toysin John Deere -lisensoima kippivaunu on loistava lis\u00e4 mihin tahansa maatilalelukokoelmaan ja tarjoaa tuntikausia luovaa hauskaa. Kippitoiminnon ja avautuvien sivujen ansiosta leikki muuttuu interaktiivisemmaksi ja mukaansatempaavammaksi. Tuote on valmistettu kest\u00e4vist\u00e4 materiaaleista, jotka takaavat pitk\u00e4aikaisen k\u00e4yt\u00f6n ja kest\u00e4vyyden. Per\u00e4vaunu sopii kaikkiin Rolly Toys -traktoreihin, joissa on per\u00e4vaunukytkin. T\u00e4m\u00e4 helpottaa sen liitt\u00e4mist\u00e4 ja k\u00e4ytt\u00f6\u00e4 eri traktorimalleissa. [&hellip;]<\/p>\n","protected":false},"featured_media":0,"comment_status":"open","ping_status":"closed","template":"","meta":[],"product_brand":[],"product_cat":[32],"product_tag":[],"class_list":{"0":"post-36520","1":"product","2":"type-product","3":"status-publish","5":"product_cat-uncategorized-fi","7":"first","8":"instock","9":"shipping-taxable","10":"purchasable","11":"product-type-simple"},"_links":{"self":[{"href":"https:\/\/nordicmart.andreevmaster.com\/fi\/wp-json\/wp\/v2\/product\/36520","targetHints":{"allow":["GET"]}}],"collection":[{"href":"https:\/\/nordicmart.andreevmaster.com\/fi\/wp-json\/wp\/v2\/product"}],"about":[{"href":"https:\/\/nordicmart.andreevmaster.com\/fi\/wp-json\/wp\/v2\/types\/product"}],"replies":[{"embeddable":true,"href":"https:\/\/nordicmart.andreevmaster.com\/fi\/wp-json\/wp\/v2\/comments?post=36520"}],"wp:attachment":[{"href":"https:\/\/nordicmart.andreevmaster.com\/fi\/wp-json\/wp\/v2\/media?parent=36520"}],"wp:term":[{"taxonomy":"product_brand","embeddable":true,"href":"https:\/\/nordicmart.andreevmaster.com\/fi\/wp-json\/wp\/v2\/product_brand?post=36520"},{"taxonomy":"product_cat","embeddable":true,"href":"https:\/\/nordicmart.andreevmaster.com\/fi\/wp-json\/wp\/v2\/product_cat?post=36520"},{"taxonomy":"product_tag","embeddable":true,"href":"https:\/\/nordicmart.andreevmaster.com\/fi\/wp-json\/wp\/v2\/product_tag?post=36520"}],"curies":[{"name":"wp","href":"https:\/\/api.w.org\/{rel}","templated":true}]}}