{"id":36519,"date":"2026-02-27T00:34:48","date_gmt":"2026-02-27T00:34:48","guid":{"rendered":"https:\/\/nordicmart.andreevmaster.com\/product\/rolly-toys-rollymulti-trailer-rolly-multi-john-deere-3-akselinen-kippivaunu\/"},"modified":"2026-02-27T09:52:28","modified_gmt":"2026-02-27T09:52:28","slug":"rolly-toys-rollymulti-trailer-rolly-multi-john-deere-3-akselinen-kippivaunu","status":"publish","type":"product","link":"https:\/\/nordicmart.andreevmaster.com\/fi\/tuote\/rolly-toys-rollymulti-trailer-rolly-multi-john-deere-3-akselinen-kippivaunu\/","title":{"rendered":"Rolly Toys rollyMulti Trailer &#8211; Rolly Multi John Deere 3-akselinen kippivaunu"},"content":{"rendered":"<p>Rolly Toys vihre\u00e4 kolmiakselinen kippivaunu &#8211; John Deere Mega Trailer voidaan purkaa kolmesta sivusta. Se on vakaa kolmen akselinsa ansiosta. Se sopii kaikkiin Rolly Toys -ajoneuvoihin, joissa on vetokoukku. Rolly Toys -tuotteet ovat korkealaatuisia, alkuper\u00e4isi\u00e4 saksalaisia tuotteita, jotka palvelevat lapsianne monien vuosien ajan. OMINAISUUDET: &#8211; korkealaatuinen kiilt\u00e4v\u00e4 muovi, helppo pit\u00e4\u00e4 puhtaana, &#8211; kolmiakselinen, vakaa jousitus, &#8211; kaksinkertaiset, yl\u00e4rakenteen sivut, &#8211; nuppia k\u00e4ytt\u00e4v\u00e4 kippausmekanismi, helppo k\u00e4ytt\u00e4\u00e4 lapselle, &#8211; kippaus kolmesta sivusta, &#8211; kolmesta sivusta avautuvat sivut, &#8211; takakytkin, &#8211; eritt\u00e4in vakaa ja kest\u00e4v\u00e4 rakenne<\/p>\n","protected":false},"excerpt":{"rendered":"<p>Rolly Toys vihre\u00e4 kolmiakselinen kippivaunu &#8211; John Deere Mega Trailer voidaan purkaa kolmesta sivusta. Se on vakaa kolmen akselinsa ansiosta. Se sopii kaikkiin Rolly Toys -ajoneuvoihin, joissa on vetokoukku. Rolly Toys -tuotteet ovat korkealaatuisia, alkuper\u00e4isi\u00e4 saksalaisia tuotteita, jotka palvelevat lapsianne monien vuosien ajan. OMINAISUUDET: &#8211; korkealaatuinen kiilt\u00e4v\u00e4 muovi, helppo pit\u00e4\u00e4 puhtaana, &#8211; kolmiakselinen, vakaa jousitus, [&hellip;]<\/p>\n","protected":false},"featured_media":0,"comment_status":"open","ping_status":"closed","template":"","meta":[],"product_brand":[],"product_cat":[32],"product_tag":[],"class_list":{"0":"post-36519","1":"product","2":"type-product","3":"status-publish","5":"product_cat-uncategorized-fi","7":"first","8":"instock","9":"shipping-taxable","10":"purchasable","11":"product-type-simple"},"_links":{"self":[{"href":"https:\/\/nordicmart.andreevmaster.com\/fi\/wp-json\/wp\/v2\/product\/36519","targetHints":{"allow":["GET"]}}],"collection":[{"href":"https:\/\/nordicmart.andreevmaster.com\/fi\/wp-json\/wp\/v2\/product"}],"about":[{"href":"https:\/\/nordicmart.andreevmaster.com\/fi\/wp-json\/wp\/v2\/types\/product"}],"replies":[{"embeddable":true,"href":"https:\/\/nordicmart.andreevmaster.com\/fi\/wp-json\/wp\/v2\/comments?post=36519"}],"wp:attachment":[{"href":"https:\/\/nordicmart.andreevmaster.com\/fi\/wp-json\/wp\/v2\/media?parent=36519"}],"wp:term":[{"taxonomy":"product_brand","embeddable":true,"href":"https:\/\/nordicmart.andreevmaster.com\/fi\/wp-json\/wp\/v2\/product_brand?post=36519"},{"taxonomy":"product_cat","embeddable":true,"href":"https:\/\/nordicmart.andreevmaster.com\/fi\/wp-json\/wp\/v2\/product_cat?post=36519"},{"taxonomy":"product_tag","embeddable":true,"href":"https:\/\/nordicmart.andreevmaster.com\/fi\/wp-json\/wp\/v2\/product_tag?post=36519"}],"curies":[{"name":"wp","href":"https:\/\/api.w.org\/{rel}","templated":true}]}}