{"id":36518,"date":"2026-02-27T00:34:47","date_gmt":"2026-02-27T00:34:47","guid":{"rendered":"https:\/\/nordicmart.andreevmaster.com\/product\/rolly-toys-rollytrailer-suuri-peravaunu-3-akselia-multi-trailer\/"},"modified":"2026-02-27T09:52:28","modified_gmt":"2026-02-27T09:52:28","slug":"rolly-toys-rollytrailer-suuri-peravaunu-3-akselia-multi-trailer","status":"publish","type":"product","link":"https:\/\/nordicmart.andreevmaster.com\/fi\/tuote\/rolly-toys-rollytrailer-suuri-peravaunu-3-akselia-multi-trailer\/","title":{"rendered":"Rolly Toys rollyTrailer Suuri per\u00e4vaunu 3 akselia Multi Trailer"},"content":{"rendered":"<p>Rolly Toys Large Trailer, 3-akselinen Multi Trailer<\/p>\n<p>T\u00e4ydellinen lelu nuorille maanviljelij\u00f6ille. Ihanteellinen lis\u00e4 kaikkiin Rolly Toys -traktoreihin. Huolellisesti valmistettu pienimpi\u00e4kin yksityiskohtia my\u00f6ten! Kukaan oikea maanviljelij\u00e4 ei kielt\u00e4ytyisi siit\u00e4. T\u00e4ydellinen lahja mihin tahansa tilaisuuteen!<\/p>\n<p>Lelun ominaisuudet:<\/p>\n<p>* korkealaatuinen kiilt\u00e4v\u00e4 muovi, helppo pit\u00e4\u00e4 puhtaana,<br \/>\n* kolmiakselinen, vakaa jousitus,<br \/>\n* kaksinkertaiset, p\u00e4\u00e4llekk\u00e4iset sivut,<br \/>\n* kallistusmekanismi, jota lapset voivat k\u00e4ytt\u00e4\u00e4 helposti nupilla,<br \/>\n* kallistus kolmella sivulla,<br \/>\n* sivut avautuvat kolmella sivulla,<br \/>\n* takakytkin,* eritt\u00e4in vakaa ja kest\u00e4v\u00e4 rakenne.<\/p>\n","protected":false},"excerpt":{"rendered":"<p>Rolly Toys Large Trailer, 3-akselinen Multi Trailer T\u00e4ydellinen lelu nuorille maanviljelij\u00f6ille. Ihanteellinen lis\u00e4 kaikkiin Rolly Toys -traktoreihin. Huolellisesti valmistettu pienimpi\u00e4kin yksityiskohtia my\u00f6ten! Kukaan oikea maanviljelij\u00e4 ei kielt\u00e4ytyisi siit\u00e4. T\u00e4ydellinen lahja mihin tahansa tilaisuuteen! Lelun ominaisuudet: * korkealaatuinen kiilt\u00e4v\u00e4 muovi, helppo pit\u00e4\u00e4 puhtaana, * kolmiakselinen, vakaa jousitus, * kaksinkertaiset, p\u00e4\u00e4llekk\u00e4iset sivut, * kallistusmekanismi, jota lapset voivat [&hellip;]<\/p>\n","protected":false},"featured_media":0,"comment_status":"open","ping_status":"closed","template":"","meta":[],"product_brand":[],"product_cat":[32],"product_tag":[],"class_list":{"0":"post-36518","1":"product","2":"type-product","3":"status-publish","5":"product_cat-uncategorized-fi","7":"first","8":"instock","9":"shipping-taxable","10":"purchasable","11":"product-type-simple"},"_links":{"self":[{"href":"https:\/\/nordicmart.andreevmaster.com\/fi\/wp-json\/wp\/v2\/product\/36518","targetHints":{"allow":["GET"]}}],"collection":[{"href":"https:\/\/nordicmart.andreevmaster.com\/fi\/wp-json\/wp\/v2\/product"}],"about":[{"href":"https:\/\/nordicmart.andreevmaster.com\/fi\/wp-json\/wp\/v2\/types\/product"}],"replies":[{"embeddable":true,"href":"https:\/\/nordicmart.andreevmaster.com\/fi\/wp-json\/wp\/v2\/comments?post=36518"}],"wp:attachment":[{"href":"https:\/\/nordicmart.andreevmaster.com\/fi\/wp-json\/wp\/v2\/media?parent=36518"}],"wp:term":[{"taxonomy":"product_brand","embeddable":true,"href":"https:\/\/nordicmart.andreevmaster.com\/fi\/wp-json\/wp\/v2\/product_brand?post=36518"},{"taxonomy":"product_cat","embeddable":true,"href":"https:\/\/nordicmart.andreevmaster.com\/fi\/wp-json\/wp\/v2\/product_cat?post=36518"},{"taxonomy":"product_tag","embeddable":true,"href":"https:\/\/nordicmart.andreevmaster.com\/fi\/wp-json\/wp\/v2\/product_tag?post=36518"}],"curies":[{"name":"wp","href":"https:\/\/api.w.org\/{rel}","templated":true}]}}