{"id":36517,"date":"2026-02-27T00:34:47","date_gmt":"2026-02-27T00:34:47","guid":{"rendered":"https:\/\/nordicmart.andreevmaster.com\/product\/rolly-toys-rollytrailer-rolly-multi-kaksiaxeliperavaunu-vihrea\/"},"modified":"2026-02-27T09:52:28","modified_gmt":"2026-02-27T09:52:28","slug":"rolly-toys-rollytrailer-rolly-multi-kaksiaxeliperavaunu-vihrea","status":"publish","type":"product","link":"https:\/\/nordicmart.andreevmaster.com\/fi\/tuote\/rolly-toys-rollytrailer-rolly-multi-kaksiaxeliperavaunu-vihrea\/","title":{"rendered":"Rolly Toys rollyTrailer Rolly Multi kaksiaxeliper\u00e4vaunu, vihre\u00e4"},"content":{"rendered":"<p>Rolly Toys vihre\u00e4 kippivaunu Mega Trailer -vaunu voidaan kippata kolmesta sivusta. Se on vakaa kahden py\u00f6r\u00e4n akselinsa ansiosta. Se sopii kaikkiin Rolly Toys -ajoneuvoihin, joissa on vetokoukku. Rolly Toys -tuotteet ovat korkealaatuisia, alkuper\u00e4isi\u00e4 saksalaisia tuotteita, jotka palvelevat lapsianne monien vuosien ajan.<\/p>\n","protected":false},"excerpt":{"rendered":"<p>Rolly Toys vihre\u00e4 kippivaunu Mega Trailer -vaunu voidaan kippata kolmesta sivusta. Se on vakaa kahden py\u00f6r\u00e4n akselinsa ansiosta. Se sopii kaikkiin Rolly Toys -ajoneuvoihin, joissa on vetokoukku. Rolly Toys -tuotteet ovat korkealaatuisia, alkuper\u00e4isi\u00e4 saksalaisia tuotteita, jotka palvelevat lapsianne monien vuosien ajan.<\/p>\n","protected":false},"featured_media":0,"comment_status":"open","ping_status":"closed","template":"","meta":[],"product_brand":[],"product_cat":[32],"product_tag":[],"class_list":{"0":"post-36517","1":"product","2":"type-product","3":"status-publish","5":"product_cat-uncategorized-fi","7":"first","8":"instock","9":"shipping-taxable","10":"purchasable","11":"product-type-simple"},"_links":{"self":[{"href":"https:\/\/nordicmart.andreevmaster.com\/fi\/wp-json\/wp\/v2\/product\/36517","targetHints":{"allow":["GET"]}}],"collection":[{"href":"https:\/\/nordicmart.andreevmaster.com\/fi\/wp-json\/wp\/v2\/product"}],"about":[{"href":"https:\/\/nordicmart.andreevmaster.com\/fi\/wp-json\/wp\/v2\/types\/product"}],"replies":[{"embeddable":true,"href":"https:\/\/nordicmart.andreevmaster.com\/fi\/wp-json\/wp\/v2\/comments?post=36517"}],"wp:attachment":[{"href":"https:\/\/nordicmart.andreevmaster.com\/fi\/wp-json\/wp\/v2\/media?parent=36517"}],"wp:term":[{"taxonomy":"product_brand","embeddable":true,"href":"https:\/\/nordicmart.andreevmaster.com\/fi\/wp-json\/wp\/v2\/product_brand?post=36517"},{"taxonomy":"product_cat","embeddable":true,"href":"https:\/\/nordicmart.andreevmaster.com\/fi\/wp-json\/wp\/v2\/product_cat?post=36517"},{"taxonomy":"product_tag","embeddable":true,"href":"https:\/\/nordicmart.andreevmaster.com\/fi\/wp-json\/wp\/v2\/product_tag?post=36517"}],"curies":[{"name":"wp","href":"https:\/\/api.w.org\/{rel}","templated":true}]}}