{"id":36516,"date":"2026-02-27T00:34:47","date_gmt":"2026-02-27T00:34:47","guid":{"rendered":"https:\/\/nordicmart.andreevmaster.com\/product\/feber-range-rover-velar-6v-ce-akkukayttoinen-auto\/"},"modified":"2026-02-27T09:52:28","modified_gmt":"2026-02-27T09:52:28","slug":"feber-range-rover-velar-6v-ce-akkukayttoinen-auto","status":"publish","type":"product","link":"https:\/\/nordicmart.andreevmaster.com\/fi\/tuote\/feber-range-rover-velar-6v-ce-akkukayttoinen-auto\/","title":{"rendered":"FEBER Range Rover Velar 6V CE akkuk\u00e4ytt\u00f6inen auto"},"content":{"rendered":"<p>Tunnettu espanjalainen yritys FEBERin RANGE ROVER VELAR 6v on yksipaikkainen ajoneuvo, jossa on 6 V:n moottori ja joka on varustettu seuraavilla ominaisuuksilla: etuvalot, moottorin ja \u00e4\u00e4nimerkin \u00e4\u00e4net, kaasupoljin, s\u00e4hk\u00f6jarru, taittuvat ovet ja kumipy\u00f6r\u00e4t. Suunniteltu 3\u20137-vuotiaille lapsille, joiden paino on enint\u00e4\u00e4n 35 kg. Sarja sis\u00e4lt\u00e4\u00e4 6 V:n akun ja laturin. T\u00e4m\u00e4n ainutlaatuisen ajoneuvon suurin nopeus on 3,5 km\/h. Ajoneuvon t\u00e4ydellinen siluetti ilahduttaa jokaista autoharrastajaa! Akku kest\u00e4\u00e4 jopa 60 minuuttia jatkuvassa k\u00e4yt\u00f6ss\u00e4! T\u00e4ydellinen lahja lapsellesi!<\/p>\n<p>Ominaisuudet:<\/p>\n<p>* &#8211; ajoneuvo on suunniteltu 3-vuotiaille lapsille,<br \/>\n* &#8211; suurin sallittu kuorma on 35 kg,<br \/>\n* &#8211; ajoneuvo on varustettu seuraavilla ominaisuuksilla: etuvalot, moottorin ja \u00e4\u00e4nimerkin \u00e4\u00e4net, kaasupoljin, s\u00e4hk\u00f6jarru, taittuvat ovet ja kumipy\u00f6r\u00e4t,<br \/>\n* &#8211; 6 V:n akulla,<br \/>\n* &#8211; akku ja laturi mukana,<br \/>\n* &#8211; akku kest\u00e4\u00e4 jopa 60 minuuttia jatkuvassa k\u00e4yt\u00f6ss\u00e4.<\/p>\n<p>Lelu kehitt\u00e4\u00e4:<\/p>\n<p>* &#8211; lasten motorista koordinaatiota,<br \/>\n* &#8211; mielikuvitusta,<br \/>\n* &#8211; luovuutta,<br \/>\n* &#8211; kyky\u00e4 selviyty\u00e4 erilaisissa tilanteissa.<\/p>\n<p>FEBER-leluihin kuuluvat: puutarhalelut, keinut, leikkikent\u00e4t, liukum\u00e4et ja vesiliukum\u00e4et, kolmipy\u00f6r\u00e4t ja monet muut. FEBER-lelut ovat AENOR ISO 9001-, ISO 14001- ja OSHAS18001-sertifioituja, mik\u00e4 todistaa lelujen valmistukseen liittyvien prosessien erinomaisuuden ja laadun: suunnittelusta ja tuotannosta huoltoon.<\/p>\n","protected":false},"excerpt":{"rendered":"<p>Tunnettu espanjalainen yritys FEBERin RANGE ROVER VELAR 6v on yksipaikkainen ajoneuvo, jossa on 6 V:n moottori ja joka on varustettu seuraavilla ominaisuuksilla: etuvalot, moottorin ja \u00e4\u00e4nimerkin \u00e4\u00e4net, kaasupoljin, s\u00e4hk\u00f6jarru, taittuvat ovet ja kumipy\u00f6r\u00e4t. Suunniteltu 3\u20137-vuotiaille lapsille, joiden paino on enint\u00e4\u00e4n 35 kg. Sarja sis\u00e4lt\u00e4\u00e4 6 V:n akun ja laturin. T\u00e4m\u00e4n ainutlaatuisen ajoneuvon suurin nopeus on [&hellip;]<\/p>\n","protected":false},"featured_media":0,"comment_status":"open","ping_status":"closed","template":"","meta":[],"product_brand":[],"product_cat":[32],"product_tag":[],"class_list":{"0":"post-36516","1":"product","2":"type-product","3":"status-publish","5":"product_cat-uncategorized-fi","7":"first","8":"instock","9":"shipping-taxable","10":"purchasable","11":"product-type-simple"},"_links":{"self":[{"href":"https:\/\/nordicmart.andreevmaster.com\/fi\/wp-json\/wp\/v2\/product\/36516","targetHints":{"allow":["GET"]}}],"collection":[{"href":"https:\/\/nordicmart.andreevmaster.com\/fi\/wp-json\/wp\/v2\/product"}],"about":[{"href":"https:\/\/nordicmart.andreevmaster.com\/fi\/wp-json\/wp\/v2\/types\/product"}],"replies":[{"embeddable":true,"href":"https:\/\/nordicmart.andreevmaster.com\/fi\/wp-json\/wp\/v2\/comments?post=36516"}],"wp:attachment":[{"href":"https:\/\/nordicmart.andreevmaster.com\/fi\/wp-json\/wp\/v2\/media?parent=36516"}],"wp:term":[{"taxonomy":"product_brand","embeddable":true,"href":"https:\/\/nordicmart.andreevmaster.com\/fi\/wp-json\/wp\/v2\/product_brand?post=36516"},{"taxonomy":"product_cat","embeddable":true,"href":"https:\/\/nordicmart.andreevmaster.com\/fi\/wp-json\/wp\/v2\/product_cat?post=36516"},{"taxonomy":"product_tag","embeddable":true,"href":"https:\/\/nordicmart.andreevmaster.com\/fi\/wp-json\/wp\/v2\/product_tag?post=36516"}],"curies":[{"name":"wp","href":"https:\/\/api.w.org\/{rel}","templated":true}]}}