{"id":36515,"date":"2026-02-27T00:34:47","date_gmt":"2026-02-27T00:34:47","guid":{"rendered":"https:\/\/nordicmart.andreevmaster.com\/product\/feber-lamborghini-aventador-pink-sahkoauto-6v-3\/"},"modified":"2026-02-27T09:52:27","modified_gmt":"2026-02-27T09:52:27","slug":"feber-lamborghini-aventador-pink-sahkoauto-6v-3","status":"publish","type":"product","link":"https:\/\/nordicmart.andreevmaster.com\/fi\/tuote\/feber-lamborghini-aventador-pink-sahkoauto-6v-3\/","title":{"rendered":"FEBER Lamborghini Aventador Pink s\u00e4hk\u00f6auto 6V 3+"},"content":{"rendered":"<p>FEBERin radio-ohjattava Lamborghini Aventador 6V on ylellinen akkuk\u00e4ytt\u00f6inen auto 3-vuotiaille lapsille, joiden suositeltu enimm\u00e4ispaino on 30 kg. Varustettu turvavy\u00f6ll\u00e4, jarruilla, ajovaloilla ja aidolla \u00e4\u00e4nell\u00e4. Ajoneuvo liikkuu eteen- ja taaksep\u00e4in (enint\u00e4\u00e4n 3,5 km\/h) ja vanhemmat voivat ohjata sit\u00e4 kauko-ohjaimella tai lapset voivat ajaa sit\u00e4 itsen\u00e4isesti polkimella ja ohjauspy\u00f6r\u00e4ll\u00e4. Akun kesto on jopa 45 minuuttia! Akku ja laturi sis\u00e4ltyv\u00e4t toimitukseen. Ominaisuudet: * &#8211; 3-vuotiaille ja sit\u00e4 vanhemmille lapsille * &#8211; Suurin kuorma: 30 kg &#8211; Akun kesto: jopa 45 minuuttia<br \/>\n* &#8211; Huippunopeus: 3,5 km\/h<br \/>\n* &#8211; Varustettu turvav\u00f6ill\u00e4 ja ajovaloilla<br \/>\n* &#8211; Tuottaa realistisia \u00e4\u00e4ni\u00e4<br \/>\n* &#8211; Mukana kauko-ohjain<\/p>\n<p>Setti sis\u00e4lt\u00e4\u00e4:<\/p>\n<p>* &#8211; Paristok\u00e4ytt\u00f6inen ajoneuvo<br \/>\n* &#8211; Kaukos\u00e4\u00e4din<br \/>\n* &#8211; Laturi<\/p>\n<p>Lelu kehitt\u00e4\u00e4:<\/p>\n<p>* &#8211; Karkeamotorisia taitoja ja koordinaatiota<br \/>\n* &#8211; K\u00e4sien motorisia taitoja<br \/>\n* &#8211; Itsen\u00e4isyyden tunnetta ja itseluottamusta<br \/>\n* &#8211; Mielikuvitusta ja luovuutta<br \/>\n* &#8211; Kuuloa ja n\u00e4k\u00f6\u00e4<\/p>\n","protected":false},"excerpt":{"rendered":"<p>FEBERin radio-ohjattava Lamborghini Aventador 6V on ylellinen akkuk\u00e4ytt\u00f6inen auto 3-vuotiaille lapsille, joiden suositeltu enimm\u00e4ispaino on 30 kg. Varustettu turvavy\u00f6ll\u00e4, jarruilla, ajovaloilla ja aidolla \u00e4\u00e4nell\u00e4. Ajoneuvo liikkuu eteen- ja taaksep\u00e4in (enint\u00e4\u00e4n 3,5 km\/h) ja vanhemmat voivat ohjata sit\u00e4 kauko-ohjaimella tai lapset voivat ajaa sit\u00e4 itsen\u00e4isesti polkimella ja ohjauspy\u00f6r\u00e4ll\u00e4. Akun kesto on jopa 45 minuuttia! Akku ja [&hellip;]<\/p>\n","protected":false},"featured_media":0,"comment_status":"open","ping_status":"closed","template":"","meta":[],"product_brand":[],"product_cat":[32],"product_tag":[],"class_list":{"0":"post-36515","1":"product","2":"type-product","3":"status-publish","5":"product_cat-uncategorized-fi","7":"first","8":"instock","9":"shipping-taxable","10":"purchasable","11":"product-type-simple"},"_links":{"self":[{"href":"https:\/\/nordicmart.andreevmaster.com\/fi\/wp-json\/wp\/v2\/product\/36515","targetHints":{"allow":["GET"]}}],"collection":[{"href":"https:\/\/nordicmart.andreevmaster.com\/fi\/wp-json\/wp\/v2\/product"}],"about":[{"href":"https:\/\/nordicmart.andreevmaster.com\/fi\/wp-json\/wp\/v2\/types\/product"}],"replies":[{"embeddable":true,"href":"https:\/\/nordicmart.andreevmaster.com\/fi\/wp-json\/wp\/v2\/comments?post=36515"}],"wp:attachment":[{"href":"https:\/\/nordicmart.andreevmaster.com\/fi\/wp-json\/wp\/v2\/media?parent=36515"}],"wp:term":[{"taxonomy":"product_brand","embeddable":true,"href":"https:\/\/nordicmart.andreevmaster.com\/fi\/wp-json\/wp\/v2\/product_brand?post=36515"},{"taxonomy":"product_cat","embeddable":true,"href":"https:\/\/nordicmart.andreevmaster.com\/fi\/wp-json\/wp\/v2\/product_cat?post=36515"},{"taxonomy":"product_tag","embeddable":true,"href":"https:\/\/nordicmart.andreevmaster.com\/fi\/wp-json\/wp\/v2\/product_tag?post=36515"}],"curies":[{"name":"wp","href":"https:\/\/api.w.org\/{rel}","templated":true}]}}