{"id":36514,"date":"2026-02-27T00:34:46","date_gmt":"2026-02-27T00:34:46","guid":{"rendered":"https:\/\/nordicmart.andreevmaster.com\/product\/rolly-toys-rollyscraper-moniterainen-kaannettava-aura-niemeyer\/"},"modified":"2026-02-27T09:52:27","modified_gmt":"2026-02-27T09:52:27","slug":"rolly-toys-rollyscraper-moniterainen-kaannettava-aura-niemeyer","status":"publish","type":"product","link":"https:\/\/nordicmart.andreevmaster.com\/fi\/tuote\/rolly-toys-rollyscraper-moniterainen-kaannettava-aura-niemeyer\/","title":{"rendered":"Rolly Toys rollyScraper Moniter\u00e4inen k\u00e4\u00e4nnett\u00e4v\u00e4 aura NIEMEYER"},"content":{"rendered":"<p>Moniter\u00e4inen aura on t\u00e4ydellinen lis\u00e4 Rolly Toys -traktoreihin. Se on v\u00e4ltt\u00e4m\u00e4t\u00f6n ty\u00f6kalu pienille maanviljelij\u00f6ille! T\u00e4m\u00e4n lelun avulla lapset voivat nauttia tuntikausia realistisesta leikist\u00e4 loputtomien skenaarioiden parissa. Aura toimii t\u00e4ydellisesti Rolly Toys -traktoreiden kanssa, mik\u00e4 tekee siit\u00e4 ihanteellisen lis\u00e4yksen lelusettiin. Laadukkaiden materiaalien ja rakenteensa ansiosta se kest\u00e4\u00e4 kovimmatkin seikkailut ja toimii edelleen sujuvasti ja tarkasti. RollyScraper ei ole vain upea lelu, vaan my\u00f6s ty\u00f6kalu, joka parantaa k\u00e4si-silm\u00e4-koordinaatiota ja motorisia taitoja. Ominaisuudet: &#8211; Metallinen k\u00e4\u00e4ntyv\u00e4 runko &#8211; Kuusi aurank\u00e4si\u00e4 &#8211; Kaksi py\u00f6r\u00e4\u00e4 &#8211; Kannustaa lapsia liikkumaan ulkona &#8211; Sopii kaikkiin Rolly Toys -ajoneuvoihin, joissa on per\u00e4vaunun kiinnityspiste<\/p>\n","protected":false},"excerpt":{"rendered":"<p>Moniter\u00e4inen aura on t\u00e4ydellinen lis\u00e4 Rolly Toys -traktoreihin. Se on v\u00e4ltt\u00e4m\u00e4t\u00f6n ty\u00f6kalu pienille maanviljelij\u00f6ille! T\u00e4m\u00e4n lelun avulla lapset voivat nauttia tuntikausia realistisesta leikist\u00e4 loputtomien skenaarioiden parissa. Aura toimii t\u00e4ydellisesti Rolly Toys -traktoreiden kanssa, mik\u00e4 tekee siit\u00e4 ihanteellisen lis\u00e4yksen lelusettiin. Laadukkaiden materiaalien ja rakenteensa ansiosta se kest\u00e4\u00e4 kovimmatkin seikkailut ja toimii edelleen sujuvasti ja tarkasti. RollyScraper [&hellip;]<\/p>\n","protected":false},"featured_media":0,"comment_status":"open","ping_status":"closed","template":"","meta":[],"product_brand":[],"product_cat":[32],"product_tag":[],"class_list":{"0":"post-36514","1":"product","2":"type-product","3":"status-publish","5":"product_cat-uncategorized-fi","7":"first","8":"instock","9":"shipping-taxable","10":"purchasable","11":"product-type-simple"},"_links":{"self":[{"href":"https:\/\/nordicmart.andreevmaster.com\/fi\/wp-json\/wp\/v2\/product\/36514","targetHints":{"allow":["GET"]}}],"collection":[{"href":"https:\/\/nordicmart.andreevmaster.com\/fi\/wp-json\/wp\/v2\/product"}],"about":[{"href":"https:\/\/nordicmart.andreevmaster.com\/fi\/wp-json\/wp\/v2\/types\/product"}],"replies":[{"embeddable":true,"href":"https:\/\/nordicmart.andreevmaster.com\/fi\/wp-json\/wp\/v2\/comments?post=36514"}],"wp:attachment":[{"href":"https:\/\/nordicmart.andreevmaster.com\/fi\/wp-json\/wp\/v2\/media?parent=36514"}],"wp:term":[{"taxonomy":"product_brand","embeddable":true,"href":"https:\/\/nordicmart.andreevmaster.com\/fi\/wp-json\/wp\/v2\/product_brand?post=36514"},{"taxonomy":"product_cat","embeddable":true,"href":"https:\/\/nordicmart.andreevmaster.com\/fi\/wp-json\/wp\/v2\/product_cat?post=36514"},{"taxonomy":"product_tag","embeddable":true,"href":"https:\/\/nordicmart.andreevmaster.com\/fi\/wp-json\/wp\/v2\/product_tag?post=36514"}],"curies":[{"name":"wp","href":"https:\/\/api.w.org\/{rel}","templated":true}]}}