{"id":36513,"date":"2026-02-27T00:34:46","date_gmt":"2026-02-27T00:34:46","guid":{"rendered":"https:\/\/nordicmart.andreevmaster.com\/product\/rolly-toys-rollycambridge-kiekkoaura-cambridge-rulla-traktorin-peravaunu\/"},"modified":"2026-02-27T09:52:27","modified_gmt":"2026-02-27T09:52:27","slug":"rolly-toys-rollycambridge-kiekkoaura-cambridge-rulla-traktorin-peravaunu","status":"publish","type":"product","link":"https:\/\/nordicmart.andreevmaster.com\/fi\/tuote\/rolly-toys-rollycambridge-kiekkoaura-cambridge-rulla-traktorin-peravaunu\/","title":{"rendered":"Rolly Toys rollyCambridge-kiekkoaura Cambridge-rulla Traktorin per\u00e4vaunu"},"content":{"rendered":"<p>Cambridge-kiekko\u00e4es sopii kaikkiin Rolly Toys -ajoneuvoihin, joissa on per\u00e4vaunukytkin. T\u00e4ydellinen lahja mihin tahansa tilaisuuteen! Erinomainen lelu lapsille, jotka tykk\u00e4\u00e4v\u00e4t leikki\u00e4 maanviljelij\u00e4\u00e4, maanviljelij\u00e4\u00e4 tai puutarhuria. <\/p>\n<p>* Lelu koostuu kolmesta py\u00f6riv\u00e4st\u00e4 telasta. Se on valmistettu metallista, mik\u00e4 tekee siit\u00e4 kest\u00e4v\u00e4mm\u00e4n leikin aikana.<br \/>\n* Sopii Rolly Toys -traktoreihin, joissa on per\u00e4vaunukytkin.* Kolme py\u00f6riv\u00e4\u00e4 telaa.<br \/>\n* Metallirakenne.<\/p>\n<p>Rolly Toys on saksalainen yritys, jonka Franz ja Rosa Schneider perustivat vuonna 1938. Nyky\u00e4\u00e4n, yli 75 vuotta my\u00f6hemmin, perheyrityst\u00e4 johtaa edelleen toinen ja kolmas sukupolvi yht\u00e4 sitoutuneesti kuin ennenkin. Alusta l\u00e4htien Rolly Toysin tavoitteena on ollut tuoda iloa lapsille ja vanhemmille ymp\u00e4ri maailmaa korkealaatuisilla lasten leluilla.<\/p>\n","protected":false},"excerpt":{"rendered":"<p>Cambridge-kiekko\u00e4es sopii kaikkiin Rolly Toys -ajoneuvoihin, joissa on per\u00e4vaunukytkin. T\u00e4ydellinen lahja mihin tahansa tilaisuuteen! Erinomainen lelu lapsille, jotka tykk\u00e4\u00e4v\u00e4t leikki\u00e4 maanviljelij\u00e4\u00e4, maanviljelij\u00e4\u00e4 tai puutarhuria. * Lelu koostuu kolmesta py\u00f6riv\u00e4st\u00e4 telasta. Se on valmistettu metallista, mik\u00e4 tekee siit\u00e4 kest\u00e4v\u00e4mm\u00e4n leikin aikana. * Sopii Rolly Toys -traktoreihin, joissa on per\u00e4vaunukytkin.* Kolme py\u00f6riv\u00e4\u00e4 telaa. * Metallirakenne. Rolly Toys [&hellip;]<\/p>\n","protected":false},"featured_media":0,"comment_status":"open","ping_status":"closed","template":"","meta":[],"product_brand":[],"product_cat":[32],"product_tag":[],"class_list":{"0":"post-36513","1":"product","2":"type-product","3":"status-publish","5":"product_cat-uncategorized-fi","7":"first","8":"instock","9":"shipping-taxable","10":"purchasable","11":"product-type-simple"},"_links":{"self":[{"href":"https:\/\/nordicmart.andreevmaster.com\/fi\/wp-json\/wp\/v2\/product\/36513","targetHints":{"allow":["GET"]}}],"collection":[{"href":"https:\/\/nordicmart.andreevmaster.com\/fi\/wp-json\/wp\/v2\/product"}],"about":[{"href":"https:\/\/nordicmart.andreevmaster.com\/fi\/wp-json\/wp\/v2\/types\/product"}],"replies":[{"embeddable":true,"href":"https:\/\/nordicmart.andreevmaster.com\/fi\/wp-json\/wp\/v2\/comments?post=36513"}],"wp:attachment":[{"href":"https:\/\/nordicmart.andreevmaster.com\/fi\/wp-json\/wp\/v2\/media?parent=36513"}],"wp:term":[{"taxonomy":"product_brand","embeddable":true,"href":"https:\/\/nordicmart.andreevmaster.com\/fi\/wp-json\/wp\/v2\/product_brand?post=36513"},{"taxonomy":"product_cat","embeddable":true,"href":"https:\/\/nordicmart.andreevmaster.com\/fi\/wp-json\/wp\/v2\/product_cat?post=36513"},{"taxonomy":"product_tag","embeddable":true,"href":"https:\/\/nordicmart.andreevmaster.com\/fi\/wp-json\/wp\/v2\/product_tag?post=36513"}],"curies":[{"name":"wp","href":"https:\/\/api.w.org\/{rel}","templated":true}]}}