{"id":36512,"date":"2026-02-27T00:34:46","date_gmt":"2026-02-27T00:34:46","guid":{"rendered":"https:\/\/nordicmart.andreevmaster.com\/product\/rolly-toys-jyra-maataloustraktoriin\/"},"modified":"2026-02-27T09:52:27","modified_gmt":"2026-02-27T09:52:27","slug":"rolly-toys-jyra-maataloustraktoriin","status":"publish","type":"product","link":"https:\/\/nordicmart.andreevmaster.com\/fi\/tuote\/rolly-toys-jyra-maataloustraktoriin\/","title":{"rendered":"Rolly Toys -jyr\u00e4 maataloustraktoriin"},"content":{"rendered":"<p>Tienrakennuksen yst\u00e4ville \u2013 Rolly Toys -jyr\u00e4<\/p>\n<p>* korkealaatuista kiilt\u00e4v\u00e4\u00e4 muovia, helppo pit\u00e4\u00e4 puhtaana,<br \/>\n* vakaa metallirunko, joka on yhdistetty muoviosiin,<br \/>\n* sopii kaikkiin Rolly Toys -traktoreihin,<\/p>\n","protected":false},"excerpt":{"rendered":"<p>Tienrakennuksen yst\u00e4ville \u2013 Rolly Toys -jyr\u00e4 * korkealaatuista kiilt\u00e4v\u00e4\u00e4 muovia, helppo pit\u00e4\u00e4 puhtaana, * vakaa metallirunko, joka on yhdistetty muoviosiin, * sopii kaikkiin Rolly Toys -traktoreihin,<\/p>\n","protected":false},"featured_media":0,"comment_status":"open","ping_status":"closed","template":"","meta":[],"product_brand":[],"product_cat":[32],"product_tag":[],"class_list":{"0":"post-36512","1":"product","2":"type-product","3":"status-publish","5":"product_cat-uncategorized-fi","7":"first","8":"instock","9":"shipping-taxable","10":"purchasable","11":"product-type-simple"},"_links":{"self":[{"href":"https:\/\/nordicmart.andreevmaster.com\/fi\/wp-json\/wp\/v2\/product\/36512","targetHints":{"allow":["GET"]}}],"collection":[{"href":"https:\/\/nordicmart.andreevmaster.com\/fi\/wp-json\/wp\/v2\/product"}],"about":[{"href":"https:\/\/nordicmart.andreevmaster.com\/fi\/wp-json\/wp\/v2\/types\/product"}],"replies":[{"embeddable":true,"href":"https:\/\/nordicmart.andreevmaster.com\/fi\/wp-json\/wp\/v2\/comments?post=36512"}],"wp:attachment":[{"href":"https:\/\/nordicmart.andreevmaster.com\/fi\/wp-json\/wp\/v2\/media?parent=36512"}],"wp:term":[{"taxonomy":"product_brand","embeddable":true,"href":"https:\/\/nordicmart.andreevmaster.com\/fi\/wp-json\/wp\/v2\/product_brand?post=36512"},{"taxonomy":"product_cat","embeddable":true,"href":"https:\/\/nordicmart.andreevmaster.com\/fi\/wp-json\/wp\/v2\/product_cat?post=36512"},{"taxonomy":"product_tag","embeddable":true,"href":"https:\/\/nordicmart.andreevmaster.com\/fi\/wp-json\/wp\/v2\/product_tag?post=36512"}],"curies":[{"name":"wp","href":"https:\/\/api.w.org\/{rel}","templated":true}]}}