{"id":36511,"date":"2026-02-27T00:34:46","date_gmt":"2026-02-27T00:34:46","guid":{"rendered":"https:\/\/nordicmart.andreevmaster.com\/product\/rolly-toys-rollytrailer-sailioperavaunu-traktorille-palokunta-5-l\/"},"modified":"2026-02-27T09:52:27","modified_gmt":"2026-02-27T09:52:27","slug":"rolly-toys-rollytrailer-sailioperavaunu-traktorille-palokunta-5-l","status":"publish","type":"product","link":"https:\/\/nordicmart.andreevmaster.com\/fi\/tuote\/rolly-toys-rollytrailer-sailioperavaunu-traktorille-palokunta-5-l\/","title":{"rendered":"Rolly Toys rollyTrailer S\u00e4ili\u00f6per\u00e4vaunu traktorille Palokunta 5 l"},"content":{"rendered":"<p>Lapset katsovat maailmaa innokkaasti, etenkin kun kyseess\u00e4 ovat t\u00e4llaiset ajoneuvot, joten t\u00e4m\u00e4 tuote tuo varmasti iloa jokaiselle lapselle.<\/p>\n<p>Rolly Toys -tuotteiden avulla jokainen lapsi voi rakentaa oman pienen maailmansa. Todellisista esikuvista inspiraatiota saaden ja hieman mielikuvitusta k\u00e4ytt\u00e4en upeat tarinat alkavat avautua silmiesi edess\u00e4. Sopii kaikkiin Rolly Toys -ajoneuvoihin. S\u00e4ili\u00f6auto voidaan t\u00e4ytt\u00e4\u00e4 vedell\u00e4 ja k\u00e4ytt\u00e4\u00e4 sitten ruiskulla tai suuttimella puutarhan, jalkak\u00e4yt\u00e4v\u00e4n jne. kasteluun. Tarvittava paine syntyy k\u00e4sipumpulla!<\/p>\n","protected":false},"excerpt":{"rendered":"<p>Lapset katsovat maailmaa innokkaasti, etenkin kun kyseess\u00e4 ovat t\u00e4llaiset ajoneuvot, joten t\u00e4m\u00e4 tuote tuo varmasti iloa jokaiselle lapselle. Rolly Toys -tuotteiden avulla jokainen lapsi voi rakentaa oman pienen maailmansa. Todellisista esikuvista inspiraatiota saaden ja hieman mielikuvitusta k\u00e4ytt\u00e4en upeat tarinat alkavat avautua silmiesi edess\u00e4. Sopii kaikkiin Rolly Toys -ajoneuvoihin. S\u00e4ili\u00f6auto voidaan t\u00e4ytt\u00e4\u00e4 vedell\u00e4 ja k\u00e4ytt\u00e4\u00e4 sitten [&hellip;]<\/p>\n","protected":false},"featured_media":0,"comment_status":"open","ping_status":"closed","template":"","meta":[],"product_brand":[],"product_cat":[32],"product_tag":[],"class_list":{"0":"post-36511","1":"product","2":"type-product","3":"status-publish","5":"product_cat-uncategorized-fi","7":"first","8":"instock","9":"shipping-taxable","10":"purchasable","11":"product-type-simple"},"_links":{"self":[{"href":"https:\/\/nordicmart.andreevmaster.com\/fi\/wp-json\/wp\/v2\/product\/36511","targetHints":{"allow":["GET"]}}],"collection":[{"href":"https:\/\/nordicmart.andreevmaster.com\/fi\/wp-json\/wp\/v2\/product"}],"about":[{"href":"https:\/\/nordicmart.andreevmaster.com\/fi\/wp-json\/wp\/v2\/types\/product"}],"replies":[{"embeddable":true,"href":"https:\/\/nordicmart.andreevmaster.com\/fi\/wp-json\/wp\/v2\/comments?post=36511"}],"wp:attachment":[{"href":"https:\/\/nordicmart.andreevmaster.com\/fi\/wp-json\/wp\/v2\/media?parent=36511"}],"wp:term":[{"taxonomy":"product_brand","embeddable":true,"href":"https:\/\/nordicmart.andreevmaster.com\/fi\/wp-json\/wp\/v2\/product_brand?post=36511"},{"taxonomy":"product_cat","embeddable":true,"href":"https:\/\/nordicmart.andreevmaster.com\/fi\/wp-json\/wp\/v2\/product_cat?post=36511"},{"taxonomy":"product_tag","embeddable":true,"href":"https:\/\/nordicmart.andreevmaster.com\/fi\/wp-json\/wp\/v2\/product_tag?post=36511"}],"curies":[{"name":"wp","href":"https:\/\/api.w.org\/{rel}","templated":true}]}}