{"id":36510,"date":"2026-02-27T00:34:45","date_gmt":"2026-02-27T00:34:45","guid":{"rendered":"https:\/\/nordicmart.andreevmaster.com\/product\/rolly-toys-rollytrailer-sailioperavaunu-ruiskulla-ja-pumpulla\/"},"modified":"2026-02-27T09:52:26","modified_gmt":"2026-02-27T09:52:26","slug":"rolly-toys-rollytrailer-sailioperavaunu-ruiskulla-ja-pumpulla","status":"publish","type":"product","link":"https:\/\/nordicmart.andreevmaster.com\/fi\/tuote\/rolly-toys-rollytrailer-sailioperavaunu-ruiskulla-ja-pumpulla\/","title":{"rendered":"Rolly Toys rollyTrailer S\u00e4ili\u00f6per\u00e4vaunu ruiskulla ja pumpulla"},"content":{"rendered":"<p>T\u00e4ydellinen lelu puutarhureille ja siisteysintoilijoille! Ihanteellinen lis\u00e4varuste kaikkiin Rolly Toys -traktoreihin. Huolellisesti valmistettu pienimpi\u00e4kin yksityiskohtia my\u00f6ten.<br \/>\n* S\u00e4ili\u00f6 voidaan t\u00e4ytt\u00e4\u00e4 vedell\u00e4 ja k\u00e4ytt\u00e4\u00e4 sitten puutarhan tai ajotien kasteluun ruiskulla ja k\u00e4sipumpulla.<br \/>\n* Per\u00e4vaunun etuosassa on erityinen ylim\u00e4\u00e4r\u00e4inen alaslaskettava py\u00f6r\u00e4, joka est\u00e4\u00e4 per\u00e4vaunua kaatumasta, kun se irrotetaan traktorista.<br \/>\n* Sopii kaikkiin Rolly Toys -ajoneuvoihin.<br \/>\n* Tilavuus 30 l.<\/p>\n","protected":false},"excerpt":{"rendered":"<p>T\u00e4ydellinen lelu puutarhureille ja siisteysintoilijoille! Ihanteellinen lis\u00e4varuste kaikkiin Rolly Toys -traktoreihin. Huolellisesti valmistettu pienimpi\u00e4kin yksityiskohtia my\u00f6ten. * S\u00e4ili\u00f6 voidaan t\u00e4ytt\u00e4\u00e4 vedell\u00e4 ja k\u00e4ytt\u00e4\u00e4 sitten puutarhan tai ajotien kasteluun ruiskulla ja k\u00e4sipumpulla. * Per\u00e4vaunun etuosassa on erityinen ylim\u00e4\u00e4r\u00e4inen alaslaskettava py\u00f6r\u00e4, joka est\u00e4\u00e4 per\u00e4vaunua kaatumasta, kun se irrotetaan traktorista. * Sopii kaikkiin Rolly Toys -ajoneuvoihin. * Tilavuus [&hellip;]<\/p>\n","protected":false},"featured_media":0,"comment_status":"open","ping_status":"closed","template":"","meta":[],"product_brand":[],"product_cat":[32],"product_tag":[],"class_list":{"0":"post-36510","1":"product","2":"type-product","3":"status-publish","5":"product_cat-uncategorized-fi","7":"first","8":"instock","9":"shipping-taxable","10":"purchasable","11":"product-type-simple"},"_links":{"self":[{"href":"https:\/\/nordicmart.andreevmaster.com\/fi\/wp-json\/wp\/v2\/product\/36510","targetHints":{"allow":["GET"]}}],"collection":[{"href":"https:\/\/nordicmart.andreevmaster.com\/fi\/wp-json\/wp\/v2\/product"}],"about":[{"href":"https:\/\/nordicmart.andreevmaster.com\/fi\/wp-json\/wp\/v2\/types\/product"}],"replies":[{"embeddable":true,"href":"https:\/\/nordicmart.andreevmaster.com\/fi\/wp-json\/wp\/v2\/comments?post=36510"}],"wp:attachment":[{"href":"https:\/\/nordicmart.andreevmaster.com\/fi\/wp-json\/wp\/v2\/media?parent=36510"}],"wp:term":[{"taxonomy":"product_brand","embeddable":true,"href":"https:\/\/nordicmart.andreevmaster.com\/fi\/wp-json\/wp\/v2\/product_brand?post=36510"},{"taxonomy":"product_cat","embeddable":true,"href":"https:\/\/nordicmart.andreevmaster.com\/fi\/wp-json\/wp\/v2\/product_cat?post=36510"},{"taxonomy":"product_tag","embeddable":true,"href":"https:\/\/nordicmart.andreevmaster.com\/fi\/wp-json\/wp\/v2\/product_tag?post=36510"}],"curies":[{"name":"wp","href":"https:\/\/api.w.org\/{rel}","templated":true}]}}