{"id":36509,"date":"2026-02-27T00:34:45","date_gmt":"2026-02-27T00:34:45","guid":{"rendered":"https:\/\/nordicmart.andreevmaster.com\/product\/rolly-toys-rollytrailer-joskin-halfpipe-kippivaunu\/"},"modified":"2026-02-27T09:52:26","modified_gmt":"2026-02-27T09:52:26","slug":"rolly-toys-rollytrailer-joskin-halfpipe-kippivaunu","status":"publish","type":"product","link":"https:\/\/nordicmart.andreevmaster.com\/fi\/tuote\/rolly-toys-rollytrailer-joskin-halfpipe-kippivaunu\/","title":{"rendered":"Rolly Toys rollyTrailer Joskin Halfpipe -kippivaunu"},"content":{"rendered":"<p>Rolly Toys Halfpipe Joskin -kippivaunu Se on vakaa, koska siin\u00e4 on 2 py\u00f6r\u00e4akselia. Se sopii kaikkiin Rolly Toys -ajoneuvoihin.<\/p>\n<p>Lelu sis\u00e4lt\u00e4\u00e4:<\/p>\n<p>* kaksiaxelin vakauden takaamiseksi,<br \/>\n* vaunun nostomekanismin helpottamaan purkamista.<\/p>\n<p>Rolly Toys on saksalainen yritys, jonka Franz ja Rosa Schneider perustivat vuonna 1938. Nyky\u00e4\u00e4n, yli 75 vuotta my\u00f6hemmin, perheyrityst\u00e4 johtaa edelleen toinen ja kolmas sukupolvi yht\u00e4 sitoutuneesti kuin ennenkin. Perustamisestaan l\u00e4htien Rolly Toysin tavoitteena on ollut tuoda iloa lapsille ja vanhemmille ymp\u00e4ri maailmaa korkealaatuisilla lasten leluilla.<\/p>\n","protected":false},"excerpt":{"rendered":"<p>Rolly Toys Halfpipe Joskin -kippivaunu Se on vakaa, koska siin\u00e4 on 2 py\u00f6r\u00e4akselia. Se sopii kaikkiin Rolly Toys -ajoneuvoihin. Lelu sis\u00e4lt\u00e4\u00e4: * kaksiaxelin vakauden takaamiseksi, * vaunun nostomekanismin helpottamaan purkamista. Rolly Toys on saksalainen yritys, jonka Franz ja Rosa Schneider perustivat vuonna 1938. Nyky\u00e4\u00e4n, yli 75 vuotta my\u00f6hemmin, perheyrityst\u00e4 johtaa edelleen toinen ja kolmas sukupolvi [&hellip;]<\/p>\n","protected":false},"featured_media":0,"comment_status":"open","ping_status":"closed","template":"","meta":[],"product_brand":[],"product_cat":[32],"product_tag":[],"class_list":{"0":"post-36509","1":"product","2":"type-product","3":"status-publish","5":"product_cat-uncategorized-fi","7":"first","8":"instock","9":"shipping-taxable","10":"purchasable","11":"product-type-simple"},"_links":{"self":[{"href":"https:\/\/nordicmart.andreevmaster.com\/fi\/wp-json\/wp\/v2\/product\/36509","targetHints":{"allow":["GET"]}}],"collection":[{"href":"https:\/\/nordicmart.andreevmaster.com\/fi\/wp-json\/wp\/v2\/product"}],"about":[{"href":"https:\/\/nordicmart.andreevmaster.com\/fi\/wp-json\/wp\/v2\/types\/product"}],"replies":[{"embeddable":true,"href":"https:\/\/nordicmart.andreevmaster.com\/fi\/wp-json\/wp\/v2\/comments?post=36509"}],"wp:attachment":[{"href":"https:\/\/nordicmart.andreevmaster.com\/fi\/wp-json\/wp\/v2\/media?parent=36509"}],"wp:term":[{"taxonomy":"product_brand","embeddable":true,"href":"https:\/\/nordicmart.andreevmaster.com\/fi\/wp-json\/wp\/v2\/product_brand?post=36509"},{"taxonomy":"product_cat","embeddable":true,"href":"https:\/\/nordicmart.andreevmaster.com\/fi\/wp-json\/wp\/v2\/product_cat?post=36509"},{"taxonomy":"product_tag","embeddable":true,"href":"https:\/\/nordicmart.andreevmaster.com\/fi\/wp-json\/wp\/v2\/product_tag?post=36509"}],"curies":[{"name":"wp","href":"https:\/\/api.w.org\/{rel}","templated":true}]}}