{"id":36508,"date":"2026-02-27T00:34:45","date_gmt":"2026-02-27T00:34:45","guid":{"rendered":"https:\/\/nordicmart.andreevmaster.com\/product\/feber-fantasy-pink-lasten-puutarhatalo\/"},"modified":"2026-02-27T09:52:26","modified_gmt":"2026-02-27T09:52:26","slug":"feber-fantasy-pink-lasten-puutarhatalo","status":"publish","type":"product","link":"https:\/\/nordicmart.andreevmaster.com\/fi\/tuote\/feber-fantasy-pink-lasten-puutarhatalo\/","title":{"rendered":"FEBER Fantasy Pink -lasten puutarhatalo"},"content":{"rendered":"<p>Fantasia-puutarham\u00f6kki, jossa on tilava sis\u00e4tila luovaan leikkiin. Valmistettu uusinta teknologiaa ja korkeimpia turvallisuusstandardeja noudattaen. Sis\u00e4\u00e4nk\u00e4ynnin ovessa on aukko, joka toimii postilaatikkona. Toimiva ja realistinen leikkim\u00f6kki, jonka teemana on kev\u00e4t. Koko m\u00f6kki on valmistettu v\u00e4rikk\u00e4\u00e4st\u00e4 muovista, joka kest\u00e4\u00e4 auringonvaloa ja l\u00e4mp\u00f6tilan vaihteluita. Feber-leikkim\u00f6kki on eritt\u00e4in helppo koota. Lapsesi ilo on korvaamatonta!<\/p>\n<p>Ominaisuudet:<\/p>\n<p>* &#8211; avattava ovi,<br \/>\n* &#8211; postilaatikko ovessa,<br \/>\n* &#8211; helppo ja nopea asennus,<br \/>\n* &#8211; kest\u00e4v\u00e4, vakaa ja kest\u00e4v\u00e4,<br \/>\n* &#8211; valmistettu kokonaan kest\u00e4v\u00e4st\u00e4 ja vakaasta muovista, joka on p\u00e4\u00e4llystetty ANTI-UV-pinnoitteella, joka suojaa v\u00e4rej\u00e4 haalistumiselta.<\/p>\n<p>Lelu kehitt\u00e4\u00e4:<\/p>\n<p>* &#8211; kehitt\u00e4\u00e4 mielikuvitusta,<br \/>\n* &#8211; kannustaa roolileikkeihin,<br \/>\n* &#8211; muokkaa luovuutta,<br \/>\n* &#8211; opettaa yhteisty\u00f6t\u00e4 muiden lasten kanssa.<\/p>\n<p>FEBER-leluihin kuuluvat: puutarhalelut, keinut, leikkikent\u00e4t, liukum\u00e4et ja vesiliukum\u00e4et, kolmipy\u00f6r\u00e4t ja monet muut. FEBER-lelut ovat AENOR ISO 9001-, ISO 14001- ja OSHAS18001-sertifioituja, mik\u00e4 todistaa lelujen valmistukseen liittyvien prosessien erinomaisuuden ja laadun: suunnittelusta ja tuotannosta huoltoon.<\/p>\n","protected":false},"excerpt":{"rendered":"<p>Fantasia-puutarham\u00f6kki, jossa on tilava sis\u00e4tila luovaan leikkiin. Valmistettu uusinta teknologiaa ja korkeimpia turvallisuusstandardeja noudattaen. Sis\u00e4\u00e4nk\u00e4ynnin ovessa on aukko, joka toimii postilaatikkona. Toimiva ja realistinen leikkim\u00f6kki, jonka teemana on kev\u00e4t. Koko m\u00f6kki on valmistettu v\u00e4rikk\u00e4\u00e4st\u00e4 muovista, joka kest\u00e4\u00e4 auringonvaloa ja l\u00e4mp\u00f6tilan vaihteluita. Feber-leikkim\u00f6kki on eritt\u00e4in helppo koota. Lapsesi ilo on korvaamatonta! Ominaisuudet: * &#8211; avattava ovi, [&hellip;]<\/p>\n","protected":false},"featured_media":0,"comment_status":"open","ping_status":"closed","template":"","meta":[],"product_brand":[],"product_cat":[32],"product_tag":[],"class_list":{"0":"post-36508","1":"product","2":"type-product","3":"status-publish","5":"product_cat-uncategorized-fi","7":"first","8":"instock","9":"shipping-taxable","10":"purchasable","11":"product-type-simple"},"_links":{"self":[{"href":"https:\/\/nordicmart.andreevmaster.com\/fi\/wp-json\/wp\/v2\/product\/36508","targetHints":{"allow":["GET"]}}],"collection":[{"href":"https:\/\/nordicmart.andreevmaster.com\/fi\/wp-json\/wp\/v2\/product"}],"about":[{"href":"https:\/\/nordicmart.andreevmaster.com\/fi\/wp-json\/wp\/v2\/types\/product"}],"replies":[{"embeddable":true,"href":"https:\/\/nordicmart.andreevmaster.com\/fi\/wp-json\/wp\/v2\/comments?post=36508"}],"wp:attachment":[{"href":"https:\/\/nordicmart.andreevmaster.com\/fi\/wp-json\/wp\/v2\/media?parent=36508"}],"wp:term":[{"taxonomy":"product_brand","embeddable":true,"href":"https:\/\/nordicmart.andreevmaster.com\/fi\/wp-json\/wp\/v2\/product_brand?post=36508"},{"taxonomy":"product_cat","embeddable":true,"href":"https:\/\/nordicmart.andreevmaster.com\/fi\/wp-json\/wp\/v2\/product_cat?post=36508"},{"taxonomy":"product_tag","embeddable":true,"href":"https:\/\/nordicmart.andreevmaster.com\/fi\/wp-json\/wp\/v2\/product_tag?post=36508"}],"curies":[{"name":"wp","href":"https:\/\/api.w.org\/{rel}","templated":true}]}}