{"id":36505,"date":"2026-02-27T00:34:44","date_gmt":"2026-02-27T00:34:44","guid":{"rendered":"https:\/\/nordicmart.andreevmaster.com\/product\/rolly-toys-rollyhalfpipe-john-deere-kippivaunu\/"},"modified":"2026-02-27T09:52:25","modified_gmt":"2026-02-27T09:52:25","slug":"rolly-toys-rollyhalfpipe-john-deere-kippivaunu","status":"publish","type":"product","link":"https:\/\/nordicmart.andreevmaster.com\/fi\/tuote\/rolly-toys-rollyhalfpipe-john-deere-kippivaunu\/","title":{"rendered":"Rolly Toys rollyHalfpipe John Deere Kippivaunu"},"content":{"rendered":"<p>Rolly Toys Halfpipe -kippivaunu on vakaa kahden py\u00f6r\u00e4n akselinsa ansiosta.<\/p>\n<p>* takana avautuvat sivut,<br \/>\n* suuri s\u00e4ili\u00f6,<br \/>\n* kippilaatikko kiinnitetyn puomin ansiosta,<br \/>\n* kaksiakselinen per\u00e4vaunu,<br \/>\n* sopii kaikkiin Rolly Toys -traktoreihin, joissa on per\u00e4vaunun kiinnitys.<\/p>\n<p>Rolly Toys on saksalainen yritys, jonka Franz ja Rosa Schneider perustivat vuonna 1938. Nyky\u00e4\u00e4n, yli 75 vuotta my\u00f6hemmin, perheyrityst\u00e4 johtaa edelleen toinen ja kolmas sukupolvi yht\u00e4 sitoutuneesti kuin ennenkin. Alusta l\u00e4htien Rolly Toysin tavoitteena on ollut tuoda iloa lapsille ja vanhemmille ymp\u00e4ri maailmaa korkealaatuisilla lasten leluilla.<\/p>\n","protected":false},"excerpt":{"rendered":"<p>Rolly Toys Halfpipe -kippivaunu on vakaa kahden py\u00f6r\u00e4n akselinsa ansiosta. * takana avautuvat sivut, * suuri s\u00e4ili\u00f6, * kippilaatikko kiinnitetyn puomin ansiosta, * kaksiakselinen per\u00e4vaunu, * sopii kaikkiin Rolly Toys -traktoreihin, joissa on per\u00e4vaunun kiinnitys. Rolly Toys on saksalainen yritys, jonka Franz ja Rosa Schneider perustivat vuonna 1938. Nyky\u00e4\u00e4n, yli 75 vuotta my\u00f6hemmin, perheyrityst\u00e4 johtaa [&hellip;]<\/p>\n","protected":false},"featured_media":0,"comment_status":"open","ping_status":"closed","template":"","meta":[],"product_brand":[],"product_cat":[32],"product_tag":[],"class_list":{"0":"post-36505","1":"product","2":"type-product","3":"status-publish","5":"product_cat-uncategorized-fi","7":"first","8":"instock","9":"shipping-taxable","10":"purchasable","11":"product-type-simple"},"_links":{"self":[{"href":"https:\/\/nordicmart.andreevmaster.com\/fi\/wp-json\/wp\/v2\/product\/36505","targetHints":{"allow":["GET"]}}],"collection":[{"href":"https:\/\/nordicmart.andreevmaster.com\/fi\/wp-json\/wp\/v2\/product"}],"about":[{"href":"https:\/\/nordicmart.andreevmaster.com\/fi\/wp-json\/wp\/v2\/types\/product"}],"replies":[{"embeddable":true,"href":"https:\/\/nordicmart.andreevmaster.com\/fi\/wp-json\/wp\/v2\/comments?post=36505"}],"wp:attachment":[{"href":"https:\/\/nordicmart.andreevmaster.com\/fi\/wp-json\/wp\/v2\/media?parent=36505"}],"wp:term":[{"taxonomy":"product_brand","embeddable":true,"href":"https:\/\/nordicmart.andreevmaster.com\/fi\/wp-json\/wp\/v2\/product_brand?post=36505"},{"taxonomy":"product_cat","embeddable":true,"href":"https:\/\/nordicmart.andreevmaster.com\/fi\/wp-json\/wp\/v2\/product_cat?post=36505"},{"taxonomy":"product_tag","embeddable":true,"href":"https:\/\/nordicmart.andreevmaster.com\/fi\/wp-json\/wp\/v2\/product_tag?post=36505"}],"curies":[{"name":"wp","href":"https:\/\/api.w.org\/{rel}","templated":true}]}}