{"id":36504,"date":"2026-02-27T00:34:44","date_gmt":"2026-02-27T00:34:44","guid":{"rendered":"https:\/\/nordicmart.andreevmaster.com\/product\/rolly-toys-rollytrailer-traktorin-peravaunu-jossa-avattavat-sivut\/"},"modified":"2026-02-27T09:52:25","modified_gmt":"2026-02-27T09:52:25","slug":"rolly-toys-rollytrailer-traktorin-peravaunu-jossa-avattavat-sivut","status":"publish","type":"product","link":"https:\/\/nordicmart.andreevmaster.com\/fi\/tuote\/rolly-toys-rollytrailer-traktorin-peravaunu-jossa-avattavat-sivut\/","title":{"rendered":"Rolly Toys rollyTrailer Traktorin per\u00e4vaunu, jossa avattavat sivut"},"content":{"rendered":"<p>Punainen ja harmaa per\u00e4vaunu, jossa avattavat sivut, on t\u00e4ydellinen lis\u00e4 Rolly Toys -traktoriin.* avattavat sivut * yksiakselinen per\u00e4vaunu * sopii kaikkiin Rolly Toys -traktoreihin, joissa on per\u00e4vaunun kiinnityspiste * mitat: pituus: 62 cm, leveys: 46 cm, korkeus: 37 cm * tuotteen paino: 3,1 kg Rolly Toys on saksalainen yritys, jonka Franz ja Rosa Schneider perustivat vuonna 1938. Nyky\u00e4\u00e4n, yli 75 vuotta my\u00f6hemmin, perheyrityst\u00e4 johtaa edelleen toinen ja kolmas sukupolvi yht\u00e4 sitoutuneesti kuin ennenkin. Perustamisestaan l\u00e4htien Rolly Toysin tavoitteena on ollut tuoda iloa lapsille ja vanhemmille ymp\u00e4ri maailmaa korkealaatuisilla lasten leluilla.<\/p>\n","protected":false},"excerpt":{"rendered":"<p>Punainen ja harmaa per\u00e4vaunu, jossa avattavat sivut, on t\u00e4ydellinen lis\u00e4 Rolly Toys -traktoriin.* avattavat sivut * yksiakselinen per\u00e4vaunu * sopii kaikkiin Rolly Toys -traktoreihin, joissa on per\u00e4vaunun kiinnityspiste * mitat: pituus: 62 cm, leveys: 46 cm, korkeus: 37 cm * tuotteen paino: 3,1 kg Rolly Toys on saksalainen yritys, jonka Franz ja Rosa Schneider perustivat [&hellip;]<\/p>\n","protected":false},"featured_media":0,"comment_status":"open","ping_status":"closed","template":"","meta":[],"product_brand":[],"product_cat":[32],"product_tag":[],"class_list":{"0":"post-36504","1":"product","2":"type-product","3":"status-publish","5":"product_cat-uncategorized-fi","7":"first","8":"instock","9":"shipping-taxable","10":"purchasable","11":"product-type-simple"},"_links":{"self":[{"href":"https:\/\/nordicmart.andreevmaster.com\/fi\/wp-json\/wp\/v2\/product\/36504","targetHints":{"allow":["GET"]}}],"collection":[{"href":"https:\/\/nordicmart.andreevmaster.com\/fi\/wp-json\/wp\/v2\/product"}],"about":[{"href":"https:\/\/nordicmart.andreevmaster.com\/fi\/wp-json\/wp\/v2\/types\/product"}],"replies":[{"embeddable":true,"href":"https:\/\/nordicmart.andreevmaster.com\/fi\/wp-json\/wp\/v2\/comments?post=36504"}],"wp:attachment":[{"href":"https:\/\/nordicmart.andreevmaster.com\/fi\/wp-json\/wp\/v2\/media?parent=36504"}],"wp:term":[{"taxonomy":"product_brand","embeddable":true,"href":"https:\/\/nordicmart.andreevmaster.com\/fi\/wp-json\/wp\/v2\/product_brand?post=36504"},{"taxonomy":"product_cat","embeddable":true,"href":"https:\/\/nordicmart.andreevmaster.com\/fi\/wp-json\/wp\/v2\/product_cat?post=36504"},{"taxonomy":"product_tag","embeddable":true,"href":"https:\/\/nordicmart.andreevmaster.com\/fi\/wp-json\/wp\/v2\/product_tag?post=36504"}],"curies":[{"name":"wp","href":"https:\/\/api.w.org\/{rel}","templated":true}]}}