{"id":36503,"date":"2026-02-27T00:34:44","date_gmt":"2026-02-27T00:34:44","guid":{"rendered":"https:\/\/nordicmart.andreevmaster.com\/product\/minikitarra-15-cm-bmg-042-slash-tyyli\/"},"modified":"2026-02-27T09:52:25","modified_gmt":"2026-02-27T09:52:25","slug":"minikitarra-15-cm-bmg-042-slash-tyyli","status":"publish","type":"product","link":"https:\/\/nordicmart.andreevmaster.com\/fi\/tuote\/minikitarra-15-cm-bmg-042-slash-tyyli\/","title":{"rendered":"Minikitarra 15 cm &#8211; BMG-042 &#8211; Slash-tyyli"},"content":{"rendered":"<p>Minikitarra 15 cm &#8211; BMG-042 &#8211; Slash-tyyli&nbsp;&nbsp;&nbsp;&nbsp;T\u00e4m\u00e4 minikitarra on valmistettu k\u00e4sin mahonki-puusta. Kitara ei ole lelu. Sill\u00e4 ei voi soittaa.&nbsp;&nbsp;Tuotetiedot:&nbsp;Mitat: 15,5 x 6 x 0,4 cmMittakaava: 1:6Materiaali: mahonkiV\u00e4ri: musta, valkoinen, ruskeaMukana muovinen ja metallinen teline kitaran asettamista varten&nbsp;Mini Slash -tyylinen kitara sopii erinomaisesti:&nbsp;lahjaksi kitaristille lahjaksi rockfanille&nbsp;&nbsp;Huomaa, ett\u00e4 myyj\u00e4 ei ole mill\u00e4\u00e4n tavalla sidoksissa varsinaisten instrumenttien valmistajiin tai yksitt\u00e4isiin artisteihin. Mallien tai artistien nimet ovat esimerkillisi\u00e4. Tunnettuja nimi\u00e4 k\u00e4ytet\u00e4\u00e4n vain tietyn musiikkityylin esittelemiseen. Mik\u00e4\u00e4n instrumenteista ei ole mittasuhteiltaan, kooltaan tai muotoilultaan tarkka kopio.&nbsp;<\/p>\n","protected":false},"excerpt":{"rendered":"<p>Minikitarra 15 cm &#8211; BMG-042 &#8211; Slash-tyyli&nbsp;&nbsp;&nbsp;&nbsp;T\u00e4m\u00e4 minikitarra on valmistettu k\u00e4sin mahonki-puusta. Kitara ei ole lelu. Sill\u00e4 ei voi soittaa.&nbsp;&nbsp;Tuotetiedot:&nbsp;Mitat: 15,5 x 6 x 0,4 cmMittakaava: 1:6Materiaali: mahonkiV\u00e4ri: musta, valkoinen, ruskeaMukana muovinen ja metallinen teline kitaran asettamista varten&nbsp;Mini Slash -tyylinen kitara sopii erinomaisesti:&nbsp;lahjaksi kitaristille lahjaksi rockfanille&nbsp;&nbsp;Huomaa, ett\u00e4 myyj\u00e4 ei ole mill\u00e4\u00e4n tavalla sidoksissa varsinaisten instrumenttien [&hellip;]<\/p>\n","protected":false},"featured_media":44772,"comment_status":"open","ping_status":"closed","template":"","meta":[],"product_brand":[],"product_cat":[32],"product_tag":[],"class_list":{"0":"post-36503","1":"product","2":"type-product","3":"status-publish","4":"has-post-thumbnail","6":"product_cat-uncategorized-fi","8":"first","9":"instock","10":"shipping-taxable","11":"purchasable","12":"product-type-simple"},"_links":{"self":[{"href":"https:\/\/nordicmart.andreevmaster.com\/fi\/wp-json\/wp\/v2\/product\/36503","targetHints":{"allow":["GET"]}}],"collection":[{"href":"https:\/\/nordicmart.andreevmaster.com\/fi\/wp-json\/wp\/v2\/product"}],"about":[{"href":"https:\/\/nordicmart.andreevmaster.com\/fi\/wp-json\/wp\/v2\/types\/product"}],"replies":[{"embeddable":true,"href":"https:\/\/nordicmart.andreevmaster.com\/fi\/wp-json\/wp\/v2\/comments?post=36503"}],"wp:featuredmedia":[{"embeddable":true,"href":"https:\/\/nordicmart.andreevmaster.com\/fi\/wp-json\/wp\/v2\/media\/44772"}],"wp:attachment":[{"href":"https:\/\/nordicmart.andreevmaster.com\/fi\/wp-json\/wp\/v2\/media?parent=36503"}],"wp:term":[{"taxonomy":"product_brand","embeddable":true,"href":"https:\/\/nordicmart.andreevmaster.com\/fi\/wp-json\/wp\/v2\/product_brand?post=36503"},{"taxonomy":"product_cat","embeddable":true,"href":"https:\/\/nordicmart.andreevmaster.com\/fi\/wp-json\/wp\/v2\/product_cat?post=36503"},{"taxonomy":"product_tag","embeddable":true,"href":"https:\/\/nordicmart.andreevmaster.com\/fi\/wp-json\/wp\/v2\/product_tag?post=36503"}],"curies":[{"name":"wp","href":"https:\/\/api.w.org\/{rel}","templated":true}]}}