{"id":36502,"date":"2026-02-27T00:34:43","date_gmt":"2026-02-27T00:34:43","guid":{"rendered":"https:\/\/nordicmart.andreevmaster.com\/product\/mini-kitara-15-cm-e-claptonin-tyyliin-bmg-030\/"},"modified":"2026-02-27T09:52:25","modified_gmt":"2026-02-27T09:52:25","slug":"mini-kitara-15-cm-e-claptonin-tyyliin-bmg-030","status":"publish","type":"product","link":"https:\/\/nordicmart.andreevmaster.com\/fi\/tuote\/mini-kitara-15-cm-e-claptonin-tyyliin-bmg-030\/","title":{"rendered":"Mini-kitara 15 cm, E. Claptonin tyyliin &#8211; BMG-030"},"content":{"rendered":"<p>E. Claptonin tyylinen minikitarra 15 cm &#8211; BMG-030 &nbsp;&nbsp;E. Claptonin tyylinen minikitarra 15 cm &#8211; BMG-030 on kuuluisan soittimen pienoismalli, joka ilahduttaa kaikkia kitaran yst\u00e4vi\u00e4. Se sopii t\u00e4ydellisesti hyllylle, p\u00f6yd\u00e4lle tai vitriiniin. Mukana tulee k\u00e4yt\u00e4nn\u00f6llinen teline. T\u00e4m\u00e4 on erinomainen idea pieneksi lahjaksi musiikin yst\u00e4v\u00e4lle.&nbsp;&nbsp;Tuotetiedot:&nbsp;Pienikokoinen kitaramalli, valmistettu puusta, k\u00e4sinmaalattuBlister-tyyppinen pakkausMitat: 15,5 x 6 x 0,4 cm Mukana muovinen telineValmistettu mittakaavassa 1:6Ker\u00e4ilykohde&nbsp;&nbsp;Huomaa, ett\u00e4 tuote ei ole lelu. Se ei ole virallinen kopio soittimesta. Myyj\u00e4 ei ole mill\u00e4\u00e4n tavalla sidoksissa todellisten soittimien valmistajiin tai yksitt\u00e4isiin artisteihin. Mallien tai artistien nimet ovat esimerkillisi\u00e4. Mik\u00e4\u00e4n soittimista ei ole mittasuhteiltaan, kooltaan tai muotoilultaan uskollinen kopio.<\/p>\n","protected":false},"excerpt":{"rendered":"<p>E. Claptonin tyylinen minikitarra 15 cm &#8211; BMG-030 &nbsp;&nbsp;E. Claptonin tyylinen minikitarra 15 cm &#8211; BMG-030 on kuuluisan soittimen pienoismalli, joka ilahduttaa kaikkia kitaran yst\u00e4vi\u00e4. Se sopii t\u00e4ydellisesti hyllylle, p\u00f6yd\u00e4lle tai vitriiniin. Mukana tulee k\u00e4yt\u00e4nn\u00f6llinen teline. T\u00e4m\u00e4 on erinomainen idea pieneksi lahjaksi musiikin yst\u00e4v\u00e4lle.&nbsp;&nbsp;Tuotetiedot:&nbsp;Pienikokoinen kitaramalli, valmistettu puusta, k\u00e4sinmaalattuBlister-tyyppinen pakkausMitat: 15,5 x 6 x 0,4 cm [&hellip;]<\/p>\n","protected":false},"featured_media":44771,"comment_status":"open","ping_status":"closed","template":"","meta":[],"product_brand":[],"product_cat":[32],"product_tag":[],"class_list":{"0":"post-36502","1":"product","2":"type-product","3":"status-publish","4":"has-post-thumbnail","6":"product_cat-uncategorized-fi","8":"first","9":"instock","10":"shipping-taxable","11":"purchasable","12":"product-type-simple"},"_links":{"self":[{"href":"https:\/\/nordicmart.andreevmaster.com\/fi\/wp-json\/wp\/v2\/product\/36502","targetHints":{"allow":["GET"]}}],"collection":[{"href":"https:\/\/nordicmart.andreevmaster.com\/fi\/wp-json\/wp\/v2\/product"}],"about":[{"href":"https:\/\/nordicmart.andreevmaster.com\/fi\/wp-json\/wp\/v2\/types\/product"}],"replies":[{"embeddable":true,"href":"https:\/\/nordicmart.andreevmaster.com\/fi\/wp-json\/wp\/v2\/comments?post=36502"}],"wp:featuredmedia":[{"embeddable":true,"href":"https:\/\/nordicmart.andreevmaster.com\/fi\/wp-json\/wp\/v2\/media\/44771"}],"wp:attachment":[{"href":"https:\/\/nordicmart.andreevmaster.com\/fi\/wp-json\/wp\/v2\/media?parent=36502"}],"wp:term":[{"taxonomy":"product_brand","embeddable":true,"href":"https:\/\/nordicmart.andreevmaster.com\/fi\/wp-json\/wp\/v2\/product_brand?post=36502"},{"taxonomy":"product_cat","embeddable":true,"href":"https:\/\/nordicmart.andreevmaster.com\/fi\/wp-json\/wp\/v2\/product_cat?post=36502"},{"taxonomy":"product_tag","embeddable":true,"href":"https:\/\/nordicmart.andreevmaster.com\/fi\/wp-json\/wp\/v2\/product_tag?post=36502"}],"curies":[{"name":"wp","href":"https:\/\/api.w.org\/{rel}","templated":true}]}}