{"id":36501,"date":"2026-02-27T00:34:43","date_gmt":"2026-02-27T00:34:43","guid":{"rendered":"https:\/\/nordicmart.andreevmaster.com\/product\/minikitarra-15-cm-bmg-028-paul-mccartney-tyylinen\/"},"modified":"2026-02-27T09:52:25","modified_gmt":"2026-02-27T09:52:25","slug":"minikitarra-15-cm-bmg-028-paul-mccartney-tyylinen","status":"publish","type":"product","link":"https:\/\/nordicmart.andreevmaster.com\/fi\/tuote\/minikitarra-15-cm-bmg-028-paul-mccartney-tyylinen\/","title":{"rendered":"Minikitarra 15 cm &#8211; BMG-028 Paul McCartney -tyylinen"},"content":{"rendered":"<p>Minikitarra 15 cm &#8211; BMG-028 Paul McCartney -tyyli&nbsp;&nbsp;Tuotetiedot:&nbsp;Minikitarra &#8211; k\u00e4sintehty mahonki-puustaMitat: 15,5 x 6 x 0,4 cm, mittakaava 1:6Kitarateline mukanaT\u00e4m\u00e4 kitara on ker\u00e4ilykohde, ei lelu. Kitaralla ei voi soittaa. Se on koriste-esine.Blister-pakkaus&nbsp;&nbsp;Huomio! Minikitaralla ei ole t\u00e4m\u00e4n artistin kitaran tarkka kopio. Se heijastaa vain tietty\u00e4 musiikin tekemisen tyyli\u00e4. Myyj\u00e4 ei ole mill\u00e4\u00e4n tavalla yhteydess\u00e4 artistiin.&nbsp;<\/p>\n","protected":false},"excerpt":{"rendered":"<p>Minikitarra 15 cm &#8211; BMG-028 Paul McCartney -tyyli&nbsp;&nbsp;Tuotetiedot:&nbsp;Minikitarra &#8211; k\u00e4sintehty mahonki-puustaMitat: 15,5 x 6 x 0,4 cm, mittakaava 1:6Kitarateline mukanaT\u00e4m\u00e4 kitara on ker\u00e4ilykohde, ei lelu. Kitaralla ei voi soittaa. Se on koriste-esine.Blister-pakkaus&nbsp;&nbsp;Huomio! Minikitaralla ei ole t\u00e4m\u00e4n artistin kitaran tarkka kopio. Se heijastaa vain tietty\u00e4 musiikin tekemisen tyyli\u00e4. Myyj\u00e4 ei ole mill\u00e4\u00e4n tavalla yhteydess\u00e4 artistiin.&nbsp;<\/p>\n","protected":false},"featured_media":44770,"comment_status":"open","ping_status":"closed","template":"","meta":[],"product_brand":[],"product_cat":[32],"product_tag":[],"class_list":{"0":"post-36501","1":"product","2":"type-product","3":"status-publish","4":"has-post-thumbnail","6":"product_cat-uncategorized-fi","8":"first","9":"instock","10":"shipping-taxable","11":"purchasable","12":"product-type-simple"},"_links":{"self":[{"href":"https:\/\/nordicmart.andreevmaster.com\/fi\/wp-json\/wp\/v2\/product\/36501","targetHints":{"allow":["GET"]}}],"collection":[{"href":"https:\/\/nordicmart.andreevmaster.com\/fi\/wp-json\/wp\/v2\/product"}],"about":[{"href":"https:\/\/nordicmart.andreevmaster.com\/fi\/wp-json\/wp\/v2\/types\/product"}],"replies":[{"embeddable":true,"href":"https:\/\/nordicmart.andreevmaster.com\/fi\/wp-json\/wp\/v2\/comments?post=36501"}],"wp:featuredmedia":[{"embeddable":true,"href":"https:\/\/nordicmart.andreevmaster.com\/fi\/wp-json\/wp\/v2\/media\/44770"}],"wp:attachment":[{"href":"https:\/\/nordicmart.andreevmaster.com\/fi\/wp-json\/wp\/v2\/media?parent=36501"}],"wp:term":[{"taxonomy":"product_brand","embeddable":true,"href":"https:\/\/nordicmart.andreevmaster.com\/fi\/wp-json\/wp\/v2\/product_brand?post=36501"},{"taxonomy":"product_cat","embeddable":true,"href":"https:\/\/nordicmart.andreevmaster.com\/fi\/wp-json\/wp\/v2\/product_cat?post=36501"},{"taxonomy":"product_tag","embeddable":true,"href":"https:\/\/nordicmart.andreevmaster.com\/fi\/wp-json\/wp\/v2\/product_tag?post=36501"}],"curies":[{"name":"wp","href":"https:\/\/api.w.org\/{rel}","templated":true}]}}