{"id":36499,"date":"2026-02-27T00:34:42","date_gmt":"2026-02-27T00:34:42","guid":{"rendered":"https:\/\/nordicmart.andreevmaster.com\/product\/mini-kitara-15-cm-sting-bmg-022\/"},"modified":"2026-02-27T09:52:24","modified_gmt":"2026-02-27T09:52:24","slug":"mini-kitara-15-cm-sting-bmg-022","status":"publish","type":"product","link":"https:\/\/nordicmart.andreevmaster.com\/fi\/tuote\/mini-kitara-15-cm-sting-bmg-022\/","title":{"rendered":"Mini-kitara 15 cm \u2013 Sting \u2013 BMG-022"},"content":{"rendered":"<p>Minikitarra 15 cm &#8211; BMG-022&nbsp;&nbsp;Hanki rock&#8217;n&#8217;roll-kappale kokoelmaasi! Esittelemme ikonisen Les Paul -mallin innoittaman minikitaran, joka on valmistettu k\u00e4sity\u00f6n\u00e4 korkealaatuisesta mahonki puusta. Se ei ole vain t\u00e4ydellinen replica, vaan my\u00f6s ainutlaatuinen ker\u00e4ilykohde, joka ilahduttaa jokaista musiikin yst\u00e4v\u00e4\u00e4. Kompaktit mitat ja huomiota her\u00e4tt\u00e4v\u00e4t yksityiskohdat tekev\u00e4t t\u00e4st\u00e4 minikitarasta todellisen helmen rockfaneille.&nbsp;Tuotetiedot:&nbsp;Minikitarra &#8211; k\u00e4sintehty mahonki-puustaMitat: 15,5 x 6 x 0,4 cm, mittakaava 1:6Kitarateline mukanaT\u00e4m\u00e4 kitara on ker\u00e4ilykappale, se ei ole lelu. Kitaraa ei voi soittaa. Se on koriste-esine. Blister-pakkaus. Huomio! Minikitara ei ole tarkka kopio t\u00e4m\u00e4n artistin kitarasta. Se heijastaa vain tietty\u00e4 musiikin tekemisen tyyli\u00e4. Myyj\u00e4 ei ole mill\u00e4\u00e4n tavalla yhteydess\u00e4 artistiin.<\/p>\n","protected":false},"excerpt":{"rendered":"<p>Minikitarra 15 cm &#8211; BMG-022&nbsp;&nbsp;Hanki rock&#8217;n&#8217;roll-kappale kokoelmaasi! Esittelemme ikonisen Les Paul -mallin innoittaman minikitaran, joka on valmistettu k\u00e4sity\u00f6n\u00e4 korkealaatuisesta mahonki puusta. Se ei ole vain t\u00e4ydellinen replica, vaan my\u00f6s ainutlaatuinen ker\u00e4ilykohde, joka ilahduttaa jokaista musiikin yst\u00e4v\u00e4\u00e4. Kompaktit mitat ja huomiota her\u00e4tt\u00e4v\u00e4t yksityiskohdat tekev\u00e4t t\u00e4st\u00e4 minikitarasta todellisen helmen rockfaneille.&nbsp;Tuotetiedot:&nbsp;Minikitarra &#8211; k\u00e4sintehty mahonki-puustaMitat: 15,5 x 6 x [&hellip;]<\/p>\n","protected":false},"featured_media":44768,"comment_status":"open","ping_status":"closed","template":"","meta":[],"product_brand":[],"product_cat":[32],"product_tag":[],"class_list":{"0":"post-36499","1":"product","2":"type-product","3":"status-publish","4":"has-post-thumbnail","6":"product_cat-uncategorized-fi","8":"first","9":"instock","10":"shipping-taxable","11":"purchasable","12":"product-type-simple"},"_links":{"self":[{"href":"https:\/\/nordicmart.andreevmaster.com\/fi\/wp-json\/wp\/v2\/product\/36499","targetHints":{"allow":["GET"]}}],"collection":[{"href":"https:\/\/nordicmart.andreevmaster.com\/fi\/wp-json\/wp\/v2\/product"}],"about":[{"href":"https:\/\/nordicmart.andreevmaster.com\/fi\/wp-json\/wp\/v2\/types\/product"}],"replies":[{"embeddable":true,"href":"https:\/\/nordicmart.andreevmaster.com\/fi\/wp-json\/wp\/v2\/comments?post=36499"}],"wp:featuredmedia":[{"embeddable":true,"href":"https:\/\/nordicmart.andreevmaster.com\/fi\/wp-json\/wp\/v2\/media\/44768"}],"wp:attachment":[{"href":"https:\/\/nordicmart.andreevmaster.com\/fi\/wp-json\/wp\/v2\/media?parent=36499"}],"wp:term":[{"taxonomy":"product_brand","embeddable":true,"href":"https:\/\/nordicmart.andreevmaster.com\/fi\/wp-json\/wp\/v2\/product_brand?post=36499"},{"taxonomy":"product_cat","embeddable":true,"href":"https:\/\/nordicmart.andreevmaster.com\/fi\/wp-json\/wp\/v2\/product_cat?post=36499"},{"taxonomy":"product_tag","embeddable":true,"href":"https:\/\/nordicmart.andreevmaster.com\/fi\/wp-json\/wp\/v2\/product_tag?post=36499"}],"curies":[{"name":"wp","href":"https:\/\/api.w.org\/{rel}","templated":true}]}}