{"id":36498,"date":"2026-02-27T00:34:42","date_gmt":"2026-02-27T00:34:42","guid":{"rendered":"https:\/\/nordicmart.andreevmaster.com\/product\/minikitarra-15-cm-bmg-020-jimmy-page-tyyli\/"},"modified":"2026-02-27T09:52:24","modified_gmt":"2026-02-27T09:52:24","slug":"minikitarra-15-cm-bmg-020-jimmy-page-tyyli","status":"publish","type":"product","link":"https:\/\/nordicmart.andreevmaster.com\/fi\/tuote\/minikitarra-15-cm-bmg-020-jimmy-page-tyyli\/","title":{"rendered":"Minikitarra 15 cm &#8211; BMG-020 Jimmy Page -tyyli"},"content":{"rendered":"<p>Minikitarra 15 cm \u2013 BMG-020 Jimmy Page -tyyli&nbsp;Rockkitaristi Jimmy Pagen ja h\u00e4nen kaksikaulaisen Gibson-kitaransa innoittamana minikitarra vieh\u00e4tt\u00e4\u00e4 legendaarisen Led Zeppelin -yhtyeen faneja. Kitara on loistava musiikkiv\u00e4line Zeppelin-faneille, rockklassikoiden yst\u00e4ville ja muusikoille. Se sopii erinomaisesti levykokoelmaasi tai musiikin yst\u00e4v\u00e4n makuuhuoneen lipastoon.&nbsp;Minikitara on k\u00e4sintehty mahonki-puusta. Ker\u00e4ilykohde. Kitara ei ole lelu. Ei soi.&nbsp;Minikitaran 15 cm &#8211; Jimmy Page -tyylinen BMG-020 tekniset tiedot:&nbsp;&bull; Mitat: 15,5 x 6 x 0,4 cm&bull; Mittakaava: 1:6&bull; Materiaali: mahonki&bull; V\u00e4ri: ruskea, musta&bull; Sarjaan kuuluu muovi-metallinen teline kitaran asettamista varten&bull; Blisterpakkaus&nbsp;Mini-kitara 15 cm &#8211; BMG-020 Jimmy Page -tyylinen sopii erinomaisesti:&nbsp;&bull; Gadgetiksi Jimmy Page -fanille&bull; Gadgetiksi kitaristille&bull; Lahjaksi Zeppelin-fanille&bull; Musiikkikoristeeksi kotistudioosi&nbsp;Huomio! Myyj\u00e4 ei ole mill\u00e4\u00e4n tavalla yhteydess\u00e4 todellisten instrumenttien valmistajiin tai yksitt\u00e4isiin artisteihin. Mallien nimet tai artistien nimet ovat esimerkkej\u00e4. Kuuluisat nimet palvelevat vain tietyn musiikkityylin esittelemist\u00e4. Mik\u00e4\u00e4n soittimista ei ole tarkka kopio mittasuhteiden, koon ja muotoilun suhteen.&nbsp;<\/p>\n","protected":false},"excerpt":{"rendered":"<p>Minikitarra 15 cm \u2013 BMG-020 Jimmy Page -tyyli&nbsp;Rockkitaristi Jimmy Pagen ja h\u00e4nen kaksikaulaisen Gibson-kitaransa innoittamana minikitarra vieh\u00e4tt\u00e4\u00e4 legendaarisen Led Zeppelin -yhtyeen faneja. Kitara on loistava musiikkiv\u00e4line Zeppelin-faneille, rockklassikoiden yst\u00e4ville ja muusikoille. Se sopii erinomaisesti levykokoelmaasi tai musiikin yst\u00e4v\u00e4n makuuhuoneen lipastoon.&nbsp;Minikitara on k\u00e4sintehty mahonki-puusta. Ker\u00e4ilykohde. Kitara ei ole lelu. Ei soi.&nbsp;Minikitaran 15 cm &#8211; Jimmy Page [&hellip;]<\/p>\n","protected":false},"featured_media":44767,"comment_status":"open","ping_status":"closed","template":"","meta":[],"product_brand":[],"product_cat":[32],"product_tag":[],"class_list":{"0":"post-36498","1":"product","2":"type-product","3":"status-publish","4":"has-post-thumbnail","6":"product_cat-uncategorized-fi","8":"first","9":"instock","10":"shipping-taxable","11":"purchasable","12":"product-type-simple"},"_links":{"self":[{"href":"https:\/\/nordicmart.andreevmaster.com\/fi\/wp-json\/wp\/v2\/product\/36498","targetHints":{"allow":["GET"]}}],"collection":[{"href":"https:\/\/nordicmart.andreevmaster.com\/fi\/wp-json\/wp\/v2\/product"}],"about":[{"href":"https:\/\/nordicmart.andreevmaster.com\/fi\/wp-json\/wp\/v2\/types\/product"}],"replies":[{"embeddable":true,"href":"https:\/\/nordicmart.andreevmaster.com\/fi\/wp-json\/wp\/v2\/comments?post=36498"}],"wp:featuredmedia":[{"embeddable":true,"href":"https:\/\/nordicmart.andreevmaster.com\/fi\/wp-json\/wp\/v2\/media\/44767"}],"wp:attachment":[{"href":"https:\/\/nordicmart.andreevmaster.com\/fi\/wp-json\/wp\/v2\/media?parent=36498"}],"wp:term":[{"taxonomy":"product_brand","embeddable":true,"href":"https:\/\/nordicmart.andreevmaster.com\/fi\/wp-json\/wp\/v2\/product_brand?post=36498"},{"taxonomy":"product_cat","embeddable":true,"href":"https:\/\/nordicmart.andreevmaster.com\/fi\/wp-json\/wp\/v2\/product_cat?post=36498"},{"taxonomy":"product_tag","embeddable":true,"href":"https:\/\/nordicmart.andreevmaster.com\/fi\/wp-json\/wp\/v2\/product_tag?post=36498"}],"curies":[{"name":"wp","href":"https:\/\/api.w.org\/{rel}","templated":true}]}}