{"id":36497,"date":"2026-02-27T00:34:42","date_gmt":"2026-02-27T00:34:42","guid":{"rendered":"https:\/\/nordicmart.andreevmaster.com\/product\/mini-kitara-15-cm-j-lennon-tyyli-bmg-017\/"},"modified":"2026-02-27T09:52:24","modified_gmt":"2026-02-27T09:52:24","slug":"mini-kitara-15-cm-j-lennon-tyyli-bmg-017","status":"publish","type":"product","link":"https:\/\/nordicmart.andreevmaster.com\/fi\/tuote\/mini-kitara-15-cm-j-lennon-tyyli-bmg-017\/","title":{"rendered":"Mini-kitara 15 cm, J. Lennon -tyyli &#8211; BMG-017"},"content":{"rendered":"<p>Mini-kitara 15 cm, J. Lennon -tyyli &#8211; BMG-017 &nbsp;&nbsp;Tuotetiedot:&nbsp;Puisesta valmistettu, k\u00e4sinmaalattu minikitarapakkaus: 15,5 x 6 x 0,4 cm Mukana muovinen teline Valmistettu mittakaavassa 1:6 Ker\u00e4ilykohde&nbsp;&nbsp;&nbsp;Huomaa, ett\u00e4 tuote ei ole lelu. Se ei ole virallinen kopio soittimesta.&nbsp;Myyj\u00e4 ei ole mill\u00e4\u00e4n tavalla sidoksissa todellisten soittimien valmistajiin tai yksitt\u00e4isiin artisteihin. Mallien tai artistien nimet ovat esimerkillisi\u00e4. &nbsp;Mik\u00e4\u00e4n soittimista ei ole mittasuhteiltaan, kooltaan tai muotoilultaan uskollinen kopio.<\/p>\n","protected":false},"excerpt":{"rendered":"<p>Mini-kitara 15 cm, J. Lennon -tyyli &#8211; BMG-017 &nbsp;&nbsp;Tuotetiedot:&nbsp;Puisesta valmistettu, k\u00e4sinmaalattu minikitarapakkaus: 15,5 x 6 x 0,4 cm Mukana muovinen teline Valmistettu mittakaavassa 1:6 Ker\u00e4ilykohde&nbsp;&nbsp;&nbsp;Huomaa, ett\u00e4 tuote ei ole lelu. Se ei ole virallinen kopio soittimesta.&nbsp;Myyj\u00e4 ei ole mill\u00e4\u00e4n tavalla sidoksissa todellisten soittimien valmistajiin tai yksitt\u00e4isiin artisteihin. Mallien tai artistien nimet ovat esimerkillisi\u00e4. &nbsp;Mik\u00e4\u00e4n soittimista [&hellip;]<\/p>\n","protected":false},"featured_media":44766,"comment_status":"open","ping_status":"closed","template":"","meta":[],"product_brand":[],"product_cat":[32],"product_tag":[],"class_list":{"0":"post-36497","1":"product","2":"type-product","3":"status-publish","4":"has-post-thumbnail","6":"product_cat-uncategorized-fi","8":"first","9":"instock","10":"shipping-taxable","11":"purchasable","12":"product-type-simple"},"_links":{"self":[{"href":"https:\/\/nordicmart.andreevmaster.com\/fi\/wp-json\/wp\/v2\/product\/36497","targetHints":{"allow":["GET"]}}],"collection":[{"href":"https:\/\/nordicmart.andreevmaster.com\/fi\/wp-json\/wp\/v2\/product"}],"about":[{"href":"https:\/\/nordicmart.andreevmaster.com\/fi\/wp-json\/wp\/v2\/types\/product"}],"replies":[{"embeddable":true,"href":"https:\/\/nordicmart.andreevmaster.com\/fi\/wp-json\/wp\/v2\/comments?post=36497"}],"wp:featuredmedia":[{"embeddable":true,"href":"https:\/\/nordicmart.andreevmaster.com\/fi\/wp-json\/wp\/v2\/media\/44766"}],"wp:attachment":[{"href":"https:\/\/nordicmart.andreevmaster.com\/fi\/wp-json\/wp\/v2\/media?parent=36497"}],"wp:term":[{"taxonomy":"product_brand","embeddable":true,"href":"https:\/\/nordicmart.andreevmaster.com\/fi\/wp-json\/wp\/v2\/product_brand?post=36497"},{"taxonomy":"product_cat","embeddable":true,"href":"https:\/\/nordicmart.andreevmaster.com\/fi\/wp-json\/wp\/v2\/product_cat?post=36497"},{"taxonomy":"product_tag","embeddable":true,"href":"https:\/\/nordicmart.andreevmaster.com\/fi\/wp-json\/wp\/v2\/product_tag?post=36497"}],"curies":[{"name":"wp","href":"https:\/\/api.w.org\/{rel}","templated":true}]}}