{"id":36496,"date":"2026-02-27T00:34:42","date_gmt":"2026-02-27T00:34:42","guid":{"rendered":"https:\/\/nordicmart.andreevmaster.com\/product\/elvis-presley-tyylinen-minikitaran-15-cm-bmg-011\/"},"modified":"2026-02-27T09:52:23","modified_gmt":"2026-02-27T09:52:23","slug":"elvis-presley-tyylinen-minikitaran-15-cm-bmg-011","status":"publish","type":"product","link":"https:\/\/nordicmart.andreevmaster.com\/fi\/tuote\/elvis-presley-tyylinen-minikitaran-15-cm-bmg-011\/","title":{"rendered":"Elvis Presley -tyylinen minikitaran 15 cm &#8211; BMG-011"},"content":{"rendered":"<p>Elvis Presley -tyylinen minikitarra 15 cm &#8211; BMG-011 &nbsp;&nbsp;Legendaarisen amerikkalaisen laulajan Elvis Presleyn nerokkuudesta inspiroitu minikitarra vie rakkauden balladien yst\u00e4vien syd\u00e4met. Kitara on loistava lahja Elvis-fanille, musiikin ja n\u00e4ytt\u00e4m\u00f6n legendojen yst\u00e4ville. Minikitara n\u00e4ytt\u00e4\u00e4 upealta levykokoelmasi keskell\u00e4 tai musiikin yst\u00e4v\u00e4n ty\u00f6p\u00f6yd\u00e4ll\u00e4.&nbsp;Minikitara on k\u00e4sintehty mahonki puusta. Ker\u00e4ilykohde. Kitara ei ole lelu. Sill\u00e4 ei voi soittaa.&nbsp;&nbsp;Tuotetiedot:&nbsp;Mitat: 15,5 x 6 x 0,4 cmMittakaava: 1:6Materiaali: mahonkiV\u00e4ri: ruskea, keltainen, mustaSetti sis\u00e4lt\u00e4\u00e4 muovi-metallisen telineen kitaran asettamista vartenBlisteripakkaus&nbsp;&nbsp;Huomio! Myyj\u00e4 ei ole mill\u00e4\u00e4n tavalla yhteydess\u00e4 todellisten soittimien valmistajiin tai yksitt\u00e4isiin artisteihin. Mallien nimet tai artistien nimet ovat esimerkillisi\u00e4. Tunnetut nimet palvelevat vain tietyn musiikkityylin esittelemist\u00e4. Mik\u00e4\u00e4n soittimista ei ole tarkka kopio mittasuhteiden, koon ja muotoilun suhteen.<\/p>\n","protected":false},"excerpt":{"rendered":"<p>Elvis Presley -tyylinen minikitarra 15 cm &#8211; BMG-011 &nbsp;&nbsp;Legendaarisen amerikkalaisen laulajan Elvis Presleyn nerokkuudesta inspiroitu minikitarra vie rakkauden balladien yst\u00e4vien syd\u00e4met. Kitara on loistava lahja Elvis-fanille, musiikin ja n\u00e4ytt\u00e4m\u00f6n legendojen yst\u00e4ville. Minikitara n\u00e4ytt\u00e4\u00e4 upealta levykokoelmasi keskell\u00e4 tai musiikin yst\u00e4v\u00e4n ty\u00f6p\u00f6yd\u00e4ll\u00e4.&nbsp;Minikitara on k\u00e4sintehty mahonki puusta. Ker\u00e4ilykohde. Kitara ei ole lelu. Sill\u00e4 ei voi soittaa.&nbsp;&nbsp;Tuotetiedot:&nbsp;Mitat: 15,5 x [&hellip;]<\/p>\n","protected":false},"featured_media":44765,"comment_status":"open","ping_status":"closed","template":"","meta":[],"product_brand":[],"product_cat":[32],"product_tag":[],"class_list":{"0":"post-36496","1":"product","2":"type-product","3":"status-publish","4":"has-post-thumbnail","6":"product_cat-uncategorized-fi","8":"first","9":"instock","10":"shipping-taxable","11":"purchasable","12":"product-type-simple"},"_links":{"self":[{"href":"https:\/\/nordicmart.andreevmaster.com\/fi\/wp-json\/wp\/v2\/product\/36496","targetHints":{"allow":["GET"]}}],"collection":[{"href":"https:\/\/nordicmart.andreevmaster.com\/fi\/wp-json\/wp\/v2\/product"}],"about":[{"href":"https:\/\/nordicmart.andreevmaster.com\/fi\/wp-json\/wp\/v2\/types\/product"}],"replies":[{"embeddable":true,"href":"https:\/\/nordicmart.andreevmaster.com\/fi\/wp-json\/wp\/v2\/comments?post=36496"}],"wp:featuredmedia":[{"embeddable":true,"href":"https:\/\/nordicmart.andreevmaster.com\/fi\/wp-json\/wp\/v2\/media\/44765"}],"wp:attachment":[{"href":"https:\/\/nordicmart.andreevmaster.com\/fi\/wp-json\/wp\/v2\/media?parent=36496"}],"wp:term":[{"taxonomy":"product_brand","embeddable":true,"href":"https:\/\/nordicmart.andreevmaster.com\/fi\/wp-json\/wp\/v2\/product_brand?post=36496"},{"taxonomy":"product_cat","embeddable":true,"href":"https:\/\/nordicmart.andreevmaster.com\/fi\/wp-json\/wp\/v2\/product_cat?post=36496"},{"taxonomy":"product_tag","embeddable":true,"href":"https:\/\/nordicmart.andreevmaster.com\/fi\/wp-json\/wp\/v2\/product_tag?post=36496"}],"curies":[{"name":"wp","href":"https:\/\/api.w.org\/{rel}","templated":true}]}}