{"id":36495,"date":"2026-02-27T00:34:42","date_gmt":"2026-02-27T00:34:42","guid":{"rendered":"https:\/\/nordicmart.andreevmaster.com\/product\/minikitarra-15-cm-bmg-009-mark-knopfler-tyyli\/"},"modified":"2026-02-27T09:52:23","modified_gmt":"2026-02-27T09:52:23","slug":"minikitarra-15-cm-bmg-009-mark-knopfler-tyyli","status":"publish","type":"product","link":"https:\/\/nordicmart.andreevmaster.com\/fi\/tuote\/minikitarra-15-cm-bmg-009-mark-knopfler-tyyli\/","title":{"rendered":"Minikitarra 15 cm &#8211; BMG-009 Mark Knopfler -tyyli"},"content":{"rendered":"<p>Minikitarra 15 cm &#8211; BMG-009 Mark Knopfler -tyyli&nbsp;Minikitarra, joka on saanut inspiraationsa brittil\u00e4isen kitaristin, s\u00e4velt\u00e4j\u00e4n ja laulajan Mark Knopflerin ty\u00f6st\u00e4, vieh\u00e4tt\u00e4\u00e4 Dire Straits -yhtyeen faneja. Miniatyyrikitarra on loistava lahja kitaristille, muusikolle ja Knopflerin taiteen yst\u00e4ville. Mini-kitara sopii erinomaisesti kotistudioon tai musiikin yst\u00e4v\u00e4n ty\u00f6p\u00f6yd\u00e4lle. Mini-kitara on valmistettu k\u00e4sity\u00f6n\u00e4 mahonki-puusta. Ker\u00e4ilykohde. Kitara ei ole lelu. Ei soi.&nbsp;Mini-kitara 15 cm \u2013 BMG-009, Mark Knopfler -tyylinen, tekniset tiedot:&nbsp;&bull; Mitat: 15,5 x 6 x 0,4 cm&bull; Mittakaava: 1:6&bull; Materiaali: mahonki&bull; V\u00e4ri: punainen, valkoinen, ruskea&bull; Setti sis\u00e4lt\u00e4\u00e4 muovi-metallisen telineen kitaran asettamista varten&bull; Blister-pakkaus&nbsp;Mini-kitara 15 cm &#8211; BMG-009 Mark Knopfler -tyylinen sopii hyvin:&nbsp;&bull; Gadgetiksi Mark Knopflerin fanille&bull; Lahjaksi kitaristille&bull; Lahjaksi Dire Straits -fanille&bull; Musiikilliseksi p\u00f6yt\u00e4koristeeksi&nbsp;Huomio! Myyj\u00e4 ei ole mill\u00e4\u00e4n tavalla yhteydess\u00e4 todellisten instrumenttien valmistajiin tai yksitt\u00e4isiin artisteihin. Mallien nimet tai artistien nimet ovat esimerkillisi\u00e4. Kuuluisat nimet palvelevat vain tietyn musiikkityylin esittelemist\u00e4. Mik\u00e4\u00e4n instrumenteista ei ole tarkka kopio mittasuhteiden, koon ja muotoilun suhteen.&nbsp;<\/p>\n","protected":false},"excerpt":{"rendered":"<p>Minikitarra 15 cm &#8211; BMG-009 Mark Knopfler -tyyli&nbsp;Minikitarra, joka on saanut inspiraationsa brittil\u00e4isen kitaristin, s\u00e4velt\u00e4j\u00e4n ja laulajan Mark Knopflerin ty\u00f6st\u00e4, vieh\u00e4tt\u00e4\u00e4 Dire Straits -yhtyeen faneja. Miniatyyrikitarra on loistava lahja kitaristille, muusikolle ja Knopflerin taiteen yst\u00e4ville. Mini-kitara sopii erinomaisesti kotistudioon tai musiikin yst\u00e4v\u00e4n ty\u00f6p\u00f6yd\u00e4lle. Mini-kitara on valmistettu k\u00e4sity\u00f6n\u00e4 mahonki-puusta. Ker\u00e4ilykohde. Kitara ei ole lelu. Ei soi.&nbsp;Mini-kitara [&hellip;]<\/p>\n","protected":false},"featured_media":44764,"comment_status":"open","ping_status":"closed","template":"","meta":[],"product_brand":[],"product_cat":[32],"product_tag":[],"class_list":{"0":"post-36495","1":"product","2":"type-product","3":"status-publish","4":"has-post-thumbnail","6":"product_cat-uncategorized-fi","8":"first","9":"instock","10":"shipping-taxable","11":"purchasable","12":"product-type-simple"},"_links":{"self":[{"href":"https:\/\/nordicmart.andreevmaster.com\/fi\/wp-json\/wp\/v2\/product\/36495","targetHints":{"allow":["GET"]}}],"collection":[{"href":"https:\/\/nordicmart.andreevmaster.com\/fi\/wp-json\/wp\/v2\/product"}],"about":[{"href":"https:\/\/nordicmart.andreevmaster.com\/fi\/wp-json\/wp\/v2\/types\/product"}],"replies":[{"embeddable":true,"href":"https:\/\/nordicmart.andreevmaster.com\/fi\/wp-json\/wp\/v2\/comments?post=36495"}],"wp:featuredmedia":[{"embeddable":true,"href":"https:\/\/nordicmart.andreevmaster.com\/fi\/wp-json\/wp\/v2\/media\/44764"}],"wp:attachment":[{"href":"https:\/\/nordicmart.andreevmaster.com\/fi\/wp-json\/wp\/v2\/media?parent=36495"}],"wp:term":[{"taxonomy":"product_brand","embeddable":true,"href":"https:\/\/nordicmart.andreevmaster.com\/fi\/wp-json\/wp\/v2\/product_brand?post=36495"},{"taxonomy":"product_cat","embeddable":true,"href":"https:\/\/nordicmart.andreevmaster.com\/fi\/wp-json\/wp\/v2\/product_cat?post=36495"},{"taxonomy":"product_tag","embeddable":true,"href":"https:\/\/nordicmart.andreevmaster.com\/fi\/wp-json\/wp\/v2\/product_tag?post=36495"}],"curies":[{"name":"wp","href":"https:\/\/api.w.org\/{rel}","templated":true}]}}