{"id":36494,"date":"2026-02-27T00:34:41","date_gmt":"2026-02-27T00:34:41","guid":{"rendered":"https:\/\/nordicmart.andreevmaster.com\/product\/minikitarra-15-cm-bmg-008-angus-young-tyyli\/"},"modified":"2026-02-27T09:52:23","modified_gmt":"2026-02-27T09:52:23","slug":"minikitarra-15-cm-bmg-008-angus-young-tyyli","status":"publish","type":"product","link":"https:\/\/nordicmart.andreevmaster.com\/fi\/tuote\/minikitarra-15-cm-bmg-008-angus-young-tyyli\/","title":{"rendered":"Minikitarra 15 cm \u2013 BMG-008 Angus Young -tyyli"},"content":{"rendered":"<p>Minikitarra 15 cm \u2013 BMG-008 Angus Young -tyyli&nbsp;&nbsp;Angus Youngin ty\u00f6st\u00e4 inspiraationsa saanut minikitarra on musiikillinen gadget, joka vie AC\/DC-fanien syd\u00e4met. Se on loistava lahja hard rock -fanille, kitaristille ja musiikin yst\u00e4v\u00e4lle. Se n\u00e4ytt\u00e4\u00e4 upealta kotistudiossa tai rock-fanin ty\u00f6p\u00f6yd\u00e4ll\u00e4.&nbsp;Minikitarra on k\u00e4sintehty mahonki-puusta. Ker\u00e4ilykohde. Kitara ei ole lelu. Ei soi.&nbsp;Tuotetiedot:&nbsp;Mitat: 15,5 x 6 x 0,4 cmMittakaava: 1:6Materiaali: mahonkiV\u00e4ritys: musta, valkoinen, ruskeaSetti sis\u00e4lt\u00e4\u00e4 muovi-metallisen telineen kitaran asettamista vartenBlisteripakkaus&nbsp;&nbsp;Huomio! Myyj\u00e4 ei ole mill\u00e4\u00e4n tavalla yhteydess\u00e4 todellisten instrumenttien valmistajiin tai yksitt\u00e4isiin artisteihin. Mallien nimet tai artistien nimet ovat esimerkillisi\u00e4. Tunnetut nimet palvelevat vain tietyn musiikkityylin esittelemist\u00e4. Mik\u00e4\u00e4n instrumenteista ei ole tarkka kopio mittasuhteiden, koon ja muotoilun suhteen.<\/p>\n","protected":false},"excerpt":{"rendered":"<p>Minikitarra 15 cm \u2013 BMG-008 Angus Young -tyyli&nbsp;&nbsp;Angus Youngin ty\u00f6st\u00e4 inspiraationsa saanut minikitarra on musiikillinen gadget, joka vie AC\/DC-fanien syd\u00e4met. Se on loistava lahja hard rock -fanille, kitaristille ja musiikin yst\u00e4v\u00e4lle. Se n\u00e4ytt\u00e4\u00e4 upealta kotistudiossa tai rock-fanin ty\u00f6p\u00f6yd\u00e4ll\u00e4.&nbsp;Minikitarra on k\u00e4sintehty mahonki-puusta. Ker\u00e4ilykohde. Kitara ei ole lelu. Ei soi.&nbsp;Tuotetiedot:&nbsp;Mitat: 15,5 x 6 x 0,4 cmMittakaava: 1:6Materiaali: [&hellip;]<\/p>\n","protected":false},"featured_media":44763,"comment_status":"open","ping_status":"closed","template":"","meta":[],"product_brand":[],"product_cat":[32],"product_tag":[],"class_list":{"0":"post-36494","1":"product","2":"type-product","3":"status-publish","4":"has-post-thumbnail","6":"product_cat-uncategorized-fi","8":"first","9":"instock","10":"shipping-taxable","11":"purchasable","12":"product-type-simple"},"_links":{"self":[{"href":"https:\/\/nordicmart.andreevmaster.com\/fi\/wp-json\/wp\/v2\/product\/36494","targetHints":{"allow":["GET"]}}],"collection":[{"href":"https:\/\/nordicmart.andreevmaster.com\/fi\/wp-json\/wp\/v2\/product"}],"about":[{"href":"https:\/\/nordicmart.andreevmaster.com\/fi\/wp-json\/wp\/v2\/types\/product"}],"replies":[{"embeddable":true,"href":"https:\/\/nordicmart.andreevmaster.com\/fi\/wp-json\/wp\/v2\/comments?post=36494"}],"wp:featuredmedia":[{"embeddable":true,"href":"https:\/\/nordicmart.andreevmaster.com\/fi\/wp-json\/wp\/v2\/media\/44763"}],"wp:attachment":[{"href":"https:\/\/nordicmart.andreevmaster.com\/fi\/wp-json\/wp\/v2\/media?parent=36494"}],"wp:term":[{"taxonomy":"product_brand","embeddable":true,"href":"https:\/\/nordicmart.andreevmaster.com\/fi\/wp-json\/wp\/v2\/product_brand?post=36494"},{"taxonomy":"product_cat","embeddable":true,"href":"https:\/\/nordicmart.andreevmaster.com\/fi\/wp-json\/wp\/v2\/product_cat?post=36494"},{"taxonomy":"product_tag","embeddable":true,"href":"https:\/\/nordicmart.andreevmaster.com\/fi\/wp-json\/wp\/v2\/product_tag?post=36494"}],"curies":[{"name":"wp","href":"https:\/\/api.w.org\/{rel}","templated":true}]}}