{"id":36493,"date":"2026-02-27T00:34:41","date_gmt":"2026-02-27T00:34:41","guid":{"rendered":"https:\/\/nordicmart.andreevmaster.com\/product\/mini-kitara-15-cm-brian-may-tyyli-bmg-006\/"},"modified":"2026-02-27T09:52:23","modified_gmt":"2026-02-27T09:52:23","slug":"mini-kitara-15-cm-brian-may-tyyli-bmg-006","status":"publish","type":"product","link":"https:\/\/nordicmart.andreevmaster.com\/fi\/tuote\/mini-kitara-15-cm-brian-may-tyyli-bmg-006\/","title":{"rendered":"Mini-kitara 15 cm, Brian May -tyyli &#8211; BMG-006"},"content":{"rendered":"<p>Mini-kitara 15 cm Brian May -tyylinen &#8211; BMG-006 &nbsp;&nbsp;Mini-kitara Brian Mayn tyylinen &#8211; legendaarinen kitaristi ja Queen-yhtyeen perustajaj\u00e4sen &#8211; on musiikillinen gadget, joka vetoaa brittil\u00e4isen artistin ty\u00f6n faneihin. Minikitarra sopii lahjaksi Brian Mayn, Queenin ja rockklassikoiden faneille.&nbsp;Minikitarra on k\u00e4sintehty mahonki puusta. Ker\u00e4ilykohde. Kitara ei ole lelu. Ei soi.&nbsp;&nbsp;Minikitaran 15 cm &#8211; BMG-006 Brian May -tyylin tekniset tiedot:&nbsp;Mitat: 15,5 x 6 x 0,4 cmMittakaava: 1:6Materiaali: mahonkiV\u00e4ritys: musta, valkoinen, ruskeaSettiin kuuluu muovi-metallinen teline kitaran asettamista varten&nbsp;&nbsp;Huomio! Myyj\u00e4 ei ole mill\u00e4\u00e4n tavalla yhteydess\u00e4 todellisten instrumenttien valmistajiin tai yksitt\u00e4isiin artisteihin. Mallien nimet tai artistien nimet ovat esimerkillisi\u00e4. Kuuluisat nimet palvelevat vain tietyn musiikkityylin esittelemist\u00e4. Mik\u00e4\u00e4n instrumenteista ei ole tarkka kopio mittasuhteiden, koon ja muotoilun suhteen.&nbsp;<\/p>\n","protected":false},"excerpt":{"rendered":"<p>Mini-kitara 15 cm Brian May -tyylinen &#8211; BMG-006 &nbsp;&nbsp;Mini-kitara Brian Mayn tyylinen &#8211; legendaarinen kitaristi ja Queen-yhtyeen perustajaj\u00e4sen &#8211; on musiikillinen gadget, joka vetoaa brittil\u00e4isen artistin ty\u00f6n faneihin. Minikitarra sopii lahjaksi Brian Mayn, Queenin ja rockklassikoiden faneille.&nbsp;Minikitarra on k\u00e4sintehty mahonki puusta. Ker\u00e4ilykohde. Kitara ei ole lelu. Ei soi.&nbsp;&nbsp;Minikitaran 15 cm &#8211; BMG-006 Brian May -tyylin [&hellip;]<\/p>\n","protected":false},"featured_media":44762,"comment_status":"open","ping_status":"closed","template":"","meta":[],"product_brand":[],"product_cat":[32],"product_tag":[],"class_list":{"0":"post-36493","1":"product","2":"type-product","3":"status-publish","4":"has-post-thumbnail","6":"product_cat-uncategorized-fi","8":"first","9":"instock","10":"shipping-taxable","11":"purchasable","12":"product-type-simple"},"_links":{"self":[{"href":"https:\/\/nordicmart.andreevmaster.com\/fi\/wp-json\/wp\/v2\/product\/36493","targetHints":{"allow":["GET"]}}],"collection":[{"href":"https:\/\/nordicmart.andreevmaster.com\/fi\/wp-json\/wp\/v2\/product"}],"about":[{"href":"https:\/\/nordicmart.andreevmaster.com\/fi\/wp-json\/wp\/v2\/types\/product"}],"replies":[{"embeddable":true,"href":"https:\/\/nordicmart.andreevmaster.com\/fi\/wp-json\/wp\/v2\/comments?post=36493"}],"wp:featuredmedia":[{"embeddable":true,"href":"https:\/\/nordicmart.andreevmaster.com\/fi\/wp-json\/wp\/v2\/media\/44762"}],"wp:attachment":[{"href":"https:\/\/nordicmart.andreevmaster.com\/fi\/wp-json\/wp\/v2\/media?parent=36493"}],"wp:term":[{"taxonomy":"product_brand","embeddable":true,"href":"https:\/\/nordicmart.andreevmaster.com\/fi\/wp-json\/wp\/v2\/product_brand?post=36493"},{"taxonomy":"product_cat","embeddable":true,"href":"https:\/\/nordicmart.andreevmaster.com\/fi\/wp-json\/wp\/v2\/product_cat?post=36493"},{"taxonomy":"product_tag","embeddable":true,"href":"https:\/\/nordicmart.andreevmaster.com\/fi\/wp-json\/wp\/v2\/product_tag?post=36493"}],"curies":[{"name":"wp","href":"https:\/\/api.w.org\/{rel}","templated":true}]}}