{"id":36492,"date":"2026-02-27T00:34:41","date_gmt":"2026-02-27T00:34:41","guid":{"rendered":"https:\/\/nordicmart.andreevmaster.com\/product\/feber-2-in-1-suuri-piknikpoyta-ghost-keinutuoli\/"},"modified":"2026-02-27T09:52:23","modified_gmt":"2026-02-27T09:52:23","slug":"feber-2-in-1-suuri-piknikpoyta-ghost-keinutuoli","status":"publish","type":"product","link":"https:\/\/nordicmart.andreevmaster.com\/fi\/tuote\/feber-2-in-1-suuri-piknikpoyta-ghost-keinutuoli\/","title":{"rendered":"FEBER 2-in-1 suuri piknikp\u00f6yt\u00e4 &#8211; Ghost-keinutuoli"},"content":{"rendered":"<p>T\u00e4m\u00e4 Feberin p\u00f6yt\u00e4keinu, jonka silm\u00e4t liikkuvat keinuttaessa, on t\u00e4ydellinen lis\u00e4 kotileikkipaikkaasi. Kun p\u00f6yt\u00e4 k\u00e4\u00e4nnet\u00e4\u00e4n yl\u00f6salaisin, se muuttuu keinukeinuksi. Lelussa on nelj\u00e4 mukavaa istuinta. Koko tuote on valmistettu korkealaatuisesta muovista, joka kest\u00e4\u00e4 s\u00e4\u00e4olosuhteita ja UV-s\u00e4teily\u00e4. Sen muotoilu tekee siit\u00e4 silmiinpist\u00e4v\u00e4n jokaiselle lapselle. Lapsesi ilo on taattu!<\/p>\n<p>Ominaisuudet:<\/p>\n<p>* &#8211; p\u00f6yt\u00e4 voidaan k\u00e4\u00e4nt\u00e4\u00e4 yl\u00f6salaisin keinuksi\/keinutuoliksi,<br \/>\n* &#8211; lelussa on 4 istuinta,<br \/>\n* &#8211; koko tuote on valmistettu kest\u00e4v\u00e4st\u00e4 ja vakaasta muovista, joka on p\u00e4\u00e4llystetty ANTI-UV-pinnoitteella, joka suojaa v\u00e4rej\u00e4 haalistumiselta,<br \/>\n* &#8211; sen vankka rakenne tekee siit\u00e4 turvallisen lapsille.<\/p>\n<p>Feber on tunnettu espanjalainen yritys, joka on toiminut jo useita vuosikymmeni\u00e4 ja jonka tuotteet tarjoavat monia mahdollisuuksia luovaan leikkiin. Luovuus, innovaatio ja turvallisuus ovat Feberin p\u00e4\u00e4periaatteita. Yritys tarjoaa my\u00f6s lisensoituja leluja. Huomio korkeaan laatuun ja lelujen kest\u00e4vyyteen on tuotannon perusta. Kaikki lelut on valmistettu eurooppalaisten turvallisuusstandardien mukaisesti.<\/p>\n","protected":false},"excerpt":{"rendered":"<p>T\u00e4m\u00e4 Feberin p\u00f6yt\u00e4keinu, jonka silm\u00e4t liikkuvat keinuttaessa, on t\u00e4ydellinen lis\u00e4 kotileikkipaikkaasi. Kun p\u00f6yt\u00e4 k\u00e4\u00e4nnet\u00e4\u00e4n yl\u00f6salaisin, se muuttuu keinukeinuksi. Lelussa on nelj\u00e4 mukavaa istuinta. Koko tuote on valmistettu korkealaatuisesta muovista, joka kest\u00e4\u00e4 s\u00e4\u00e4olosuhteita ja UV-s\u00e4teily\u00e4. Sen muotoilu tekee siit\u00e4 silmiinpist\u00e4v\u00e4n jokaiselle lapselle. Lapsesi ilo on taattu! Ominaisuudet: * &#8211; p\u00f6yt\u00e4 voidaan k\u00e4\u00e4nt\u00e4\u00e4 yl\u00f6salaisin keinuksi\/keinutuoliksi, * &#8211; [&hellip;]<\/p>\n","protected":false},"featured_media":0,"comment_status":"open","ping_status":"closed","template":"","meta":[],"product_brand":[],"product_cat":[32],"product_tag":[],"class_list":{"0":"post-36492","1":"product","2":"type-product","3":"status-publish","5":"product_cat-uncategorized-fi","7":"first","8":"instock","9":"shipping-taxable","10":"purchasable","11":"product-type-simple"},"_links":{"self":[{"href":"https:\/\/nordicmart.andreevmaster.com\/fi\/wp-json\/wp\/v2\/product\/36492","targetHints":{"allow":["GET"]}}],"collection":[{"href":"https:\/\/nordicmart.andreevmaster.com\/fi\/wp-json\/wp\/v2\/product"}],"about":[{"href":"https:\/\/nordicmart.andreevmaster.com\/fi\/wp-json\/wp\/v2\/types\/product"}],"replies":[{"embeddable":true,"href":"https:\/\/nordicmart.andreevmaster.com\/fi\/wp-json\/wp\/v2\/comments?post=36492"}],"wp:attachment":[{"href":"https:\/\/nordicmart.andreevmaster.com\/fi\/wp-json\/wp\/v2\/media?parent=36492"}],"wp:term":[{"taxonomy":"product_brand","embeddable":true,"href":"https:\/\/nordicmart.andreevmaster.com\/fi\/wp-json\/wp\/v2\/product_brand?post=36492"},{"taxonomy":"product_cat","embeddable":true,"href":"https:\/\/nordicmart.andreevmaster.com\/fi\/wp-json\/wp\/v2\/product_cat?post=36492"},{"taxonomy":"product_tag","embeddable":true,"href":"https:\/\/nordicmart.andreevmaster.com\/fi\/wp-json\/wp\/v2\/product_tag?post=36492"}],"curies":[{"name":"wp","href":"https:\/\/api.w.org\/{rel}","templated":true}]}}