{"id":36491,"date":"2026-02-27T00:34:40","date_gmt":"2026-02-27T00:34:40","guid":{"rendered":"https:\/\/nordicmart.andreevmaster.com\/product\/feber-suuri-puutarhalibisteli-vesiliukumaella-285-cm\/"},"modified":"2026-02-27T09:52:22","modified_gmt":"2026-02-27T09:52:22","slug":"feber-suuri-puutarhalibisteli-vesiliukumaella-285-cm","status":"publish","type":"product","link":"https:\/\/nordicmart.andreevmaster.com\/fi\/tuote\/feber-suuri-puutarhalibisteli-vesiliukumaella-285-cm\/","title":{"rendered":"FEBER Suuri puutarhalibisteli vesiliukum\u00e4ell\u00e4 285 cm"},"content":{"rendered":"<p>Suuri liukum\u00e4ki vesiliit\u00e4nn\u00e4ll\u00e4, joka on viimeistelty joka yksityiskohdaltaan, turvallinen ja vakaa rakenne metallirungolla. T\u00e4llainen liukum\u00e4ki on t\u00e4ydellinen lis\u00e4 kotisi leikkikent\u00e4lle! Korkeat kaiteet alustan yl\u00e4puolella ja luistamattomat askelmat takaavat lasten turvallisuuden. Puutarhaletkun liitt\u00e4minen muuttaa tavallisen liukum\u00e4en vesiseikkailuksi. Pitk\u00e4 liukum\u00e4ki \u2013 285 cm \u2013 lis\u00e4\u00e4 hauskuutta. Ominaisuudet: * &#8211; liukum\u00e4ki on varustettu 285 cm pitk\u00e4ll\u00e4 liukum\u00e4ell\u00e4, * &#8211; liukum\u00e4keen voidaan liitt\u00e4\u00e4 puutarhaletku,* &#8211; siin\u00e4 on korkeat sivusein\u00e4t ja py\u00f6ristetyt reunat mukavaa ja turvallista leikkimist\u00e4 varten,<br \/>\n* &#8211; siin\u00e4 on my\u00f6s modernit portaat, sis\u00e4\u00e4nrakennetut kahvat, erityisen muotoiltu selk\u00e4noja ja leve\u00e4, vakaa pohja,<br \/>\n* &#8211; muovi on p\u00e4\u00e4llystetty UV-pinnoitteella, joka s\u00e4ilytt\u00e4\u00e4 v\u00e4rien laadun pitk\u00e4\u00e4n,<br \/>\n* &#8211; valmistajan suosittelema enimm\u00e4iskuormitus on 50 kg.<\/p>\n<p>Mitat: 209 x 302 x 117 (cm). Pakkauksen mitat: 143 x 52 x 74,5 (cm). Ik\u00e4: 3 vuotta ja yli. Paino: 38 kg.<\/p>\n<p>FEBER-leluihin kuuluvat: puutarhalelut, keinut, leikkikent\u00e4t, liukum\u00e4et ja vesiliukum\u00e4et, kolmipy\u00f6r\u00e4iset polkupy\u00f6r\u00e4t ja paljon muuta. FEBER-lelut ovat AENOR ISO 9001-, ISO 14001- ja OSHAS18001-sertifioituja, mik\u00e4 todistaa lelujen valmistusprosessien erinomaisuuden ja laadun: suunnittelusta ja tuotannosta huoltoon.<\/p>\n","protected":false},"excerpt":{"rendered":"<p>Suuri liukum\u00e4ki vesiliit\u00e4nn\u00e4ll\u00e4, joka on viimeistelty joka yksityiskohdaltaan, turvallinen ja vakaa rakenne metallirungolla. T\u00e4llainen liukum\u00e4ki on t\u00e4ydellinen lis\u00e4 kotisi leikkikent\u00e4lle! Korkeat kaiteet alustan yl\u00e4puolella ja luistamattomat askelmat takaavat lasten turvallisuuden. Puutarhaletkun liitt\u00e4minen muuttaa tavallisen liukum\u00e4en vesiseikkailuksi. Pitk\u00e4 liukum\u00e4ki \u2013 285 cm \u2013 lis\u00e4\u00e4 hauskuutta. Ominaisuudet: * &#8211; liukum\u00e4ki on varustettu 285 cm pitk\u00e4ll\u00e4 liukum\u00e4ell\u00e4, * [&hellip;]<\/p>\n","protected":false},"featured_media":0,"comment_status":"open","ping_status":"closed","template":"","meta":[],"product_brand":[],"product_cat":[32],"product_tag":[],"class_list":{"0":"post-36491","1":"product","2":"type-product","3":"status-publish","5":"product_cat-uncategorized-fi","7":"first","8":"instock","9":"shipping-taxable","10":"purchasable","11":"product-type-simple"},"_links":{"self":[{"href":"https:\/\/nordicmart.andreevmaster.com\/fi\/wp-json\/wp\/v2\/product\/36491","targetHints":{"allow":["GET"]}}],"collection":[{"href":"https:\/\/nordicmart.andreevmaster.com\/fi\/wp-json\/wp\/v2\/product"}],"about":[{"href":"https:\/\/nordicmart.andreevmaster.com\/fi\/wp-json\/wp\/v2\/types\/product"}],"replies":[{"embeddable":true,"href":"https:\/\/nordicmart.andreevmaster.com\/fi\/wp-json\/wp\/v2\/comments?post=36491"}],"wp:attachment":[{"href":"https:\/\/nordicmart.andreevmaster.com\/fi\/wp-json\/wp\/v2\/media?parent=36491"}],"wp:term":[{"taxonomy":"product_brand","embeddable":true,"href":"https:\/\/nordicmart.andreevmaster.com\/fi\/wp-json\/wp\/v2\/product_brand?post=36491"},{"taxonomy":"product_cat","embeddable":true,"href":"https:\/\/nordicmart.andreevmaster.com\/fi\/wp-json\/wp\/v2\/product_cat?post=36491"},{"taxonomy":"product_tag","embeddable":true,"href":"https:\/\/nordicmart.andreevmaster.com\/fi\/wp-json\/wp\/v2\/product_tag?post=36491"}],"curies":[{"name":"wp","href":"https:\/\/api.w.org\/{rel}","templated":true}]}}