{"id":36490,"date":"2026-02-27T00:34:40","date_gmt":"2026-02-27T00:34:40","guid":{"rendered":"https:\/\/nordicmart.andreevmaster.com\/product\/fortuna-onnen-ja-vaurauden-jumalatar-mc-9633\/"},"modified":"2026-02-27T09:52:22","modified_gmt":"2026-02-27T09:52:22","slug":"fortuna-onnen-ja-vaurauden-jumalatar-mc-9633","status":"publish","type":"product","link":"https:\/\/nordicmart.andreevmaster.com\/fi\/tuote\/fortuna-onnen-ja-vaurauden-jumalatar-mc-9633\/","title":{"rendered":"Fortuna, onnen ja vaurauden jumalatar MC-9633"},"content":{"rendered":"<p>Fortuna, onnen ja vaurauden jumalatar MC-9633&nbsp;&nbsp;Fortuna on roomalainen jumalatar, joka hallitsee ihmisten kohtaloa. H\u00e4n oli kreikkalaisen jumalattaren Tychen vastine. H\u00e4nt\u00e4 palvottiin erityisesti imperiumin satamakaupungeissa merimiesten suojelijattarena. H\u00e4nen t\u00e4rkein tunnusmerkki, jolla h\u00e4net my\u00f6s kuvataan pienoispatsaassa, on runsauden sarvi. Fortune-pienoispatsas kuvaa naista, jolla on enkelinsiivet ja joka sirottelee ymp\u00e4rilleen kultakolikoita. Se on kaunis lahja rakkaalle henkil\u00f6lle, jolle toivotamme menestyst\u00e4 liiketoiminnassa ja el\u00e4m\u00e4ss\u00e4.&nbsp;Fortuna-pienoispatsas n\u00e4ytt\u00e4\u00e4 eritt\u00e4in tyylikk\u00e4\u00e4lt\u00e4 klassisissa ja toimistotyylisiss\u00e4 huoneissa. Voit sijoittaa sen olohuoneeseen, makuuhuoneeseen tai eteiseen ja luottaa siihen, ett\u00e4 Fortuna on puolellasi. Tuotetiedot: Materiaali: hartsikonglomeraatti &#8211; polyresiiniv\u00e4ri: ruskean ja kuparin s\u00e4vyt mitat: korkeus 29 cm, leveys 12 cm, syvyys 8,5 cm<\/p>\n","protected":false},"excerpt":{"rendered":"<p>Fortuna, onnen ja vaurauden jumalatar MC-9633&nbsp;&nbsp;Fortuna on roomalainen jumalatar, joka hallitsee ihmisten kohtaloa. H\u00e4n oli kreikkalaisen jumalattaren Tychen vastine. H\u00e4nt\u00e4 palvottiin erityisesti imperiumin satamakaupungeissa merimiesten suojelijattarena. H\u00e4nen t\u00e4rkein tunnusmerkki, jolla h\u00e4net my\u00f6s kuvataan pienoispatsaassa, on runsauden sarvi. Fortune-pienoispatsas kuvaa naista, jolla on enkelinsiivet ja joka sirottelee ymp\u00e4rilleen kultakolikoita. Se on kaunis lahja rakkaalle henkil\u00f6lle, jolle [&hellip;]<\/p>\n","protected":false},"featured_media":44761,"comment_status":"open","ping_status":"closed","template":"","meta":[],"product_brand":[],"product_cat":[32],"product_tag":[],"class_list":{"0":"post-36490","1":"product","2":"type-product","3":"status-publish","4":"has-post-thumbnail","6":"product_cat-uncategorized-fi","8":"first","9":"instock","10":"shipping-taxable","11":"purchasable","12":"product-type-simple"},"_links":{"self":[{"href":"https:\/\/nordicmart.andreevmaster.com\/fi\/wp-json\/wp\/v2\/product\/36490","targetHints":{"allow":["GET"]}}],"collection":[{"href":"https:\/\/nordicmart.andreevmaster.com\/fi\/wp-json\/wp\/v2\/product"}],"about":[{"href":"https:\/\/nordicmart.andreevmaster.com\/fi\/wp-json\/wp\/v2\/types\/product"}],"replies":[{"embeddable":true,"href":"https:\/\/nordicmart.andreevmaster.com\/fi\/wp-json\/wp\/v2\/comments?post=36490"}],"wp:featuredmedia":[{"embeddable":true,"href":"https:\/\/nordicmart.andreevmaster.com\/fi\/wp-json\/wp\/v2\/media\/44761"}],"wp:attachment":[{"href":"https:\/\/nordicmart.andreevmaster.com\/fi\/wp-json\/wp\/v2\/media?parent=36490"}],"wp:term":[{"taxonomy":"product_brand","embeddable":true,"href":"https:\/\/nordicmart.andreevmaster.com\/fi\/wp-json\/wp\/v2\/product_brand?post=36490"},{"taxonomy":"product_cat","embeddable":true,"href":"https:\/\/nordicmart.andreevmaster.com\/fi\/wp-json\/wp\/v2\/product_cat?post=36490"},{"taxonomy":"product_tag","embeddable":true,"href":"https:\/\/nordicmart.andreevmaster.com\/fi\/wp-json\/wp\/v2\/product_tag?post=36490"}],"curies":[{"name":"wp","href":"https:\/\/api.w.org\/{rel}","templated":true}]}}