{"id":36489,"date":"2026-02-27T00:34:40","date_gmt":"2026-02-27T00:34:40","guid":{"rendered":"https:\/\/nordicmart.andreevmaster.com\/product\/feber-suuri-tunneli-lapsille-caterpillar-xxl-modular-playground\/"},"modified":"2026-02-27T09:52:22","modified_gmt":"2026-02-27T09:52:22","slug":"feber-suuri-tunneli-lapsille-caterpillar-xxl-modular-playground","status":"publish","type":"product","link":"https:\/\/nordicmart.andreevmaster.com\/fi\/tuote\/feber-suuri-tunneli-lapsille-caterpillar-xxl-modular-playground\/","title":{"rendered":"FEBER Suuri tunneli lapsille Caterpillar XXL Modular Playground"},"content":{"rendered":"<p>V\u00e4rik\u00e4s FEBER Caterpillar -tunneli \u2013 leikkikentt\u00e4 t\u00e4ynn\u00e4 iloa!<\/p>\n<p>FEBER Caterpillar -tunneli on t\u00e4ydellinen ratkaisu sek\u00e4 yksityisiin puutarhoihin ett\u00e4 oppilaitoksiin \u2013 p\u00e4iv\u00e4koteihin, lastentarhoihin ja leikkihuoneisiin. V\u00e4rik\u00e4s, vakaa ja yll\u00e4tyksi\u00e4 t\u00e4ynn\u00e4 oleva leikkipaikka kannustaa liikuntaan, ryhm\u00e4leikkeihin ja motoristen taitojen kehitykseen \u2013 ja t\u00e4ytt\u00e4\u00e4 samalla korkeimmat turvallisuusstandardit. Valmistettu Espanjassa uusinta teknologiaa ja korkeimpia turvallisuusstandardeja noudattaen.<\/p>\n<p>Ominaisuudet:<\/p>\n<p>* &#8211; Suuri, kest\u00e4v\u00e4 tunneli hymyilev\u00e4n toukan muodossa \u2013 pituus 1,7 m!* Koostuu v\u00e4rikk\u00e4ist\u00e4 moduuleista, jotka voidaan yhdistell\u00e4 eri kokoonpanoihin k\u00e4ytett\u00e4viss\u00e4 olevan tilan mukaan<br \/>\n* &#8211; UV-suojapinnoite \u2013 ei muuta v\u00e4ri\u00e4 auringonvalossa<br \/>\n* &#8211; Moduulit voidaan yhdist\u00e4\u00e4 eri kokoonpanoihin<br \/>\n* &#8211; Sarja on suunniteltu 3\u20138-vuotiaille lapsille<br \/>\n* &#8211; Moduulin enimm\u00e4iskuormitus 25 kg,<br \/>\n* &#8211; Helppo koota \u2013 tee-se-itse-paketti<\/p>\n<p>Lelu kehitt\u00e4\u00e4:<\/p>\n<p>* &#8211; kannustaa liikuntaan ja integroitumiseen<br \/>\n* &#8211; kehitt\u00e4\u00e4 motorisia taitoja ja tilan hahmottamista<br \/>\n* &#8211; tukee luovaa ryhm\u00e4peli\u00e4<\/p>\n<p>Varmista lastesi terve kehitys aktiivisella leikill\u00e4 \u2013 valitse todistettu FEBER-laatu!<\/p>\n","protected":false},"excerpt":{"rendered":"<p>V\u00e4rik\u00e4s FEBER Caterpillar -tunneli \u2013 leikkikentt\u00e4 t\u00e4ynn\u00e4 iloa! FEBER Caterpillar -tunneli on t\u00e4ydellinen ratkaisu sek\u00e4 yksityisiin puutarhoihin ett\u00e4 oppilaitoksiin \u2013 p\u00e4iv\u00e4koteihin, lastentarhoihin ja leikkihuoneisiin. V\u00e4rik\u00e4s, vakaa ja yll\u00e4tyksi\u00e4 t\u00e4ynn\u00e4 oleva leikkipaikka kannustaa liikuntaan, ryhm\u00e4leikkeihin ja motoristen taitojen kehitykseen \u2013 ja t\u00e4ytt\u00e4\u00e4 samalla korkeimmat turvallisuusstandardit. Valmistettu Espanjassa uusinta teknologiaa ja korkeimpia turvallisuusstandardeja noudattaen. Ominaisuudet: * &#8211; [&hellip;]<\/p>\n","protected":false},"featured_media":0,"comment_status":"open","ping_status":"closed","template":"","meta":[],"product_brand":[],"product_cat":[32],"product_tag":[],"class_list":{"0":"post-36489","1":"product","2":"type-product","3":"status-publish","5":"product_cat-uncategorized-fi","7":"first","8":"instock","9":"shipping-taxable","10":"purchasable","11":"product-type-simple"},"_links":{"self":[{"href":"https:\/\/nordicmart.andreevmaster.com\/fi\/wp-json\/wp\/v2\/product\/36489","targetHints":{"allow":["GET"]}}],"collection":[{"href":"https:\/\/nordicmart.andreevmaster.com\/fi\/wp-json\/wp\/v2\/product"}],"about":[{"href":"https:\/\/nordicmart.andreevmaster.com\/fi\/wp-json\/wp\/v2\/types\/product"}],"replies":[{"embeddable":true,"href":"https:\/\/nordicmart.andreevmaster.com\/fi\/wp-json\/wp\/v2\/comments?post=36489"}],"wp:attachment":[{"href":"https:\/\/nordicmart.andreevmaster.com\/fi\/wp-json\/wp\/v2\/media?parent=36489"}],"wp:term":[{"taxonomy":"product_brand","embeddable":true,"href":"https:\/\/nordicmart.andreevmaster.com\/fi\/wp-json\/wp\/v2\/product_brand?post=36489"},{"taxonomy":"product_cat","embeddable":true,"href":"https:\/\/nordicmart.andreevmaster.com\/fi\/wp-json\/wp\/v2\/product_cat?post=36489"},{"taxonomy":"product_tag","embeddable":true,"href":"https:\/\/nordicmart.andreevmaster.com\/fi\/wp-json\/wp\/v2\/product_tag?post=36489"}],"curies":[{"name":"wp","href":"https:\/\/api.w.org\/{rel}","templated":true}]}}