{"id":36488,"date":"2026-02-27T00:34:40","date_gmt":"2026-02-27T00:34:40","guid":{"rendered":"https:\/\/nordicmart.andreevmaster.com\/product\/feber-suuri-puutarhalibisteli-vesiliukumaella-190-cm\/"},"modified":"2026-02-27T09:52:22","modified_gmt":"2026-02-27T09:52:22","slug":"feber-suuri-puutarhalibisteli-vesiliukumaella-190-cm","status":"publish","type":"product","link":"https:\/\/nordicmart.andreevmaster.com\/fi\/tuote\/feber-suuri-puutarhalibisteli-vesiliukumaella-190-cm\/","title":{"rendered":"FEBER Suuri puutarhalibisteli vesiliukum\u00e4ell\u00e4 190 cm"},"content":{"rendered":"<p>Espanjalaisen Feber-br\u00e4ndin v\u00e4rik\u00e4s liukum\u00e4ki 3-vuotiaille ja sit\u00e4 vanhemmille lapsille. 190 cm pitk\u00e4 liukum\u00e4ki ja mukava tikkaat, joissa on kahvat lasten kiipe\u00e4mist\u00e4 varten, takaavat turvallisuuden. Liit\u00e4 puutarhaletku liukum\u00e4keen, niin saat t\u00e4ydellisen vesileikkipaikan kuumina p\u00e4ivin\u00e4. Tuote on valmistettu kest\u00e4v\u00e4st\u00e4 ja lujasta muovista, joka on p\u00e4\u00e4llystetty UV-suojalla, joka est\u00e4\u00e4 haalistumisen. Ominaisuudet: * &#8211; liukum\u00e4ki on varustettu 190 cm pitk\u00e4ll\u00e4 liukum\u00e4ell\u00e4, * &#8211; liukum\u00e4keen voidaan liitt\u00e4\u00e4 puutarhaletku,* &#8211; siin\u00e4 on korkeat sivusein\u00e4t ja py\u00f6ristetyt reunat mukavaa ja turvallista leikkimist\u00e4 varten,<br \/>\n* &#8211; siin\u00e4 on my\u00f6s modernit portaat, sis\u00e4\u00e4nrakennetut kahvat, erityisesti muotoiltu selk\u00e4noja ja leve\u00e4, vakaa pohja,<br \/>\n* &#8211; muovi on p\u00e4\u00e4llystetty UV-pinnoitteella, joka s\u00e4ilytt\u00e4\u00e4 v\u00e4rien laadun pitk\u00e4\u00e4n,<br \/>\n* &#8211; suurin kuormitus 30 kg.<\/p>\n<p>FEBER perustettiin vuonna 1956 Ibiss\u00e4, Espanjassa. Se on Espanjan johtava puutarhalelujen tuotemerkki, joka on tunnettu koko Euroopassa. Yrityksen ydinarvot ovat innovaatio, turvallisuus ja mukavuus, jotka n\u00e4kyv\u00e4t jokaisessa Feber-tuotteessa. Se luo monia mahdollisuuksia luovaan leikkiin. Kaikki lelut on valmistettu eurooppalaisten turvallisuusstandardien mukaisesti. Varoitus: Vain kotik\u00e4ytt\u00f6\u00f6n.<\/p>\n","protected":false},"excerpt":{"rendered":"<p>Espanjalaisen Feber-br\u00e4ndin v\u00e4rik\u00e4s liukum\u00e4ki 3-vuotiaille ja sit\u00e4 vanhemmille lapsille. 190 cm pitk\u00e4 liukum\u00e4ki ja mukava tikkaat, joissa on kahvat lasten kiipe\u00e4mist\u00e4 varten, takaavat turvallisuuden. Liit\u00e4 puutarhaletku liukum\u00e4keen, niin saat t\u00e4ydellisen vesileikkipaikan kuumina p\u00e4ivin\u00e4. Tuote on valmistettu kest\u00e4v\u00e4st\u00e4 ja lujasta muovista, joka on p\u00e4\u00e4llystetty UV-suojalla, joka est\u00e4\u00e4 haalistumisen. Ominaisuudet: * &#8211; liukum\u00e4ki on varustettu 190 cm [&hellip;]<\/p>\n","protected":false},"featured_media":0,"comment_status":"open","ping_status":"closed","template":"","meta":[],"product_brand":[],"product_cat":[32],"product_tag":[],"class_list":{"0":"post-36488","1":"product","2":"type-product","3":"status-publish","5":"product_cat-uncategorized-fi","7":"first","8":"instock","9":"shipping-taxable","10":"purchasable","11":"product-type-simple"},"_links":{"self":[{"href":"https:\/\/nordicmart.andreevmaster.com\/fi\/wp-json\/wp\/v2\/product\/36488","targetHints":{"allow":["GET"]}}],"collection":[{"href":"https:\/\/nordicmart.andreevmaster.com\/fi\/wp-json\/wp\/v2\/product"}],"about":[{"href":"https:\/\/nordicmart.andreevmaster.com\/fi\/wp-json\/wp\/v2\/types\/product"}],"replies":[{"embeddable":true,"href":"https:\/\/nordicmart.andreevmaster.com\/fi\/wp-json\/wp\/v2\/comments?post=36488"}],"wp:attachment":[{"href":"https:\/\/nordicmart.andreevmaster.com\/fi\/wp-json\/wp\/v2\/media?parent=36488"}],"wp:term":[{"taxonomy":"product_brand","embeddable":true,"href":"https:\/\/nordicmart.andreevmaster.com\/fi\/wp-json\/wp\/v2\/product_brand?post=36488"},{"taxonomy":"product_cat","embeddable":true,"href":"https:\/\/nordicmart.andreevmaster.com\/fi\/wp-json\/wp\/v2\/product_cat?post=36488"},{"taxonomy":"product_tag","embeddable":true,"href":"https:\/\/nordicmart.andreevmaster.com\/fi\/wp-json\/wp\/v2\/product_tag?post=36488"}],"curies":[{"name":"wp","href":"https:\/\/api.w.org\/{rel}","templated":true}]}}