{"id":36487,"date":"2026-02-27T00:34:39","date_gmt":"2026-02-27T00:34:39","guid":{"rendered":"https:\/\/nordicmart.andreevmaster.com\/product\/feber-leikkikentta-liukumaella-ja-poydalla-wood-house\/"},"modified":"2026-02-27T09:52:22","modified_gmt":"2026-02-27T09:52:22","slug":"feber-leikkikentta-liukumaella-ja-poydalla-wood-house","status":"publish","type":"product","link":"https:\/\/nordicmart.andreevmaster.com\/fi\/tuote\/feber-leikkikentta-liukumaella-ja-poydalla-wood-house\/","title":{"rendered":"FEBER Leikkikentt\u00e4 liukum\u00e4ell\u00e4 ja p\u00f6yd\u00e4ll\u00e4 Wood House"},"content":{"rendered":"<p>Feberin leikkikentt\u00e4 liukum\u00e4ell\u00e4 ja p\u00f6yd\u00e4ll\u00e4 on v\u00e4rik\u00e4s, vakaa ja yll\u00e4tyksi\u00e4 t\u00e4ynn\u00e4 oleva leikkikentt\u00e4, jossa pienokaiset voivat kokea urheilun j\u00e4nnityksen. Se tarjoaa heille tarvittavan m\u00e4\u00e4r\u00e4n liikuntaa ja kehitt\u00e4\u00e4 heid\u00e4n fyysist\u00e4 kuntoaan turvallisuusstandardit t\u00e4ytt\u00e4en. Valmistettu uusinta teknologiaa ja korkeimpia turvallisuusstandardeja noudattaen. Hauskuus taattu!Ominaisuudet:<\/p>\n<p>* &#8211; suuri puutalo lapsille on loistava lis\u00e4 kotileikkikentt\u00e4\u00e4n,<br \/>\n* &#8211; leikkikentt\u00e4 on varustettu aaltoilevalla liukum\u00e4ell\u00e4, jonka pituus on 161 cm,<br \/>\n* &#8211; lis\u00e4vetonaula on p\u00f6yt\u00e4 ja penkki, jotka voidaan asettaa kahteen asentoon,<br \/>\n* &#8211; kaksi sein\u00e4tikkaita johtaa ylemm\u00e4lle tasanteelle,<br \/>\n* &#8211; UV-suojapinnoite \u2013 ei muuta v\u00e4ri\u00e4 auringonvalossa.<br \/>\n* &#8211; DIY-kokoonpanosarja.<\/p>\n<p>Feber on tunnettu espanjalainen yritys, joka on toiminut jo useita vuosikymmeni\u00e4 ja jonka tuotteet tarjoavat monia mahdollisuuksia luovaan leikkiin. Luovuus, innovaatio ja turvallisuus ovat Feberin p\u00e4\u00e4periaatteita. Yritys tarjoaa my\u00f6s lisensoituja leluja. Huomio korkeaan laatuun ja lelujen kest\u00e4vyyteen on tuotannon perusta. Kaikki lelut on valmistettu eurooppalaisten turvallisuusstandardien mukaisesti. Tuote on tarkoitettu vain kotik\u00e4ytt\u00f6\u00f6n.<\/p>\n","protected":false},"excerpt":{"rendered":"<p>Feberin leikkikentt\u00e4 liukum\u00e4ell\u00e4 ja p\u00f6yd\u00e4ll\u00e4 on v\u00e4rik\u00e4s, vakaa ja yll\u00e4tyksi\u00e4 t\u00e4ynn\u00e4 oleva leikkikentt\u00e4, jossa pienokaiset voivat kokea urheilun j\u00e4nnityksen. Se tarjoaa heille tarvittavan m\u00e4\u00e4r\u00e4n liikuntaa ja kehitt\u00e4\u00e4 heid\u00e4n fyysist\u00e4 kuntoaan turvallisuusstandardit t\u00e4ytt\u00e4en. Valmistettu uusinta teknologiaa ja korkeimpia turvallisuusstandardeja noudattaen. Hauskuus taattu!Ominaisuudet: * &#8211; suuri puutalo lapsille on loistava lis\u00e4 kotileikkikentt\u00e4\u00e4n, * &#8211; leikkikentt\u00e4 on varustettu [&hellip;]<\/p>\n","protected":false},"featured_media":0,"comment_status":"open","ping_status":"closed","template":"","meta":[],"product_brand":[],"product_cat":[32],"product_tag":[],"class_list":{"0":"post-36487","1":"product","2":"type-product","3":"status-publish","5":"product_cat-uncategorized-fi","7":"first","8":"instock","9":"shipping-taxable","10":"purchasable","11":"product-type-simple"},"_links":{"self":[{"href":"https:\/\/nordicmart.andreevmaster.com\/fi\/wp-json\/wp\/v2\/product\/36487","targetHints":{"allow":["GET"]}}],"collection":[{"href":"https:\/\/nordicmart.andreevmaster.com\/fi\/wp-json\/wp\/v2\/product"}],"about":[{"href":"https:\/\/nordicmart.andreevmaster.com\/fi\/wp-json\/wp\/v2\/types\/product"}],"replies":[{"embeddable":true,"href":"https:\/\/nordicmart.andreevmaster.com\/fi\/wp-json\/wp\/v2\/comments?post=36487"}],"wp:attachment":[{"href":"https:\/\/nordicmart.andreevmaster.com\/fi\/wp-json\/wp\/v2\/media?parent=36487"}],"wp:term":[{"taxonomy":"product_brand","embeddable":true,"href":"https:\/\/nordicmart.andreevmaster.com\/fi\/wp-json\/wp\/v2\/product_brand?post=36487"},{"taxonomy":"product_cat","embeddable":true,"href":"https:\/\/nordicmart.andreevmaster.com\/fi\/wp-json\/wp\/v2\/product_cat?post=36487"},{"taxonomy":"product_tag","embeddable":true,"href":"https:\/\/nordicmart.andreevmaster.com\/fi\/wp-json\/wp\/v2\/product_tag?post=36487"}],"curies":[{"name":"wp","href":"https:\/\/api.w.org\/{rel}","templated":true}]}}