{"id":36486,"date":"2026-02-27T00:34:39","date_gmt":"2026-02-27T00:34:39","guid":{"rendered":"https:\/\/nordicmart.andreevmaster.com\/product\/feber-puutarhaliukumaki-vesiliukumaki-152-cm\/"},"modified":"2026-02-27T09:52:21","modified_gmt":"2026-02-27T09:52:21","slug":"feber-puutarhaliukumaki-vesiliukumaki-152-cm","status":"publish","type":"product","link":"https:\/\/nordicmart.andreevmaster.com\/fi\/tuote\/feber-puutarhaliukumaki-vesiliukumaki-152-cm\/","title":{"rendered":"FEBER Puutarhaliukum\u00e4ki Vesiliukum\u00e4ki 152 cm"},"content":{"rendered":"<p>FEBER SUURI LIUKUKELKKA 152 CM VESILIUKUKELKALLA on olennainen osa jokaista leikkikentt\u00e4\u00e4, sek\u00e4 kotona ett\u00e4 julkisilla paikoilla. Feber-liukukelkat on valmistettu korkealaatuisista materiaaleista, ja niiss\u00e4 on kiinnitetty huomiota pienimpiinkin yksityiskohtiin. Liukukelkat voidaan yhdist\u00e4\u00e4 muihin leikkikenttiin tai puutarham\u00f6kkeihin, jolloin syntyy ainutlaatuinen leikkipaikka lapsille.Ominaisuudet:<\/p>\n<p>* &#8211; liukum\u00e4ki on varustettu 152 cm pitk\u00e4ll\u00e4 liukum\u00e4ell\u00e4,<br \/>\n* &#8211; liukum\u00e4keen voidaan liitt\u00e4\u00e4 puutarhaletku,<br \/>\n* &#8211; siin\u00e4 on korkeat sivusein\u00e4t ja py\u00f6ristetyt reunat mukavaa ja turvallista leikkimist\u00e4 varten,<br \/>\n* &#8211; siin\u00e4 on modernit portaat,<br \/>\n* &#8211; sis\u00e4\u00e4nrakennetut kahvat,* &#8211; erityisesti muotoiltu selk\u00e4noja,<br \/>\n* &#8211; vakaa leve\u00e4 pohja,<br \/>\n* &#8211; muovi on p\u00e4\u00e4llystetty UV-pinnoitteella, joka s\u00e4ilytt\u00e4\u00e4 v\u00e4rien laadun pitk\u00e4\u00e4n.<\/p>\n<p>FEBER perustettiin vuonna 1956 Ibiss\u00e4, Espanjassa. Se on Espanjan johtava puutarhalelujen tuotemerkki, joka on tunnettu koko Euroopassa. Yrityksen ydinarvot ovat innovaatio, turvallisuus ja mukavuus, jotka n\u00e4kyv\u00e4t jokaisessa Feber-tuotteessa. Se luo monia mahdollisuuksia luovaan leikkiin. Kaikki lelut on valmistettu eurooppalaisten turvallisuusstandardien mukaisesti.<\/p>\n","protected":false},"excerpt":{"rendered":"<p>FEBER SUURI LIUKUKELKKA 152 CM VESILIUKUKELKALLA on olennainen osa jokaista leikkikentt\u00e4\u00e4, sek\u00e4 kotona ett\u00e4 julkisilla paikoilla. Feber-liukukelkat on valmistettu korkealaatuisista materiaaleista, ja niiss\u00e4 on kiinnitetty huomiota pienimpiinkin yksityiskohtiin. Liukukelkat voidaan yhdist\u00e4\u00e4 muihin leikkikenttiin tai puutarham\u00f6kkeihin, jolloin syntyy ainutlaatuinen leikkipaikka lapsille.Ominaisuudet: * &#8211; liukum\u00e4ki on varustettu 152 cm pitk\u00e4ll\u00e4 liukum\u00e4ell\u00e4, * &#8211; liukum\u00e4keen voidaan liitt\u00e4\u00e4 puutarhaletku, [&hellip;]<\/p>\n","protected":false},"featured_media":0,"comment_status":"open","ping_status":"closed","template":"","meta":[],"product_brand":[],"product_cat":[32],"product_tag":[],"class_list":{"0":"post-36486","1":"product","2":"type-product","3":"status-publish","5":"product_cat-uncategorized-fi","7":"first","8":"instock","9":"shipping-taxable","10":"purchasable","11":"product-type-simple"},"_links":{"self":[{"href":"https:\/\/nordicmart.andreevmaster.com\/fi\/wp-json\/wp\/v2\/product\/36486","targetHints":{"allow":["GET"]}}],"collection":[{"href":"https:\/\/nordicmart.andreevmaster.com\/fi\/wp-json\/wp\/v2\/product"}],"about":[{"href":"https:\/\/nordicmart.andreevmaster.com\/fi\/wp-json\/wp\/v2\/types\/product"}],"replies":[{"embeddable":true,"href":"https:\/\/nordicmart.andreevmaster.com\/fi\/wp-json\/wp\/v2\/comments?post=36486"}],"wp:attachment":[{"href":"https:\/\/nordicmart.andreevmaster.com\/fi\/wp-json\/wp\/v2\/media?parent=36486"}],"wp:term":[{"taxonomy":"product_brand","embeddable":true,"href":"https:\/\/nordicmart.andreevmaster.com\/fi\/wp-json\/wp\/v2\/product_brand?post=36486"},{"taxonomy":"product_cat","embeddable":true,"href":"https:\/\/nordicmart.andreevmaster.com\/fi\/wp-json\/wp\/v2\/product_cat?post=36486"},{"taxonomy":"product_tag","embeddable":true,"href":"https:\/\/nordicmart.andreevmaster.com\/fi\/wp-json\/wp\/v2\/product_tag?post=36486"}],"curies":[{"name":"wp","href":"https:\/\/api.w.org\/{rel}","templated":true}]}}