{"id":36485,"date":"2026-02-27T00:34:39","date_gmt":"2026-02-27T00:34:39","guid":{"rendered":"https:\/\/nordicmart.andreevmaster.com\/product\/berg-claas-xxl-bfr-polkuauto-5-jopa-100-kg\/"},"modified":"2026-02-27T09:52:21","modified_gmt":"2026-02-27T09:52:21","slug":"berg-claas-xxl-bfr-polkuauto-5-jopa-100-kg","status":"publish","type":"product","link":"https:\/\/nordicmart.andreevmaster.com\/fi\/tuote\/berg-claas-xxl-bfr-polkuauto-5-jopa-100-kg\/","title":{"rendered":"BERG Claas XXL-BFR polkuauto 5+ jopa 100 kg"},"content":{"rendered":"<p>Berg XXL-BFR CLAAS polkuauto \u2013 mik\u00e4\u00e4n seikkailu ei ole liian suuri t\u00e4lle polkuautolle! Vaikeakulkuiset polut ja ep\u00e4tasainen maasto eiv\u00e4t ole ongelma kest\u00e4vien maastorenkaiden ansiosta. Go-kartista tulee viel\u00e4kin hauskempi BERG-lis\u00e4varusteilla, kuten turvakaarella tai vilkkuvalolla!<\/p>\n<p>Ominaisuudet:<\/p>\n<p>* &#8211; eritt\u00e4in tukeva runko, joten sopii my\u00f6s ammattik\u00e4ytt\u00f6\u00f6n.<br \/>\n* &#8211; kasvaa mukana s\u00e4\u00e4dett\u00e4v\u00e4n istuimen ansiosta.<br \/>\n* &#8211; ilmarenkaat tarjoavat lis\u00e4\u00e4 mukavuutta.<br \/>\n* &#8211; Nelj\u00e4 py\u00f6r\u00e4\u00e4 ja k\u00e4\u00e4nt\u00f6akseli takaavat vakaan ja turvallisen pidon.* &#8211; BFR XXL -j\u00e4rjestelm\u00e4<\/p>\n","protected":false},"excerpt":{"rendered":"<p>Berg XXL-BFR CLAAS polkuauto \u2013 mik\u00e4\u00e4n seikkailu ei ole liian suuri t\u00e4lle polkuautolle! Vaikeakulkuiset polut ja ep\u00e4tasainen maasto eiv\u00e4t ole ongelma kest\u00e4vien maastorenkaiden ansiosta. Go-kartista tulee viel\u00e4kin hauskempi BERG-lis\u00e4varusteilla, kuten turvakaarella tai vilkkuvalolla! Ominaisuudet: * &#8211; eritt\u00e4in tukeva runko, joten sopii my\u00f6s ammattik\u00e4ytt\u00f6\u00f6n. * &#8211; kasvaa mukana s\u00e4\u00e4dett\u00e4v\u00e4n istuimen ansiosta. * &#8211; ilmarenkaat tarjoavat lis\u00e4\u00e4 [&hellip;]<\/p>\n","protected":false},"featured_media":0,"comment_status":"open","ping_status":"closed","template":"","meta":[],"product_brand":[],"product_cat":[32],"product_tag":[],"class_list":{"0":"post-36485","1":"product","2":"type-product","3":"status-publish","5":"product_cat-uncategorized-fi","7":"first","8":"instock","9":"shipping-taxable","10":"purchasable","11":"product-type-simple"},"_links":{"self":[{"href":"https:\/\/nordicmart.andreevmaster.com\/fi\/wp-json\/wp\/v2\/product\/36485","targetHints":{"allow":["GET"]}}],"collection":[{"href":"https:\/\/nordicmart.andreevmaster.com\/fi\/wp-json\/wp\/v2\/product"}],"about":[{"href":"https:\/\/nordicmart.andreevmaster.com\/fi\/wp-json\/wp\/v2\/types\/product"}],"replies":[{"embeddable":true,"href":"https:\/\/nordicmart.andreevmaster.com\/fi\/wp-json\/wp\/v2\/comments?post=36485"}],"wp:attachment":[{"href":"https:\/\/nordicmart.andreevmaster.com\/fi\/wp-json\/wp\/v2\/media?parent=36485"}],"wp:term":[{"taxonomy":"product_brand","embeddable":true,"href":"https:\/\/nordicmart.andreevmaster.com\/fi\/wp-json\/wp\/v2\/product_brand?post=36485"},{"taxonomy":"product_cat","embeddable":true,"href":"https:\/\/nordicmart.andreevmaster.com\/fi\/wp-json\/wp\/v2\/product_cat?post=36485"},{"taxonomy":"product_tag","embeddable":true,"href":"https:\/\/nordicmart.andreevmaster.com\/fi\/wp-json\/wp\/v2\/product_tag?post=36485"}],"curies":[{"name":"wp","href":"https:\/\/api.w.org\/{rel}","templated":true}]}}