{"id":36484,"date":"2026-02-27T00:34:39","date_gmt":"2026-02-27T00:34:39","guid":{"rendered":"https:\/\/nordicmart.andreevmaster.com\/product\/berg-xl-chopper-bfr-polkuauto\/"},"modified":"2026-02-27T09:52:21","modified_gmt":"2026-02-27T09:52:21","slug":"berg-xl-chopper-bfr-polkuauto","status":"publish","type":"product","link":"https:\/\/nordicmart.andreevmaster.com\/fi\/tuote\/berg-xl-chopper-bfr-polkuauto\/","title":{"rendered":"BERG XL Chopper BFR polkuauto"},"content":{"rendered":"<p>Berg Chopper BFR -yksipaikkainen polkuauto on tukeva ajoneuvo, joka tarjoaa lapsellesi unohtumattomia hetki\u00e4! Polkuautossa on s\u00e4\u00e4dett\u00e4v\u00e4 istuin, joten 5\u20136-vuotiaat ja sit\u00e4 vanhemmat lapset voivat k\u00e4ytt\u00e4\u00e4 sit\u00e4! Yksinkertainen ja k\u00e4yt\u00e4nn\u00f6llinen malli on valmistettu korkealaatuisista materiaaleista, jotka t\u00e4ytt\u00e4v\u00e4t korkeimmat tekniset vaatimukset. T\u00e4m\u00e4 polkuauto on t\u00e4ydellinen ajoneuvo lapsellesi, ja se tukee my\u00f6s motoristen taitojen kehityst\u00e4.Ominaisuudet:<\/p>\n<p>* &#8211; 5-vuotiaille lapsille,<br \/>\n* &#8211; ajoneuvon paino: 40 kg,<br \/>\n* &#8211; maks. kuorma: 100 kg,<br \/>\n* &#8211; suositeltu k\u00e4ytt\u00e4j\u00e4n pituus: 125-190 cm,<br \/>\n* &#8211; rakenne: ter\u00e4s,<br \/>\n* &#8211; suljettu ketjuveto,<br \/>\n* &#8211; BFR-vaihteisto,<br \/>\n* &#8211; s\u00e4\u00e4dett\u00e4v\u00e4 istuin,<br \/>\n* &#8211; py\u00f6r\u00e4n halkaisija: 40 cm,<br \/>\n* &#8211; pieni k\u00e4\u00e4nt\u00f6s\u00e4de,<br \/>\n* &#8211; ohjauspy\u00f6r\u00e4n kaksoislaakerit takaavat sujuvan k\u00e4sittelyn.<\/p>\n<p>BERG on hollantilainen yritys, jolla on yli 30 vuoden kokemus lelujen valmistuksesta ja myynnist\u00e4. Berg-ajoneuvot valmistetaan yksinomaan eritt\u00e4in kest\u00e4vist\u00e4 ja turvallisista materiaaleista, jotka ovat korkealaatuisia. Jokainen lelu testataan lasten kanssa, jotta se pysyy vikattomana monien vuosien ajan!<\/p>\n","protected":false},"excerpt":{"rendered":"<p>Berg Chopper BFR -yksipaikkainen polkuauto on tukeva ajoneuvo, joka tarjoaa lapsellesi unohtumattomia hetki\u00e4! Polkuautossa on s\u00e4\u00e4dett\u00e4v\u00e4 istuin, joten 5\u20136-vuotiaat ja sit\u00e4 vanhemmat lapset voivat k\u00e4ytt\u00e4\u00e4 sit\u00e4! Yksinkertainen ja k\u00e4yt\u00e4nn\u00f6llinen malli on valmistettu korkealaatuisista materiaaleista, jotka t\u00e4ytt\u00e4v\u00e4t korkeimmat tekniset vaatimukset. T\u00e4m\u00e4 polkuauto on t\u00e4ydellinen ajoneuvo lapsellesi, ja se tukee my\u00f6s motoristen taitojen kehityst\u00e4.Ominaisuudet: * &#8211; 5-vuotiaille [&hellip;]<\/p>\n","protected":false},"featured_media":0,"comment_status":"open","ping_status":"closed","template":"","meta":[],"product_brand":[],"product_cat":[32],"product_tag":[],"class_list":{"0":"post-36484","1":"product","2":"type-product","3":"status-publish","5":"product_cat-uncategorized-fi","7":"first","8":"instock","9":"shipping-taxable","10":"purchasable","11":"product-type-simple"},"_links":{"self":[{"href":"https:\/\/nordicmart.andreevmaster.com\/fi\/wp-json\/wp\/v2\/product\/36484","targetHints":{"allow":["GET"]}}],"collection":[{"href":"https:\/\/nordicmart.andreevmaster.com\/fi\/wp-json\/wp\/v2\/product"}],"about":[{"href":"https:\/\/nordicmart.andreevmaster.com\/fi\/wp-json\/wp\/v2\/types\/product"}],"replies":[{"embeddable":true,"href":"https:\/\/nordicmart.andreevmaster.com\/fi\/wp-json\/wp\/v2\/comments?post=36484"}],"wp:attachment":[{"href":"https:\/\/nordicmart.andreevmaster.com\/fi\/wp-json\/wp\/v2\/media?parent=36484"}],"wp:term":[{"taxonomy":"product_brand","embeddable":true,"href":"https:\/\/nordicmart.andreevmaster.com\/fi\/wp-json\/wp\/v2\/product_brand?post=36484"},{"taxonomy":"product_cat","embeddable":true,"href":"https:\/\/nordicmart.andreevmaster.com\/fi\/wp-json\/wp\/v2\/product_cat?post=36484"},{"taxonomy":"product_tag","embeddable":true,"href":"https:\/\/nordicmart.andreevmaster.com\/fi\/wp-json\/wp\/v2\/product_tag?post=36484"}],"curies":[{"name":"wp","href":"https:\/\/api.w.org\/{rel}","templated":true}]}}