{"id":36482,"date":"2026-02-27T00:34:38","date_gmt":"2026-02-27T00:34:38","guid":{"rendered":"https:\/\/nordicmart.andreevmaster.com\/product\/berg-xl-case-ih-bfr-polkuauto\/"},"modified":"2026-02-27T09:52:21","modified_gmt":"2026-02-27T09:52:21","slug":"berg-xl-case-ih-bfr-polkuauto","status":"publish","type":"product","link":"https:\/\/nordicmart.andreevmaster.com\/fi\/tuote\/berg-xl-case-ih-bfr-polkuauto\/","title":{"rendered":"BERG XL Case IH BFR polkuauto"},"content":{"rendered":"<p>Case IH:n lisensoima BERG XL polkuauto on ainutlaatuinen yhdistelm\u00e4 polkuautoa ja traktoria! Renkaat ja pakoputkisto antavat sille aidon traktorin ulkon\u00e4\u00f6n. Vaikuttavat syv\u00e4kuvioiset renkaat ja k\u00e4\u00e4nt\u00f6akseli takaavat parhaan mahdollisen pidon mutaisessa maastossa ja pit\u00e4v\u00e4t sinut vakaana ep\u00e4tasaisessa maastossa! Erityisesti ulkona voit nauttia vapaudesta ja tilasta seikkailujen parissa. Se on virallisesti lisensoitu tuote, ja v\u00e4rit, tarrat ja pakoputki tekev\u00e4t t\u00e4st\u00e4 kartingautosta todellisen Case IH:n nuorille viljelij\u00f6ille. Ominaisuudet: * &#8211; todellisen traktorin j\u00e4ljitelm\u00e4, * &#8211; s\u00e4\u00e4dett\u00e4v\u00e4 istuin &#8211; erilainen kuin sinulla, * &#8211; lis\u00e4pitoa ja mukavuutta syv\u00e4kuvioisten renkaiden ansiosta,* &#8211; vankka rakenne ja k\u00e4\u00e4nt\u00f6akseli lis\u00e4\u00e4v\u00e4t turvallisuutta,<br \/>\n* &#8211; BFR-j\u00e4rjestelm\u00e4 \u2013 ainutlaatuinen ketjuvaihteisto, jonka avulla voit ajaa eteen- ja taaksep\u00e4in vaihtamatta vaihdetta, ja mekanismi on varustettu my\u00f6s vapaakytkimell\u00e4 ja jarrulla,<br \/>\n* &#8211; lapsille ja aikuisille,<br \/>\n* &#8211; sis\u00e4lt\u00e4\u00e4 rekisterikilven.<\/p>\n","protected":false},"excerpt":{"rendered":"<p>Case IH:n lisensoima BERG XL polkuauto on ainutlaatuinen yhdistelm\u00e4 polkuautoa ja traktoria! Renkaat ja pakoputkisto antavat sille aidon traktorin ulkon\u00e4\u00f6n. Vaikuttavat syv\u00e4kuvioiset renkaat ja k\u00e4\u00e4nt\u00f6akseli takaavat parhaan mahdollisen pidon mutaisessa maastossa ja pit\u00e4v\u00e4t sinut vakaana ep\u00e4tasaisessa maastossa! Erityisesti ulkona voit nauttia vapaudesta ja tilasta seikkailujen parissa. Se on virallisesti lisensoitu tuote, ja v\u00e4rit, tarrat ja [&hellip;]<\/p>\n","protected":false},"featured_media":0,"comment_status":"open","ping_status":"closed","template":"","meta":[],"product_brand":[],"product_cat":[32],"product_tag":[],"class_list":{"0":"post-36482","1":"product","2":"type-product","3":"status-publish","5":"product_cat-uncategorized-fi","7":"first","8":"instock","9":"shipping-taxable","10":"purchasable","11":"product-type-simple"},"_links":{"self":[{"href":"https:\/\/nordicmart.andreevmaster.com\/fi\/wp-json\/wp\/v2\/product\/36482","targetHints":{"allow":["GET"]}}],"collection":[{"href":"https:\/\/nordicmart.andreevmaster.com\/fi\/wp-json\/wp\/v2\/product"}],"about":[{"href":"https:\/\/nordicmart.andreevmaster.com\/fi\/wp-json\/wp\/v2\/types\/product"}],"replies":[{"embeddable":true,"href":"https:\/\/nordicmart.andreevmaster.com\/fi\/wp-json\/wp\/v2\/comments?post=36482"}],"wp:attachment":[{"href":"https:\/\/nordicmart.andreevmaster.com\/fi\/wp-json\/wp\/v2\/media?parent=36482"}],"wp:term":[{"taxonomy":"product_brand","embeddable":true,"href":"https:\/\/nordicmart.andreevmaster.com\/fi\/wp-json\/wp\/v2\/product_brand?post=36482"},{"taxonomy":"product_cat","embeddable":true,"href":"https:\/\/nordicmart.andreevmaster.com\/fi\/wp-json\/wp\/v2\/product_cat?post=36482"},{"taxonomy":"product_tag","embeddable":true,"href":"https:\/\/nordicmart.andreevmaster.com\/fi\/wp-json\/wp\/v2\/product_tag?post=36482"}],"curies":[{"name":"wp","href":"https:\/\/api.w.org\/{rel}","templated":true}]}}