{"id":36481,"date":"2026-02-27T00:34:38","date_gmt":"2026-02-27T00:34:38","guid":{"rendered":"https:\/\/nordicmart.andreevmaster.com\/product\/magneettinen-tikka-tikkapeli-1066874\/"},"modified":"2026-02-27T09:52:20","modified_gmt":"2026-02-27T09:52:20","slug":"magneettinen-tikka-tikkapeli-1066874","status":"publish","type":"product","link":"https:\/\/nordicmart.andreevmaster.com\/fi\/tuote\/magneettinen-tikka-tikkapeli-1066874\/","title":{"rendered":"Magneettinen tikka &#8211; Tikkapeli \u2013 1066874"},"content":{"rendered":"<p>Magneettinen tikka &#8211; Tikkapeli &ndash; 1066874&nbsp;&nbsp;Etsitk\u00f6 viihdett\u00e4 itsellesi ja yst\u00e4villesi? Magneettiset tikanheitot ovat t\u00e4ydellinen tapa viett\u00e4\u00e4 vapaa-aikaa rakkaiden kanssa. Nuolissa on magneetti, jonka ansiosta ne tarttuvat kohteen pintaan. Tikanheiton pelaaminen on paitsi hauskaa, my\u00f6s loistava tapa parantaa k\u00e4si-silm\u00e4-koordinaatiota ja keskittymiskyky\u00e4.&nbsp;Magneettinen tikanheitto on t\u00e4ydellinen lahja kaiken ik\u00e4isille. Se sopii hyvin lahjaksi sek\u00e4 lapselle ett\u00e4 aikuiselle. Se on loistava tapa viett\u00e4\u00e4 aikaa yhdess\u00e4 ja vahvistaa perheen siteit\u00e4. T\u00e4m\u00e4n tyyppisen tuotteen ansiosta voit harjoitella omia taitojasi sek\u00e4 j\u00e4rjest\u00e4\u00e4 minidarts-turnauksen.&nbsp;Tuotetiedot:&nbsp;Halkaisija: 33 cmSis\u00e4lt\u00e4\u00e4 3 dartsiaValmistettu korkealaatuisista materiaaleistaHelppo s\u00e4ilytt\u00e4\u00e4&nbsp;Darts on yh\u00e4 suositumpi peli, joka ker\u00e4\u00e4 yh\u00e4 enemm\u00e4n kannattajia. Sek\u00e4 amat\u00f6\u00f6ri- ett\u00e4 ammattitasolla j\u00e4rjestet\u00e4\u00e4n lukuisia turnauksia ja kilpailuja. Dartsin s\u00e4\u00e4nn\u00f6t: Darts-peliss\u00e4 heitet\u00e4\u00e4n dartsia darts-tauluun, joka on jaettu neli\u00f6ihin, joilla on eri pisteet. Pelin tavoitteena on ker\u00e4t\u00e4 mahdollisimman monta pistett\u00e4. Peliss\u00e4 on monia erilaisia muunnelmia, mik\u00e4 tekee siit\u00e4 hauskan ja kilpailuhenkisen. Peli: Pelaajat heitt\u00e4v\u00e4t kolme darttia per\u00e4kk\u00e4in. Pisteet lasketaan taaksep\u00e4in ja v\u00e4hennet\u00e4\u00e4n alkuper\u00e4isest\u00e4 pisteest\u00e4. Bullseyeen (kohteen keskelle) osuminen on 50 pisteen arvoinen. Double bullseyeen (kohteen keskell\u00e4 olevaan pieneen ympyr\u00e4\u00e4n) osuminen on 100 pisteen arvoinen.Numeroruudun osuminen kaksinkertaistaa kyseisen numeron (esim. numeron 20 osuminen kaksinkertaistaa pisteet 40:een). Numeroruudun osuminen kolminkertaistaa kyseisen numeron (esim. numeron 20 osuminen kolminkertaistaa pisteet 60:een). Tavoitteesta ohi menneet tai siit\u00e4 kimpoavat tikanheitot eiv\u00e4t lasketa.Ensimm\u00e4inen pelaaja, joka saa pisteens\u00e4 nollaan, voittaa. Suosittuja pelivariaatioita: 301: Klassinen pelivariaatio, jossa pelaajat aloittavat 301 pisteell\u00e4. 501: Haastavampi pelivariaatio, jossa pelaajat aloittavat 501 pisteell\u00e4. Cricket: Pelivariaatio, jossa pelaajat yritt\u00e4v\u00e4t &#8221;sulkea&#8221; ruudut numeroilla 15\u201320.Killer: Pelin muunnos, jossa pelaajat eliminoivat toisensa ly\u00f6m\u00e4ll\u00e4 toistensa &#8221;numeroita&#8221;.&nbsp;&nbsp;&nbsp;Lapsille: peli on tarkoitettu yli 6-vuotiaille lapsille vain aikuisen valvonnassa. Lapsilla on riski k\u00e4ytt\u00e4\u00e4 peli\u00e4 muihin tarkoituksiin! Ei sovi alle 3-vuotiaille lapsille! Pienen osat voivat aiheuttaa tukehtumisvaaran.&nbsp;<\/p>\n","protected":false},"excerpt":{"rendered":"<p>Magneettinen tikka &#8211; Tikkapeli &ndash; 1066874&nbsp;&nbsp;Etsitk\u00f6 viihdett\u00e4 itsellesi ja yst\u00e4villesi? Magneettiset tikanheitot ovat t\u00e4ydellinen tapa viett\u00e4\u00e4 vapaa-aikaa rakkaiden kanssa. Nuolissa on magneetti, jonka ansiosta ne tarttuvat kohteen pintaan. Tikanheiton pelaaminen on paitsi hauskaa, my\u00f6s loistava tapa parantaa k\u00e4si-silm\u00e4-koordinaatiota ja keskittymiskyky\u00e4.&nbsp;Magneettinen tikanheitto on t\u00e4ydellinen lahja kaiken ik\u00e4isille. Se sopii hyvin lahjaksi sek\u00e4 lapselle ett\u00e4 aikuiselle. Se [&hellip;]<\/p>\n","protected":false},"featured_media":44760,"comment_status":"open","ping_status":"closed","template":"","meta":[],"product_brand":[],"product_cat":[32],"product_tag":[],"class_list":{"0":"post-36481","1":"product","2":"type-product","3":"status-publish","4":"has-post-thumbnail","6":"product_cat-uncategorized-fi","8":"first","9":"instock","10":"shipping-taxable","11":"purchasable","12":"product-type-simple"},"_links":{"self":[{"href":"https:\/\/nordicmart.andreevmaster.com\/fi\/wp-json\/wp\/v2\/product\/36481","targetHints":{"allow":["GET"]}}],"collection":[{"href":"https:\/\/nordicmart.andreevmaster.com\/fi\/wp-json\/wp\/v2\/product"}],"about":[{"href":"https:\/\/nordicmart.andreevmaster.com\/fi\/wp-json\/wp\/v2\/types\/product"}],"replies":[{"embeddable":true,"href":"https:\/\/nordicmart.andreevmaster.com\/fi\/wp-json\/wp\/v2\/comments?post=36481"}],"wp:featuredmedia":[{"embeddable":true,"href":"https:\/\/nordicmart.andreevmaster.com\/fi\/wp-json\/wp\/v2\/media\/44760"}],"wp:attachment":[{"href":"https:\/\/nordicmart.andreevmaster.com\/fi\/wp-json\/wp\/v2\/media?parent=36481"}],"wp:term":[{"taxonomy":"product_brand","embeddable":true,"href":"https:\/\/nordicmart.andreevmaster.com\/fi\/wp-json\/wp\/v2\/product_brand?post=36481"},{"taxonomy":"product_cat","embeddable":true,"href":"https:\/\/nordicmart.andreevmaster.com\/fi\/wp-json\/wp\/v2\/product_cat?post=36481"},{"taxonomy":"product_tag","embeddable":true,"href":"https:\/\/nordicmart.andreevmaster.com\/fi\/wp-json\/wp\/v2\/product_tag?post=36481"}],"curies":[{"name":"wp","href":"https:\/\/api.w.org\/{rel}","templated":true}]}}