{"id":36480,"date":"2026-02-27T00:34:38","date_gmt":"2026-02-27T00:34:38","guid":{"rendered":"https:\/\/nordicmart.andreevmaster.com\/product\/pienoiskoristeelliset-rummut-lahja-muusikolle-bmd-012\/"},"modified":"2026-02-27T09:52:20","modified_gmt":"2026-02-27T09:52:20","slug":"pienoiskoristeelliset-rummut-lahja-muusikolle-bmd-012","status":"publish","type":"product","link":"https:\/\/nordicmart.andreevmaster.com\/fi\/tuote\/pienoiskoristeelliset-rummut-lahja-muusikolle-bmd-012\/","title":{"rendered":"Pienoiskoristeelliset rummut \u2013 Lahja muusikolle \u2013 BMD-012"},"content":{"rendered":"<p>Pienoiskoristeelliset rummut \u2013 Lahja muusikolle \u2013 BMD-012&nbsp;&nbsp;BMD-012-pienoisrummut ovat t\u00e4ydellinen lahja kenelle tahansa musiikin yst\u00e4v\u00e4lle tai rumpalille. Sopivat erinomaisesti sijoitettavaksi ty\u00f6p\u00f6yd\u00e4lle, hyllylle tai mihin tahansa muuhun paikkaan, jossa ne muistuttavat intohimosta rytmiin ja musiikkiin. Loistava lahjaidea, joka ilahduttaa jokaista rumpuharrastajaa!&nbsp;&nbsp;Tuotetiedot:&nbsp;Mitat: korkeus 10 cmV\u00e4ri: punainen, valkoinen, mustaMittakaava 1:10Ker\u00e4ilyesineHuomioithan, ett\u00e4 ly\u00f6m\u00e4soitin &ldquo;ei soita&rdquo; \u2013 kyseess\u00e4 on ainoastaan koriste-esineMateriaali: muovi, metalliLahja musiikin yst\u00e4v\u00e4lle.Lahja rumpalille&nbsp;T\u00e4ydellinen lahjaksi:&nbsp;rumpalillerock-, jazz- tai metal-musiikin yst\u00e4v\u00e4llesyntym\u00e4p\u00e4iviksi, juhlapyhiksi tai pieneksi lahjaksitoimistoon, studioon, musiikkihuoneeseen&nbsp;<\/p>\n","protected":false},"excerpt":{"rendered":"<p>Pienoiskoristeelliset rummut \u2013 Lahja muusikolle \u2013 BMD-012&nbsp;&nbsp;BMD-012-pienoisrummut ovat t\u00e4ydellinen lahja kenelle tahansa musiikin yst\u00e4v\u00e4lle tai rumpalille. Sopivat erinomaisesti sijoitettavaksi ty\u00f6p\u00f6yd\u00e4lle, hyllylle tai mihin tahansa muuhun paikkaan, jossa ne muistuttavat intohimosta rytmiin ja musiikkiin. Loistava lahjaidea, joka ilahduttaa jokaista rumpuharrastajaa!&nbsp;&nbsp;Tuotetiedot:&nbsp;Mitat: korkeus 10 cmV\u00e4ri: punainen, valkoinen, mustaMittakaava 1:10Ker\u00e4ilyesineHuomioithan, ett\u00e4 ly\u00f6m\u00e4soitin &ldquo;ei soita&rdquo; \u2013 kyseess\u00e4 on ainoastaan koriste-esineMateriaali: [&hellip;]<\/p>\n","protected":false},"featured_media":44759,"comment_status":"open","ping_status":"closed","template":"","meta":[],"product_brand":[],"product_cat":[32],"product_tag":[],"class_list":{"0":"post-36480","1":"product","2":"type-product","3":"status-publish","4":"has-post-thumbnail","6":"product_cat-uncategorized-fi","8":"first","9":"instock","10":"shipping-taxable","11":"purchasable","12":"product-type-simple"},"_links":{"self":[{"href":"https:\/\/nordicmart.andreevmaster.com\/fi\/wp-json\/wp\/v2\/product\/36480","targetHints":{"allow":["GET"]}}],"collection":[{"href":"https:\/\/nordicmart.andreevmaster.com\/fi\/wp-json\/wp\/v2\/product"}],"about":[{"href":"https:\/\/nordicmart.andreevmaster.com\/fi\/wp-json\/wp\/v2\/types\/product"}],"replies":[{"embeddable":true,"href":"https:\/\/nordicmart.andreevmaster.com\/fi\/wp-json\/wp\/v2\/comments?post=36480"}],"wp:featuredmedia":[{"embeddable":true,"href":"https:\/\/nordicmart.andreevmaster.com\/fi\/wp-json\/wp\/v2\/media\/44759"}],"wp:attachment":[{"href":"https:\/\/nordicmart.andreevmaster.com\/fi\/wp-json\/wp\/v2\/media?parent=36480"}],"wp:term":[{"taxonomy":"product_brand","embeddable":true,"href":"https:\/\/nordicmart.andreevmaster.com\/fi\/wp-json\/wp\/v2\/product_brand?post=36480"},{"taxonomy":"product_cat","embeddable":true,"href":"https:\/\/nordicmart.andreevmaster.com\/fi\/wp-json\/wp\/v2\/product_cat?post=36480"},{"taxonomy":"product_tag","embeddable":true,"href":"https:\/\/nordicmart.andreevmaster.com\/fi\/wp-json\/wp\/v2\/product_tag?post=36480"}],"curies":[{"name":"wp","href":"https:\/\/api.w.org\/{rel}","templated":true}]}}