{"id":36479,"date":"2026-02-27T00:34:37","date_gmt":"2026-02-27T00:34:37","guid":{"rendered":"https:\/\/nordicmart.andreevmaster.com\/product\/mini-koristrummut-lahja-muusikolle-bmd-003\/"},"modified":"2026-02-27T09:52:20","modified_gmt":"2026-02-27T09:52:20","slug":"mini-koristrummut-lahja-muusikolle-bmd-003","status":"publish","type":"product","link":"https:\/\/nordicmart.andreevmaster.com\/fi\/tuote\/mini-koristrummut-lahja-muusikolle-bmd-003\/","title":{"rendered":"Mini-koristrummut \u2013 lahja muusikolle \u2013 BMD-003"},"content":{"rendered":"<p>Mini-koristrummut \u2013 lahja muusikolle \u2013 BMD-003&nbsp;&nbsp;BMD-003-minirummut ovat t\u00e4ydellinen lahja kaikille musiikin yst\u00e4ville tai rumpaleille. Ne sopivat erinomaisesti ty\u00f6p\u00f6yd\u00e4lle, hyllylle tai muualle, miss\u00e4 ne muistuttavat sinua intohimostasi rytmiin ja musiikkiin. Se on loistava lahjaidea, joka ilahduttaa kaikkia rumpujen yst\u00e4vi\u00e4!&nbsp;&nbsp;Tuotetiedot:&nbsp;&nbsp;Mitat: Korkeus 10 cmV\u00e4ri: hopea, mustaMittakaava 1:10Ker\u00e4ilykohdeHuomaa, ett\u00e4 ly\u00f6m\u00e4soitin ei soi, vaan se on vain koriste-esineMateriaali: muovi, metalliLahja musiikin yst\u00e4v\u00e4lle.Lahja rumpalille&nbsp;<\/p>\n","protected":false},"excerpt":{"rendered":"<p>Mini-koristrummut \u2013 lahja muusikolle \u2013 BMD-003&nbsp;&nbsp;BMD-003-minirummut ovat t\u00e4ydellinen lahja kaikille musiikin yst\u00e4ville tai rumpaleille. Ne sopivat erinomaisesti ty\u00f6p\u00f6yd\u00e4lle, hyllylle tai muualle, miss\u00e4 ne muistuttavat sinua intohimostasi rytmiin ja musiikkiin. Se on loistava lahjaidea, joka ilahduttaa kaikkia rumpujen yst\u00e4vi\u00e4!&nbsp;&nbsp;Tuotetiedot:&nbsp;&nbsp;Mitat: Korkeus 10 cmV\u00e4ri: hopea, mustaMittakaava 1:10Ker\u00e4ilykohdeHuomaa, ett\u00e4 ly\u00f6m\u00e4soitin ei soi, vaan se on vain koriste-esineMateriaali: muovi, metalliLahja [&hellip;]<\/p>\n","protected":false},"featured_media":44758,"comment_status":"open","ping_status":"closed","template":"","meta":[],"product_brand":[],"product_cat":[32],"product_tag":[],"class_list":{"0":"post-36479","1":"product","2":"type-product","3":"status-publish","4":"has-post-thumbnail","6":"product_cat-uncategorized-fi","8":"first","9":"instock","10":"shipping-taxable","11":"purchasable","12":"product-type-simple"},"_links":{"self":[{"href":"https:\/\/nordicmart.andreevmaster.com\/fi\/wp-json\/wp\/v2\/product\/36479","targetHints":{"allow":["GET"]}}],"collection":[{"href":"https:\/\/nordicmart.andreevmaster.com\/fi\/wp-json\/wp\/v2\/product"}],"about":[{"href":"https:\/\/nordicmart.andreevmaster.com\/fi\/wp-json\/wp\/v2\/types\/product"}],"replies":[{"embeddable":true,"href":"https:\/\/nordicmart.andreevmaster.com\/fi\/wp-json\/wp\/v2\/comments?post=36479"}],"wp:featuredmedia":[{"embeddable":true,"href":"https:\/\/nordicmart.andreevmaster.com\/fi\/wp-json\/wp\/v2\/media\/44758"}],"wp:attachment":[{"href":"https:\/\/nordicmart.andreevmaster.com\/fi\/wp-json\/wp\/v2\/media?parent=36479"}],"wp:term":[{"taxonomy":"product_brand","embeddable":true,"href":"https:\/\/nordicmart.andreevmaster.com\/fi\/wp-json\/wp\/v2\/product_brand?post=36479"},{"taxonomy":"product_cat","embeddable":true,"href":"https:\/\/nordicmart.andreevmaster.com\/fi\/wp-json\/wp\/v2\/product_cat?post=36479"},{"taxonomy":"product_tag","embeddable":true,"href":"https:\/\/nordicmart.andreevmaster.com\/fi\/wp-json\/wp\/v2\/product_tag?post=36479"}],"curies":[{"name":"wp","href":"https:\/\/api.w.org\/{rel}","templated":true}]}}