{"id":36478,"date":"2026-02-27T00:34:37","date_gmt":"2026-02-27T00:34:37","guid":{"rendered":"https:\/\/nordicmart.andreevmaster.com\/product\/rolly-toys-rollyunimog-forst-mercedes-benz-winch-polkuauto\/"},"modified":"2026-02-27T09:52:20","modified_gmt":"2026-02-27T09:52:20","slug":"rolly-toys-rollyunimog-forst-mercedes-benz-winch-polkuauto","status":"publish","type":"product","link":"https:\/\/nordicmart.andreevmaster.com\/fi\/tuote\/rolly-toys-rollyunimog-forst-mercedes-benz-winch-polkuauto\/","title":{"rendered":"Rolly Toys RollyUnimog Forst Mercedes-Benz Winch &#8211; Polkuauto"},"content":{"rendered":"<p>Mercedes-Benzin lisensoima RollyUnimog Forst -maastoauto hinausk\u00f6ydell\u00e4 on korkealaatuinen, alkuper\u00e4inen saksalainen tuote, joka palvelee lapsianne monien vuosien ajan. T\u00e4m\u00e4 suuri vihre\u00e4 auto hinausk\u00f6ydell\u00e4 ja koukulla on loistava lahja 3-vuotiaille ja sit\u00e4 vanhemmille lapsille. Auto on t\u00e4ydellinen nuorille seikkailijoille, sill\u00e4 se tarjoaa heille turvallista hauskaa loputtomasti erilaisissa tilanteissa! Vihre\u00e4ss\u00e4 Mercedes-maastoautossa on mukava, s\u00e4\u00e4dett\u00e4v\u00e4 istuin, joten auto kasvaa lapsen mukana. Lis\u00e4ksi koko mekaaninen j\u00e4rjestelm\u00e4 on huolellisesti suojattu, jotta lapset eiv\u00e4t p\u00e4\u00e4se siihen k\u00e4siksi ja leikin turvallisuus on taattu. Yksi RollyUnimog Forestin erottavista ominaisuuksista on sen toimiva vinssi, jossa on kampi. Sen avulla pienet tutkimusmatkailijat voivat leikki\u00e4 mets\u00e4t\u00f6it\u00e4 tai auttaa apua tarvitsevia. Kampi antaa lasten vet\u00e4\u00e4 k\u00f6ytt\u00e4 ja nostaa esineit\u00e4 \u2013 loistava tapa kehitt\u00e4\u00e4 hienomotoriikkaa. Hiljaiset renkaat varmistavat, ett\u00e4 lelu ei aiheuta tarpeetonta melua k\u00e4yt\u00f6n aikana.- Lelu 3-vuotiaille ja sit\u00e4 vanhemmille &#8211; S\u00e4\u00e4dett\u00e4v\u00e4 istuin, jonka avulla ajoneuvo voidaan mukauttaa lapsen ik\u00e4\u00e4n &#8211; Mukana toimiva vinssi &#8211; Py\u00f6r\u00e4t, joissa on erityinen p\u00e4\u00e4llyste, joka tekee ajamisesta hiljaisempaa &#8211; Optimoitu k\u00e4\u00e4nt\u00f6s\u00e4de py\u00f6riv\u00e4n ohjausj\u00e4rjestelm\u00e4n ansiosta &#8211; S\u00e4\u00e4dett\u00e4v\u00e4 ketjun kireys &#8211; Sis\u00e4\u00e4nrakennettu, t\u00e4ysin turvallinen ketjuveto &#8211; Kest\u00e4v\u00e4t ohjaustangot &#8211; Lis\u00e4varusteita voidaan kiinnitt\u00e4\u00e4<\/p>\n","protected":false},"excerpt":{"rendered":"<p>Mercedes-Benzin lisensoima RollyUnimog Forst -maastoauto hinausk\u00f6ydell\u00e4 on korkealaatuinen, alkuper\u00e4inen saksalainen tuote, joka palvelee lapsianne monien vuosien ajan. T\u00e4m\u00e4 suuri vihre\u00e4 auto hinausk\u00f6ydell\u00e4 ja koukulla on loistava lahja 3-vuotiaille ja sit\u00e4 vanhemmille lapsille. Auto on t\u00e4ydellinen nuorille seikkailijoille, sill\u00e4 se tarjoaa heille turvallista hauskaa loputtomasti erilaisissa tilanteissa! Vihre\u00e4ss\u00e4 Mercedes-maastoautossa on mukava, s\u00e4\u00e4dett\u00e4v\u00e4 istuin, joten auto kasvaa [&hellip;]<\/p>\n","protected":false},"featured_media":0,"comment_status":"open","ping_status":"closed","template":"","meta":[],"product_brand":[],"product_cat":[32],"product_tag":[],"class_list":{"0":"post-36478","1":"product","2":"type-product","3":"status-publish","5":"product_cat-uncategorized-fi","7":"first","8":"instock","9":"shipping-taxable","10":"purchasable","11":"product-type-simple"},"_links":{"self":[{"href":"https:\/\/nordicmart.andreevmaster.com\/fi\/wp-json\/wp\/v2\/product\/36478","targetHints":{"allow":["GET"]}}],"collection":[{"href":"https:\/\/nordicmart.andreevmaster.com\/fi\/wp-json\/wp\/v2\/product"}],"about":[{"href":"https:\/\/nordicmart.andreevmaster.com\/fi\/wp-json\/wp\/v2\/types\/product"}],"replies":[{"embeddable":true,"href":"https:\/\/nordicmart.andreevmaster.com\/fi\/wp-json\/wp\/v2\/comments?post=36478"}],"wp:attachment":[{"href":"https:\/\/nordicmart.andreevmaster.com\/fi\/wp-json\/wp\/v2\/media?parent=36478"}],"wp:term":[{"taxonomy":"product_brand","embeddable":true,"href":"https:\/\/nordicmart.andreevmaster.com\/fi\/wp-json\/wp\/v2\/product_brand?post=36478"},{"taxonomy":"product_cat","embeddable":true,"href":"https:\/\/nordicmart.andreevmaster.com\/fi\/wp-json\/wp\/v2\/product_cat?post=36478"},{"taxonomy":"product_tag","embeddable":true,"href":"https:\/\/nordicmart.andreevmaster.com\/fi\/wp-json\/wp\/v2\/product_tag?post=36478"}],"curies":[{"name":"wp","href":"https:\/\/api.w.org\/{rel}","templated":true}]}}