{"id":36477,"date":"2026-02-27T00:34:37","date_gmt":"2026-02-27T00:34:37","guid":{"rendered":"https:\/\/nordicmart.andreevmaster.com\/product\/david-bowien-inspiroima-minikitarra-mgt-8976\/"},"modified":"2026-02-27T09:52:19","modified_gmt":"2026-02-27T09:52:19","slug":"david-bowien-inspiroima-minikitarra-mgt-8976","status":"publish","type":"product","link":"https:\/\/nordicmart.andreevmaster.com\/fi\/tuote\/david-bowien-inspiroima-minikitarra-mgt-8976\/","title":{"rendered":"David Bowien inspiroima minikitarra \u2013 MGT-8976"},"content":{"rendered":"<p>David Bowien inspiroima minikitarra \u2013 MGT-8976&nbsp;&nbsp;Ker\u00e4ilykohde, minikitarra, joka on saanut inspiraationsa musiikin, muodin ja populaarikulttuurin ikonista David Bowien tyylist\u00e4. Valmistettu mahonki-puusta mittakaavassa 1:4, mukana muovinen ja metallinen teline kitaran asettamista varten. T\u00e4m\u00e4 on t\u00e4ydellinen lahjaidea David Bowie -faneille ja klassisen rockin yst\u00e4ville.&nbsp;David Bowie on yksi 1900-luvun vaikutusvaltaisimmista hahmoista \u2013 kokonaisvaltainen taiteilija, joka tunnetaan jatkuvasta kokeilustaan \u00e4\u00e4nen, kuvan ja konventioiden kanssa. H\u00e4nen tuotantonsa kattoi glam rockin, elektronisen musiikin, soulin ja art rockin. MGT-8976-kitara on saanut inspiraationsa h\u00e4nen ainutlaatuisesta estetiikastaan ja on kunnianosoitus t\u00e4lle poikkeukselliselle musiikilliselle persoonallisuudelle.&nbsp;&nbsp;Tuotetiedot:&nbsp;Mitat: korkeus 27,5 cm x leveys 9 cm x syvyys 0,8 cm Mittakaava: 1:4 Materiaali: mahonki Pylv\u00e4s mukana Kitara ei soi \u2013 se on koriste-esine Ker\u00e4ilykohde Ihanteellinen lahja: David Bowie -faneille Mini-instrumenttien ker\u00e4ilij\u00f6ille Muusikoille ja rockin yst\u00e4ville<\/p>\n","protected":false},"excerpt":{"rendered":"<p>David Bowien inspiroima minikitarra \u2013 MGT-8976&nbsp;&nbsp;Ker\u00e4ilykohde, minikitarra, joka on saanut inspiraationsa musiikin, muodin ja populaarikulttuurin ikonista David Bowien tyylist\u00e4. Valmistettu mahonki-puusta mittakaavassa 1:4, mukana muovinen ja metallinen teline kitaran asettamista varten. T\u00e4m\u00e4 on t\u00e4ydellinen lahjaidea David Bowie -faneille ja klassisen rockin yst\u00e4ville.&nbsp;David Bowie on yksi 1900-luvun vaikutusvaltaisimmista hahmoista \u2013 kokonaisvaltainen taiteilija, joka tunnetaan jatkuvasta kokeilustaan [&hellip;]<\/p>\n","protected":false},"featured_media":44757,"comment_status":"open","ping_status":"closed","template":"","meta":[],"product_brand":[],"product_cat":[32],"product_tag":[],"class_list":{"0":"post-36477","1":"product","2":"type-product","3":"status-publish","4":"has-post-thumbnail","6":"product_cat-uncategorized-fi","8":"first","9":"instock","10":"shipping-taxable","11":"purchasable","12":"product-type-simple"},"_links":{"self":[{"href":"https:\/\/nordicmart.andreevmaster.com\/fi\/wp-json\/wp\/v2\/product\/36477","targetHints":{"allow":["GET"]}}],"collection":[{"href":"https:\/\/nordicmart.andreevmaster.com\/fi\/wp-json\/wp\/v2\/product"}],"about":[{"href":"https:\/\/nordicmart.andreevmaster.com\/fi\/wp-json\/wp\/v2\/types\/product"}],"replies":[{"embeddable":true,"href":"https:\/\/nordicmart.andreevmaster.com\/fi\/wp-json\/wp\/v2\/comments?post=36477"}],"wp:featuredmedia":[{"embeddable":true,"href":"https:\/\/nordicmart.andreevmaster.com\/fi\/wp-json\/wp\/v2\/media\/44757"}],"wp:attachment":[{"href":"https:\/\/nordicmart.andreevmaster.com\/fi\/wp-json\/wp\/v2\/media?parent=36477"}],"wp:term":[{"taxonomy":"product_brand","embeddable":true,"href":"https:\/\/nordicmart.andreevmaster.com\/fi\/wp-json\/wp\/v2\/product_brand?post=36477"},{"taxonomy":"product_cat","embeddable":true,"href":"https:\/\/nordicmart.andreevmaster.com\/fi\/wp-json\/wp\/v2\/product_cat?post=36477"},{"taxonomy":"product_tag","embeddable":true,"href":"https:\/\/nordicmart.andreevmaster.com\/fi\/wp-json\/wp\/v2\/product_tag?post=36477"}],"curies":[{"name":"wp","href":"https:\/\/api.w.org\/{rel}","templated":true}]}}