{"id":36476,"date":"2026-02-27T00:34:37","date_gmt":"2026-02-27T00:34:37","guid":{"rendered":"https:\/\/nordicmart.andreevmaster.com\/product\/minikitarra-taylor-swift-mgt-8938\/"},"modified":"2026-02-27T09:52:19","modified_gmt":"2026-02-27T09:52:19","slug":"minikitarra-taylor-swift-mgt-8938","status":"publish","type":"product","link":"https:\/\/nordicmart.andreevmaster.com\/fi\/tuote\/minikitarra-taylor-swift-mgt-8938\/","title":{"rendered":"Minikitarra \u2013 Taylor Swift \u2013 MGT-8938"},"content":{"rendered":"<p>Minikitarra &#8211; Taylor Swift &#8211; MGT-8938&nbsp;&nbsp;Minikitarra, joka on saanut inspiraationsa Taylor Swiftin, yhden nykyp\u00e4iv\u00e4n suosituimmista artisteista, omaleimaisesta tyylist\u00e4. Valmistettu mahonki puusta mittakaavassa 1:4. Vaalean puun v\u00e4ri ja laulajan estetiikkaa viittaavat graafiset elementit tekev\u00e4t siit\u00e4 ihanteellisen lahjan Taylor Swiftin faneille. Se sopii erinomaisesti teini-ik\u00e4isen huoneen tai kotistudion koristeeksi.&nbsp;&nbsp;Tuotetiedot:&nbsp;Mitat: korkeus 27,5 cm x leveys 9 cm x syvyys 0,8 cm Mittakaava: 1:4 Materiaali: mahonkijalusta mukana Kitara ei soi \u2013 se on koriste-esine Ker\u00e4ilykohde&nbsp;Ihanteellinen lahja:&nbsp;Taylor Swiftin faneille Mini-soittimien ker\u00e4ilij\u00f6ille&nbsp;<\/p>\n","protected":false},"excerpt":{"rendered":"<p>Minikitarra &#8211; Taylor Swift &#8211; MGT-8938&nbsp;&nbsp;Minikitarra, joka on saanut inspiraationsa Taylor Swiftin, yhden nykyp\u00e4iv\u00e4n suosituimmista artisteista, omaleimaisesta tyylist\u00e4. Valmistettu mahonki puusta mittakaavassa 1:4. Vaalean puun v\u00e4ri ja laulajan estetiikkaa viittaavat graafiset elementit tekev\u00e4t siit\u00e4 ihanteellisen lahjan Taylor Swiftin faneille. Se sopii erinomaisesti teini-ik\u00e4isen huoneen tai kotistudion koristeeksi.&nbsp;&nbsp;Tuotetiedot:&nbsp;Mitat: korkeus 27,5 cm x leveys 9 cm x [&hellip;]<\/p>\n","protected":false},"featured_media":44756,"comment_status":"open","ping_status":"closed","template":"","meta":[],"product_brand":[],"product_cat":[32],"product_tag":[],"class_list":{"0":"post-36476","1":"product","2":"type-product","3":"status-publish","4":"has-post-thumbnail","6":"product_cat-uncategorized-fi","8":"first","9":"instock","10":"shipping-taxable","11":"purchasable","12":"product-type-simple"},"_links":{"self":[{"href":"https:\/\/nordicmart.andreevmaster.com\/fi\/wp-json\/wp\/v2\/product\/36476","targetHints":{"allow":["GET"]}}],"collection":[{"href":"https:\/\/nordicmart.andreevmaster.com\/fi\/wp-json\/wp\/v2\/product"}],"about":[{"href":"https:\/\/nordicmart.andreevmaster.com\/fi\/wp-json\/wp\/v2\/types\/product"}],"replies":[{"embeddable":true,"href":"https:\/\/nordicmart.andreevmaster.com\/fi\/wp-json\/wp\/v2\/comments?post=36476"}],"wp:featuredmedia":[{"embeddable":true,"href":"https:\/\/nordicmart.andreevmaster.com\/fi\/wp-json\/wp\/v2\/media\/44756"}],"wp:attachment":[{"href":"https:\/\/nordicmart.andreevmaster.com\/fi\/wp-json\/wp\/v2\/media?parent=36476"}],"wp:term":[{"taxonomy":"product_brand","embeddable":true,"href":"https:\/\/nordicmart.andreevmaster.com\/fi\/wp-json\/wp\/v2\/product_brand?post=36476"},{"taxonomy":"product_cat","embeddable":true,"href":"https:\/\/nordicmart.andreevmaster.com\/fi\/wp-json\/wp\/v2\/product_cat?post=36476"},{"taxonomy":"product_tag","embeddable":true,"href":"https:\/\/nordicmart.andreevmaster.com\/fi\/wp-json\/wp\/v2\/product_tag?post=36476"}],"curies":[{"name":"wp","href":"https:\/\/api.w.org\/{rel}","templated":true}]}}