{"id":36475,"date":"2026-02-27T00:34:36","date_gmt":"2026-02-27T00:34:36","guid":{"rendered":"https:\/\/nordicmart.andreevmaster.com\/product\/metallicasta-inspiroitu-minikitar-james-hetfieldeld-mgt-8860\/"},"modified":"2026-02-27T09:52:19","modified_gmt":"2026-02-27T09:52:19","slug":"metallicasta-inspiroitu-minikitar-james-hetfieldeld-mgt-8860","status":"publish","type":"product","link":"https:\/\/nordicmart.andreevmaster.com\/fi\/tuote\/metallicasta-inspiroitu-minikitar-james-hetfieldeld-mgt-8860\/","title":{"rendered":"Metallicasta inspiroitu minikitar &#8211; James Hetfieldeld &#8211; MGT-8860"},"content":{"rendered":"<p>Metallica-yhtyeen James Hetfieldin inspiroima minikitarra &#8211; MGT-8860&nbsp;&nbsp;Metallica-yhtyeen keulahahmon James Hetfieldin tyylist\u00e4 inspiroitu minikitarra. Valmistettu mahonki-puusta mittakaavassa 1:4, korkealaatuinen ty\u00f6nj\u00e4lki. Se sopii erinomaisesti koristeeksi tai osaksi rock- ja metallimusiikkiteemaista kokoelmaa. &nbsp;Se on loistava idea omaper\u00e4iseksi lahjaksi Metallican, hard rockin ja heavy metalin faneille. Se on my\u00f6s sopiva lahjaidea kitaristeille ja musiikkialalla ty\u00f6skenteleville.&nbsp;&nbsp;&nbsp;Tuotetiedot:&nbsp;Mitat: korkeus 27,5 cm x leveys 9 cm x syvyys 0,8 cm Mittakaava: 1:4 Materiaali: mahonkijalusta mukana Kitaraa ei voi soittaa \u2013 se on koriste-esine Ker\u00e4ilykohde<\/p>\n","protected":false},"excerpt":{"rendered":"<p>Metallica-yhtyeen James Hetfieldin inspiroima minikitarra &#8211; MGT-8860&nbsp;&nbsp;Metallica-yhtyeen keulahahmon James Hetfieldin tyylist\u00e4 inspiroitu minikitarra. Valmistettu mahonki-puusta mittakaavassa 1:4, korkealaatuinen ty\u00f6nj\u00e4lki. Se sopii erinomaisesti koristeeksi tai osaksi rock- ja metallimusiikkiteemaista kokoelmaa. &nbsp;Se on loistava idea omaper\u00e4iseksi lahjaksi Metallican, hard rockin ja heavy metalin faneille. Se on my\u00f6s sopiva lahjaidea kitaristeille ja musiikkialalla ty\u00f6skenteleville.&nbsp;&nbsp;&nbsp;Tuotetiedot:&nbsp;Mitat: korkeus 27,5 cm x [&hellip;]<\/p>\n","protected":false},"featured_media":44755,"comment_status":"open","ping_status":"closed","template":"","meta":[],"product_brand":[],"product_cat":[32],"product_tag":[],"class_list":{"0":"post-36475","1":"product","2":"type-product","3":"status-publish","4":"has-post-thumbnail","6":"product_cat-uncategorized-fi","8":"first","9":"instock","10":"shipping-taxable","11":"purchasable","12":"product-type-simple"},"_links":{"self":[{"href":"https:\/\/nordicmart.andreevmaster.com\/fi\/wp-json\/wp\/v2\/product\/36475","targetHints":{"allow":["GET"]}}],"collection":[{"href":"https:\/\/nordicmart.andreevmaster.com\/fi\/wp-json\/wp\/v2\/product"}],"about":[{"href":"https:\/\/nordicmart.andreevmaster.com\/fi\/wp-json\/wp\/v2\/types\/product"}],"replies":[{"embeddable":true,"href":"https:\/\/nordicmart.andreevmaster.com\/fi\/wp-json\/wp\/v2\/comments?post=36475"}],"wp:featuredmedia":[{"embeddable":true,"href":"https:\/\/nordicmart.andreevmaster.com\/fi\/wp-json\/wp\/v2\/media\/44755"}],"wp:attachment":[{"href":"https:\/\/nordicmart.andreevmaster.com\/fi\/wp-json\/wp\/v2\/media?parent=36475"}],"wp:term":[{"taxonomy":"product_brand","embeddable":true,"href":"https:\/\/nordicmart.andreevmaster.com\/fi\/wp-json\/wp\/v2\/product_brand?post=36475"},{"taxonomy":"product_cat","embeddable":true,"href":"https:\/\/nordicmart.andreevmaster.com\/fi\/wp-json\/wp\/v2\/product_cat?post=36475"},{"taxonomy":"product_tag","embeddable":true,"href":"https:\/\/nordicmart.andreevmaster.com\/fi\/wp-json\/wp\/v2\/product_tag?post=36475"}],"curies":[{"name":"wp","href":"https:\/\/api.w.org\/{rel}","templated":true}]}}